{"id":18396,"date":"2024-09-06T15:04:40","date_gmt":"2024-09-06T13:04:40","guid":{"rendered":"https:\/\/egyptfootballshop.com\/?page_id=18396"},"modified":"2024-09-06T15:54:28","modified_gmt":"2024-09-06T13:54:28","slug":"methodes-de-paiement","status":"publish","type":"page","link":"https:\/\/egyptfootballshop.com\/ar\/methodes-de-paiement\/","title":{"rendered":"\u0637\u0631\u0642 \u0627\u0644\u062f\u0641\u0639"},"content":{"rendered":"<h2 class=\"wp-block-heading has-text-align-center has-xx-large-font-size\"><span style=\"color: var(--theme-palette-color-1, #A62F26);\" class=\"stk-highlight\">\u0627\u0644\u0623\u0633\u0627\u0644\u064a\u0628 <\/span><br><span style=\"color: var(--theme-palette-color-1, #A62F26);\" class=\"stk-highlight\">\u0645\u0646 \u0627\u0644\u0645\u062f\u0641\u0648\u0639\u0627\u062a<\/span><\/h2>\n\n\n\n<div class=\"wp-block-stackable-spacer stk-block-spacer stk--no-padding stk-block stk-9a7e76c\" data-block-id=\"9a7e76c\"><style>@media screen and (max-width:689px){.stk-9a7e76c{height:37px !important}}<\/style><\/div>\n\n\n\n<div class=\"wp-block-stackable-columns stk-block-columns stk-block stk-a4fddb1\" data-block-id=\"a4fddb1\"><div class=\"stk-row stk-inner-blocks stk-block-content stk-content-align stk-a4fddb1-column\">\n<div class=\"wp-block-stackable-column stk-block-column stk-column stk-block stk-6de3866\" data-v=\"4\" data-block-id=\"6de3866\"><style>.stk-6de3866{box-shadow:none !important}.stk-6de3866:hover{box-shadow:0px 70px 90px -20px rgba(72,73,121,0.30) !important}<\/style><div class=\"stk-column-wrapper stk-block-column__content stk-container stk-6de3866-container stk--no-background stk--no-padding\"><div class=\"stk-block-content stk-inner-blocks stk-6de3866-inner-blocks\">\n<div class=\"wp-block-stackable-icon stk-block-icon has-text-align-center stk-block stk-fe55c9f\" data-block-id=\"fe55c9f\"><style>.stk-fe55c9f{margin-bottom:27px !important}<\/style><span class=\"stk--svg-wrapper\"><div class=\"stk--inner-svg\"><svg style=\"height:0;width:0\"><defs><lineargradient id=\"linear-gradient-fe55c9f\" x1=\"0\" x2=\"100%\" y1=\"0\" y2=\"0\"><stop offset=\"0%\" style=\"stop-opacity:1;stop-color:var(--linear-gradient-fe-55-c-9-f-color-1)\"><\/stop><stop offset=\"100%\" style=\"stop-opacity:1;stop-color:var(--linear-gradient-fe-55-c-9-f-color-2)\"><\/stop><\/lineargradient><\/defs><\/svg><svg xmlns=\"http:\/\/www.w3.org\/2000\/svg\" viewbox=\"0 0 576 512\" aria-hidden=\"true\" width=\"32\" height=\"32\"><path d=\"M492.4 220.8c-8.9 0-18.7 6.7-18.7 22.7h36.7c0-16-9.3-22.7-18-22.7zM375 223.4c-8.2 0-13.3 2.9-17 7l.2 52.8c3.5 3.7 8.5 6.7 16.8 6.7 13.1 0 21.9-14.3 21.9-33.4 0-18.6-9-33.2-21.9-33.1zM528 32H48C21.5 32 0 53.5 0 80v352c0 26.5 21.5 48 48 48h480c26.5 0 48-21.5 48-48V80c0-26.5-21.5-48-48-48zM122.2 281.1c0 25.6-20.3 40.1-49.9 40.3-12.2 0-25.6-2.4-38.8-8.1v-33.9c12 6.4 27.1 11.3 38.9 11.3 7.9 0 13.6-2.1 13.6-8.7 0-17-54-10.6-54-49.9 0-25.2 19.2-40.2 48-40.2 11.8 0 23.5 1.8 35.3 6.5v33.4c-10.8-5.8-24.5-9.1-35.3-9.1-7.5 0-12.1 2.2-12.1 7.7 0 16 54.3 8.4 54.3 50.7zm68.8-56.6h-27V275c0 20.9 22.5 14.4 27 12.6v28.9c-4.7 2.6-13.3 4.7-24.9 4.7-21.1 0-36.9-15.5-36.9-36.5l.2-113.9 34.7-7.4v30.8H191zm74 2.4c-4.5-1.5-18.7-3.6-27.1 7.4v84.4h-35.5V194.2h30.7l2.2 10.5c8.3-15.3 24.9-12.2 29.6-10.5h.1zm44.1 91.8h-35.7V194.2h35.7zm0-142.9l-35.7 7.6v-28.9l35.7-7.6zm74.1 145.5c-12.4 0-20-5.3-25.1-9l-.1 40.2-35.5 7.5V194.2h31.3l1.8 8.8c4.9-4.5 13.9-11.1 27.8-11.1 24.9 0 48.4 22.5 48.4 63.8 0 45.1-23.2 65.5-48.6 65.6zm160.4-51.5h-69.5c1.6 16.6 13.8 21.5 27.6 21.5 14.1 0 25.2-3 34.9-7.9V312c-9.7 5.3-22.4 9.2-39.4 9.2-34.6 0-58.8-21.7-58.8-64.5 0-36.2 20.5-64.9 54.3-64.9 33.7 0 51.3 28.7 51.3 65.1 0 3.5-.3 10.9-.4 12.9z\"><\/path><\/svg><\/div><\/span><\/div>\n\n\n\n<h2 class=\"wp-block-heading has-text-align-center has-large-font-size\"><span style=\"color: var(--theme-palette-color-1, #A62F26);\" class=\"stk-highlight\">\u0627\u0644\u0628\u0637\u0627\u0642\u0629 \u0627\u0644\u0628\u0646\u0643\u064a\u0629<\/span><\/h2>\n\n\n\n<p class=\"has-text-align-center\">\u0645\u0639 \u0645\u0646\u0635\u0629 Stripe \u0644\u0645\u0639\u0627\u0644\u062c\u0629 \u0627\u0644\u0645\u062f\u0641\u0648\u0639\u0627\u062a\u060c \u064a\u0645\u0643\u0646\u0643 \u0634\u0631\u0627\u0621 \u0645\u0646\u062a\u062c\u0627\u062a\u0643 \u0627\u0644\u0645\u0641\u0636\u0644\u0629 \u0628\u0623\u0645\u0627\u0646 \u062a\u0627\u0645.<br><\/p>\n<\/div><\/div><\/div>\n\n\n\n<div class=\"wp-block-stackable-column stk-block-column stk-column stk-block stk-bda28ec\" data-v=\"4\" data-block-id=\"bda28ec\"><style>.stk-bda28ec{box-shadow:none !important}.stk-bda28ec:hover{box-shadow:0px 70px 90px -20px rgba(72,73,121,0.30) !important}<\/style><div class=\"stk-column-wrapper stk-block-column__content stk-container stk-bda28ec-container stk--no-background stk--no-padding\"><div class=\"stk-block-content stk-inner-blocks stk-bda28ec-inner-blocks\">\n<div class=\"wp-block-stackable-icon stk-block-icon has-text-align-center stk-block stk-fd16a27\" data-block-id=\"fd16a27\"><style>.stk-fd16a27{margin-bottom:27px !important}<\/style><span class=\"stk--svg-wrapper\"><div class=\"stk--inner-svg\"><svg style=\"height:0;width:0\"><defs><lineargradient id=\"linear-gradient-fd16a27\" x1=\"0\" x2=\"100%\" y1=\"0\" y2=\"0\"><stop offset=\"0%\" style=\"stop-opacity:1;stop-color:var(--linear-gradient-fd-16-a-27-color-1)\"><\/stop><stop offset=\"100%\" style=\"stop-opacity:1;stop-color:var(--linear-gradient-fd-16-a-27-color-2)\"><\/stop><\/lineargradient><\/defs><\/svg><svg xmlns=\"http:\/\/www.w3.org\/2000\/svg\" viewbox=\"0 0 384 512\" aria-hidden=\"true\" width=\"32\" height=\"32\"><path d=\"M111.4 295.9c-3.5 19.2-17.4 108.7-21.5 134-.3 1.8-1 2.5-3 2.5H12.3c-7.6 0-13.1-6.6-12.1-13.9L58.8 46.6c1.5-9.6 10.1-16.9 20-16.9 152.3 0 165.1-3.7 204 11.4 60.1 23.3 65.6 79.5 44 140.3-21.5 62.6-72.5 89.5-140.1 90.3-43.4.7-69.5-7-75.3 24.2zM357.1 152c-1.8-1.3-2.5-1.8-3 1.3-2 11.4-5.1 22.5-8.8 33.6-39.9 113.8-150.5 103.9-204.5 103.9-6.1 0-10.1 3.3-10.9 9.4-22.6 140.4-27.1 169.7-27.1 169.7-1 7.1 3.5 12.9 10.6 12.9h63.5c8.6 0 15.7-6.3 17.4-14.9.7-5.4-1.1 6.1 14.4-91.3 4.6-22 14.3-19.7 29.3-19.7 71 0 126.4-28.8 142.9-112.3 6.5-34.8 4.6-71.4-23.8-92.6z\"><\/path><\/svg><\/div><\/span><\/div>\n\n\n\n<h2 class=\"wp-block-heading has-text-align-center has-large-font-size\"><span style=\"color: var(--theme-palette-color-1, #A62F26);\" class=\"stk-highlight\">\u0628\u0627\u064a \u0628\u0627\u0644<\/span><\/h2>\n\n\n\n<p class=\"has-text-align-center\">\u0627\u062f\u0641\u0639 \u062b\u0645\u0646 \u0645\u0634\u062a\u0631\u064a\u0627\u062a\u0643 \u062f\u0648\u0646 \u0625\u062f\u062e\u0627\u0644 \u0628\u064a\u0627\u0646\u0627\u062a\u0643 \u0627\u0644\u0645\u0635\u0631\u0641\u064a\u0629. \u0645\u0639 \u0623\u0648 \u0628\u062f\u0648\u0646 \u062d\u0633\u0627\u0628 Paypal.<\/p>\n<\/div><\/div><\/div>\n\n\n\n<div class=\"wp-block-stackable-column stk-block-column stk-column stk-block stk-fb46609\" data-v=\"4\" data-block-id=\"fb46609\"><style>.stk-fb46609{box-shadow:none !important}.stk-fb46609:hover{box-shadow:0px 70px 90px -20px rgba(72,73,121,0.30) !important}<\/style><div class=\"stk-column-wrapper stk-block-column__content stk-container stk-fb46609-container stk--no-background stk--no-padding\"><div class=\"stk-block-content stk-inner-blocks stk-fb46609-inner-blocks\">\n<div class=\"wp-block-stackable-icon stk-block-icon has-text-align-center stk-block stk-b04a962\" data-block-id=\"b04a962\"><style>.stk-b04a962{margin-bottom:27px !important}<\/style><span class=\"stk--svg-wrapper\"><div class=\"stk--inner-svg\"><svg style=\"height:0;width:0\"><defs><lineargradient id=\"linear-gradient-b04a962\" x1=\"0\" x2=\"100%\" y1=\"0\" y2=\"0\"><stop offset=\"0%\" style=\"stop-opacity:1;stop-color:var(--linear-gradient-b-04-a-962-color-1)\"><\/stop><stop offset=\"100%\" style=\"stop-opacity:1;stop-color:var(--linear-gradient-b-04-a-962-color-2)\"><\/stop><\/lineargradient><\/defs><\/svg><svg xmlns=\"http:\/\/www.w3.org\/2000\/svg\" viewbox=\"0 0 576 512\" aria-hidden=\"true\" width=\"32\" height=\"32\"><path d=\"M302.2 218.4c0 17.2-10.5 27.1-29 27.1h-24.3v-54.2h24.4c18.4 0 28.9 9.8 28.9 27.1zm47.5 62.6c0 8.3 7.2 13.7 18.5 13.7 14.4 0 25.2-9.1 25.2-21.9v-7.7l-23.5 1.5c-13.3.9-20.2 5.8-20.2 14.4zM576 79v352c0 26.5-21.5 48-48 48H48c-26.5 0-48-21.5-48-48V79c0-26.5 21.5-48 48-48h480c26.5 0 48 21.5 48 48zM127.8 197.2c8.4.7 16.8-4.2 22.1-10.4 5.2-6.4 8.6-15 7.7-23.7-7.4.3-16.6 4.9-21.9 11.3-4.8 5.5-8.9 14.4-7.9 22.8zm60.6 74.5c-.2-.2-19.6-7.6-19.8-30-.2-18.7 15.3-27.7 16-28.2-8.8-13-22.4-14.4-27.1-14.7-12.2-.7-22.6 6.9-28.4 6.9-5.9 0-14.7-6.6-24.3-6.4-12.5.2-24.2 7.3-30.5 18.6-13.1 22.6-3.4 56 9.3 74.4 6.2 9.1 13.7 19.1 23.5 18.7 9.3-.4 13-6 24.2-6 11.3 0 14.5 6 24.3 5.9 10.2-.2 16.5-9.1 22.8-18.2 6.9-10.4 9.8-20.4 10-21zm135.4-53.4c0-26.6-18.5-44.8-44.9-44.8h-51.2v136.4h21.2v-46.6h29.3c26.8 0 45.6-18.4 45.6-45zm90 23.7c0-19.7-15.8-32.4-40-32.4-22.5 0-39.1 12.9-39.7 30.5h19.1c1.6-8.4 9.4-13.9 20-13.9 13 0 20.2 6 20.2 17.2v7.5l-26.4 1.6c-24.6 1.5-37.9 11.6-37.9 29.1 0 17.7 13.7 29.4 33.4 29.4 13.3 0 25.6-6.7 31.2-17.4h.4V310h19.6v-68zM516 210.9h-21.5l-24.9 80.6h-.4l-24.9-80.6H422l35.9 99.3-1.9 6c-3.2 10.2-8.5 14.2-17.9 14.2-1.7 0-4.9-.2-6.2-.3v16.4c1.2.4 6.5.5 8.1.5 20.7 0 30.4-7.9 38.9-31.8L516 210.9z\"><\/path><\/svg><\/div><\/span><\/div>\n\n\n\n<h2 class=\"wp-block-heading has-text-align-center has-large-font-size\"><span style=\"color: var(--theme-palette-color-1, #A62F26);\" class=\"stk-highlight\">APPLE PAY<\/span><\/h2>\n\n\n\n<p class=\"has-text-align-center\">\u0633\u0631\u064a\u0639 \u0648\u0641\u0639\u0627\u0644\u060c \u0645\u0639 \u062e\u062f\u0645\u0629 Apple Pay\u060c \u064a\u0645\u0643\u0646\u0643 \u0627\u0644\u062f\u0641\u0639 \u0645\u0642\u0627\u0628\u0644 \u0645\u0634\u062a\u0631\u064a\u0627\u062a\u0643 \u0628\u0643\u0644 \u0628\u0633\u0627\u0637\u0629 \u0648\u0623\u0645\u0627\u0646 \u0648\u0633\u0631\u064a\u0629.<\/p>\n<\/div><\/div><\/div>\n<\/div><\/div>\n\n\n\n<div class=\"wp-block-stackable-columns stk-block-columns stk-block stk-5ea69df\" data-block-id=\"5ea69df\"><div class=\"stk-row stk-inner-blocks stk-block-content stk-content-align stk-5ea69df-column\">\n<div class=\"wp-block-stackable-column stk-block-column stk-column stk-block stk-6ecfddd\" data-v=\"4\" data-block-id=\"6ecfddd\"><style>.stk-6ecfddd:hover{box-shadow:0px 70px 90px -20px rgba(72,73,121,0.30) !important}<\/style><div class=\"stk-column-wrapper stk-block-column__content stk-container stk-6ecfddd-container stk--no-background stk--no-padding\"><div class=\"stk-block-content stk-inner-blocks stk-6ecfddd-inner-blocks\">\n<div class=\"wp-block-stackable-icon stk-block-icon has-text-align-center stk-block stk-3e11bff\" data-block-id=\"3e11bff\"><style>.stk-3e11bff{margin-bottom:27px !important}<\/style><span class=\"stk--svg-wrapper\"><div class=\"stk--inner-svg\"><svg style=\"height:0;width:0\"><defs><lineargradient id=\"linear-gradient-3e11bff\" x1=\"0\" x2=\"100%\" y1=\"0\" y2=\"0\"><stop offset=\"0%\" style=\"stop-opacity:1;stop-color:var(--linear-gradient-3-e-11-bff-color-1)\"><\/stop><stop offset=\"100%\" style=\"stop-opacity:1;stop-color:var(--linear-gradient-3-e-11-bff-color-2)\"><\/stop><\/lineargradient><\/defs><\/svg><svg xmlns=\"http:\/\/www.w3.org\/2000\/svg\" viewbox=\"0 0 640 512\" aria-hidden=\"true\" width=\"32\" height=\"32\"><path d=\"M105.72,215v41.25h57.1a49.66,49.66,0,0,1-21.14,32.6c-9.54,6.55-21.72,10.28-36,10.28-27.6,0-50.93-18.91-59.3-44.22a65.61,65.61,0,0,1,0-41l0,0c8.37-25.46,31.7-44.37,59.3-44.37a56.43,56.43,0,0,1,40.51,16.08L176.47,155a101.24,101.24,0,0,0-70.75-27.84,105.55,105.55,0,0,0-94.38,59.11,107.64,107.64,0,0,0,0,96.18v.15a105.41,105.41,0,0,0,94.38,59c28.47,0,52.55-9.53,70-25.91,20-18.61,31.41-46.15,31.41-78.91A133.76,133.76,0,0,0,205.38,215Zm389.41-4c-10.13-9.38-23.93-14.14-41.39-14.14-22.46,0-39.34,8.34-50.5,24.86l20.85,13.26q11.45-17,31.26-17a34.05,34.05,0,0,1,22.75,8.79A28.14,28.14,0,0,1,487.79,248v5.51c-9.1-5.07-20.55-7.75-34.64-7.75-16.44,0-29.65,3.88-39.49,11.77s-14.82,18.31-14.82,31.56a39.74,39.74,0,0,0,13.94,31.27c9.25,8.34,21,12.51,34.79,12.51,16.29,0,29.21-7.3,39-21.89h1v17.72h22.61V250C510.25,233.45,505.26,220.34,495.13,211ZM475.9,300.3a37.32,37.32,0,0,1-26.57,11.16A28.61,28.61,0,0,1,431,305.21a19.41,19.41,0,0,1-7.77-15.63c0-7,3.22-12.81,9.54-17.42s14.53-7,24.07-7C470,265,480.3,268,487.64,273.94,487.64,284.07,483.68,292.85,475.9,300.3Zm-93.65-142A55.71,55.71,0,0,0,341.74,142H279.07V328.74H302.7V253.1h39c16,0,29.5-5.36,40.51-15.93.88-.89,1.76-1.79,2.65-2.68A54.45,54.45,0,0,0,382.25,158.26Zm-16.58,62.23a30.65,30.65,0,0,1-23.34,9.68H302.7V165h39.63a32,32,0,0,1,22.6,9.23A33.18,33.18,0,0,1,365.67,220.49ZM614.31,201,577.77,292.7h-.45L539.9,201H514.21L566,320.55l-29.35,64.32H561L640,201Z\"><\/path><\/svg><\/div><\/span><\/div>\n\n\n\n<h2 class=\"wp-block-heading has-text-align-center has-large-font-size\"><span style=\"color: var(--theme-palette-color-1, #A62F26);\" class=\"stk-highlight\">\u0645\u062f\u0641\u0648\u0639\u0627\u062a \u062c\u0648\u062c\u0644<\/span><\/h2>\n\n\n\n<p class=\"has-text-align-center\">\u064a\u0642\u062f\u0645 \u0644\u0643 Google Pay \u0637\u0631\u064a\u0642\u0629 \u0633\u0631\u064a\u0639\u0629 \u0648\u0633\u0647\u0644\u0629 \u0644\u0644\u062f\u0641\u0639 \u0645\u0642\u0627\u0628\u0644 \u0645\u0634\u062a\u0631\u064a\u0627\u062a\u0643 \u0639\u0644\u0649 \u0645\u062a\u062c\u0631 Google Footballshop \u0627\u0644\u0645\u0635\u0631\u064a.<\/p>\n<\/div><\/div><\/div>\n\n\n\n<div class=\"wp-block-stackable-column stk-block-column stk-column stk-block stk-7bb61c0\" data-v=\"4\" data-block-id=\"7bb61c0\"><style>.stk-7bb61c0:hover{box-shadow:0px 70px 90px -20px rgba(72,73,121,0.30) !important}<\/style><div class=\"stk-column-wrapper stk-block-column__content stk-container stk-7bb61c0-container stk--no-background stk--no-padding\"><div class=\"stk-block-content stk-inner-blocks stk-7bb61c0-inner-blocks\">\n<div class=\"wp-block-stackable-icon stk-block-icon has-text-align-center stk-block stk-aafa653\" data-block-id=\"aafa653\"><style>.stk-aafa653{margin-bottom:27px !important}<\/style><span class=\"stk--svg-wrapper\"><div class=\"stk--inner-svg\"><svg style=\"height:0;width:0\"><defs><lineargradient id=\"linear-gradient-aafa653\" x1=\"0\" x2=\"100%\" y1=\"0\" y2=\"0\"><stop offset=\"0%\" style=\"stop-opacity:1;stop-color:var(--linear-gradient-aafa-653-color-1)\"><\/stop><stop offset=\"100%\" style=\"stop-opacity:1;stop-color:var(--linear-gradient-aafa-653-color-2)\"><\/stop><\/lineargradient><\/defs><\/svg><svg xmlns=\"http:\/\/www.w3.org\/2000\/svg\" viewbox=\"0 0 576 512\" aria-hidden=\"true\" width=\"32\" height=\"32\"><path d=\"M0 112.5V422.3c0 18 10.1 35 27 41.3c87 32.5 174 10.3 261-11.9c79.8-20.3 159.6-40.7 239.3-18.9c23 6.3 48.7-9.5 48.7-33.4V89.7c0-18-10.1-35-27-41.3C462 15.9 375 38.1 288 60.3C208.2 80.6 128.4 100.9 48.7 79.1C25.6 72.8 0 88.6 0 112.5zM288 352c-44.2 0-80-43-80-96s35.8-96 80-96s80 43 80 96s-35.8 96-80 96zM64 352c35.3 0 64 28.7 64 64H64V352zm64-208c0 35.3-28.7 64-64 64V144h64zM512 304v64H448c0-35.3 28.7-64 64-64zM448 96h64v64c-35.3 0-64-28.7-64-64z\"><\/path><\/svg><\/div><\/span><\/div>\n\n\n\n<h2 class=\"wp-block-heading has-text-align-center has-large-font-size\"><span style=\"color: var(--theme-palette-color-1, #A62F26);\" class=\"stk-highlight\">\u0627\u0644\u062f\u0641\u0639 \u0646\u0642\u062f\u0627\u064b<\/span><\/h2>\n\n\n\n<p class=\"has-text-align-center\">\u0628\u0627\u0644\u0646\u0633\u0628\u0629 \u0644\u0639\u0645\u0644\u064a\u0627\u062a \u0627\u0644\u062a\u0633\u0644\u064a\u0645 \u0628\u0627\u0644\u064a\u062f\u060c \u0641\u0625\u0646 \u0637\u0631\u064a\u0642\u0629 \u0627\u0644\u062f\u0641\u0639 \u0627\u0644\u0645\u0642\u062a\u0631\u062d\u0629 \u0647\u064a \u0627\u0644\u062f\u0641\u0639 \u0646\u0642\u062f\u0627\u064b.<\/p>\n<\/div><\/div><\/div>\n<\/div><\/div>","protected":false},"excerpt":{"rendered":"<p>M\u00e9thodes de paiement CARTE BANCAIRE Gr\u00e2ce \u00e0 la plateforme de traitement des paiements Stripe, proc\u00e9dez \u00e0 l\u2019achat de vos produits pr\u00e9f\u00e9r\u00e9s en toute s\u00e9curit\u00e9. PAYPAL Payez vos achats sans saisir vos coordonn\u00e9es bancaires. Et ce avec ou sans disposer de compte Paypal. APPLE PAY Rapide et efficace, avec Apple Pay, r\u00e9glez vos achats de fa\u00e7on [&hellip;]<\/p>\n","protected":false},"author":1,"featured_media":0,"parent":0,"menu_order":0,"comment_status":"closed","ping_status":"closed","template":"","meta":{"footnotes":""},"class_list":["post-18396","page","type-page","status-publish","hentry"],"blocksy_meta":[],"_links":{"self":[{"href":"https:\/\/egyptfootballshop.com\/ar\/wp-json\/wp\/v2\/pages\/18396","targetHints":{"allow":["GET"]}}],"collection":[{"href":"https:\/\/egyptfootballshop.com\/ar\/wp-json\/wp\/v2\/pages"}],"about":[{"href":"https:\/\/egyptfootballshop.com\/ar\/wp-json\/wp\/v2\/types\/page"}],"author":[{"embeddable":true,"href":"https:\/\/egyptfootballshop.com\/ar\/wp-json\/wp\/v2\/users\/1"}],"replies":[{"embeddable":true,"href":"https:\/\/egyptfootballshop.com\/ar\/wp-json\/wp\/v2\/comments?post=18396"}],"version-history":[{"count":0,"href":"https:\/\/egyptfootballshop.com\/ar\/wp-json\/wp\/v2\/pages\/18396\/revisions"}],"wp:attachment":[{"href":"https:\/\/egyptfootballshop.com\/ar\/wp-json\/wp\/v2\/media?parent=18396"}],"curies":[{"name":"wp","href":"https:\/\/api.w.org\/{rel}","templated":true}]}}