{"id":14446,"date":"2022-03-27T19:50:05","date_gmt":"2022-03-27T17:50:05","guid":{"rendered":"https:\/\/egyptfootballshop.com\/?post_type=product&#038;p=14446"},"modified":"2026-03-26T00:00:22","modified_gmt":"2026-03-25T23:00:22","slug":"body-bebe-rose-egypte","status":"publish","type":"product","link":"https:\/\/egyptfootballshop.com\/ar\/shop\/bf20\/body-bebe-rose-egypte\/","title":{"rendered":"\u0628\u0648\u062f\u064a \u0633\u0648\u062a \u0623\u0637\u0641\u0627\u0644 \u0648\u0631\u062f\u064a \u0627\u0644\u0644\u0648\u0646 \u0648\u0631\u062f\u064a \u0645\u0635\u0631"},"content":{"rendered":"","protected":false},"excerpt":{"rendered":"<p>\u0645\u0646 \u0633\u064a\u062d\u0644 \u0645\u062d\u0644 \u0645\u062d\u0645\u062f \u0635\u0644\u0627\u062d \u0625\u0630\u0627 \u0644\u0645 \u062a\u0639\u0631\u0651\u0641\u0647 \u0628\u062d\u0628 \u0623\u0643\u062b\u0631 \u0627\u0644\u0645\u0646\u062a\u062e\u0628\u0627\u062a \u0627\u0644\u0623\u0641\u0631\u064a\u0642\u064a\u0629 \u0646\u062c\u0627\u062d\u064b\u0627 \u0645\u0646\u0630 \u0627\u0644\u0628\u062f\u0627\u064a\u0629\u061f \u0647\u0630\u0647 \u0627\u0644\u0628\u062f\u0644\u0629 \u0628\u0623\u0643\u0645\u0627\u0645 \u0637\u0648\u064a\u0644\u0629 \u0645\u0646 \u0627\u0644\u0642\u0637\u0646 \u0627\u0644\u0639\u0636\u0648\u064a 100% \u0633\u062a\u0643\u0648\u0646 \u0627\u0644\u062e\u0637\u0648\u0629 \u0627\u0644\u0623\u0648\u0644\u0649 \u0641\u064a \u0645\u0633\u064a\u0631\u0629 \u0646\u062c\u0645\u0643 \u0627\u0644\u0645\u0633\u062a\u0642\u0628\u0644\u064a!<br \/>\n\u0645\u0646 \u0627\u0644\u0633\u0647\u0644 \u0627\u0631\u062a\u062f\u0627\u0624\u0647 \u0628\u0641\u0636\u0644 3 \u0623\u0632\u0631\u0627\u0631 \u0636\u0627\u063a\u0637\u0629 \u0639\u0646\u062f \u0645\u0646\u0637\u0642\u0629 \u0645\u0627 \u0628\u064a\u0646 \u0627\u0644\u0633\u0627\u0642\u064a\u0646 \u0648\u0627\u0644\u0631\u0642\u0628\u0629 \u0627\u0644\u0639\u0631\u064a\u0636\u0629.<br \/>\nPersonnalisez le selon vos envies en y ajoutant le nom ainsi que le num\u00e9ro de votre choix, et puis qui sait, peut-\u00eatre que dans quelques ann\u00e9es, \u00e7a sera les autres qui floqueront le nom de votre baby sur leur maillot !<\/p>\n<p>\u0627\u0628\u062a\u0643\u0627\u0631 \u0622\u062e\u0631 \u0645\u0646 EFS \u0644\u0646 \u062a\u062c\u062f\u0647 \u0641\u064a \u0623\u064a \u0645\u0643\u0627\u0646 \u0622\u062e\u0631!<\/p>\n<p><strong>\u0645\u0646\u062a\u062c \u063a\u064a\u0631 \u0631\u0633\u0645\u064a<\/strong><\/p>\n<p><strong>\u0627\u0644\u0645\u064a\u0632\u0627\u062a \u0648\u0627\u0644\u0641\u0648\u0627\u0626\u062f :<\/strong><\/p>\n<ul>\n<li>\u0627\u0644\u062e\u0627\u0645\u0629 : 100% \u0642\u0637\u0646 \u0639\u0636\u0648\u064a<\/li>\n<li>\u0623\u0643\u0645\u0627\u0645 \u0637\u0648\u064a\u0644\u0629<\/li>\n<\/ul>\n<p><strong>\u062a\u0639\u0644\u064a\u0645\u0627\u062a \u0627\u0644\u0635\u064a\u0627\u0646\u0629 :<\/strong><\/p>\n<ul>\n<li>\u0644\u0627 \u062a\u062c\u0641\u0641 \u0641\u064a \u0627\u0644\u0645\u062c\u0641\u0641<\/li>\n<li>\u0627\u0644\u062d\u062f\u064a\u062f \u0645\u0646 \u0627\u0644\u062f\u0627\u062e\u0644 \u0648\u0627\u0644\u062e\u0627\u0631\u062c.<\/li>\n<li>\u0642\u0627\u0628\u0644 \u0644\u0644\u063a\u0633\u0644 \u0641\u064a \u0627\u0644\u063a\u0633\u0627\u0644\u0629 \u0639\u0644\u0649 \u062f\u0631\u062c\u0629 \u062d\u0631\u0627\u0631\u0629 30 \u062f\u0631\u062c\u0629 \u0645\u0626\u0648\u064a\u0629\u060c \u0628\u0623\u0644\u0648\u0627\u0646 \u0645\u062a\u0634\u0627\u0628\u0647\u0629.<\/li>\n<li style=\"list-style-type: none;\"><\/li>\n<\/ul>","protected":false},"featured_media":22363,"template":"","meta":[],"product_brand":[],"product_cat":[724,604,141],"product_tag":[377,564],"class_list":{"0":"post-14446","1":"product","2":"type-product","3":"status-publish","4":"has-post-thumbnail","6":"product_cat-bf20","7":"product_cat-bebe-enfants-junior","8":"product_cat-by-efs","9":"product_tag-efs","10":"product_tag-enfants","12":"first","13":"instock","14":"shipping-taxable","15":"purchasable","16":"product-type-variable"},"exclude_global_add_ons":false,"addons":[{"name":"\u0627\u0644\u062a\u062f\u0641\u0642","type":"custom_text","position":0,"required":false,"title_format":"label","default":"","description_enable":false,"description":"","placeholder_enable":false,"placeholder":"","display":"select","restrictions_type":"any_text","adjust_price":true,"price":"1","price_type":"flat_fee","restrictions":true,"min":"0","max":"12","options":[],"id":1762803977},{"name":"\u0627\u0644\u0639\u062f\u062f","type":"custom_text","position":1,"required":false,"title_format":"label","default":"","description_enable":false,"description":"","placeholder_enable":false,"placeholder":"","display":"select","restrictions_type":"any_text","adjust_price":true,"price":"1","price_type":"flat_fee","restrictions":true,"min":"0","max":"2","options":[],"id":1762803978},{"name":"Flocage (nom et num\u00e9ro)","type":"custom_text","position":0,"required":false,"title_format":"heading","default":"","description_enable":false,"description":"","placeholder_enable":false,"placeholder":"","display":"select","restrictions_type":"any_text","adjust_price":true,"price":"10","price_type":"flat_fee","restrictions":true,"min":"0","max":"12","options":[]},{"name":"Personnalisation","type":"custom_text","position":1,"required":false,"title_format":"heading","default":"","description_enable":false,"description":"","placeholder_enable":false,"placeholder":"","display":"select","restrictions_type":"any_text","adjust_price":true,"price":"2","price_type":"flat_fee","restrictions":true,"min":"0","max":"2","options":[]}],"_links":{"self":[{"href":"https:\/\/egyptfootballshop.com\/ar\/wp-json\/wp\/v2\/product\/14446","targetHints":{"allow":["GET"]}}],"collection":[{"href":"https:\/\/egyptfootballshop.com\/ar\/wp-json\/wp\/v2\/product"}],"about":[{"href":"https:\/\/egyptfootballshop.com\/ar\/wp-json\/wp\/v2\/types\/product"}],"wp:featuredmedia":[{"embeddable":true,"href":"https:\/\/egyptfootballshop.com\/ar\/wp-json\/wp\/v2\/media\/22363"}],"wp:attachment":[{"href":"https:\/\/egyptfootballshop.com\/ar\/wp-json\/wp\/v2\/media?parent=14446"}],"wp:term":[{"taxonomy":"product_brand","embeddable":true,"href":"https:\/\/egyptfootballshop.com\/ar\/wp-json\/wp\/v2\/product_brand?post=14446"},{"taxonomy":"product_cat","embeddable":true,"href":"https:\/\/egyptfootballshop.com\/ar\/wp-json\/wp\/v2\/product_cat?post=14446"},{"taxonomy":"product_tag","embeddable":true,"href":"https:\/\/egyptfootballshop.com\/ar\/wp-json\/wp\/v2\/product_tag?post=14446"}],"curies":[{"name":"wp","href":"https:\/\/api.w.org\/{rel}","templated":true}]}}