{"id":20987,"date":"2025-05-08T17:42:31","date_gmt":"2025-05-08T15:42:31","guid":{"rendered":"https:\/\/egyptfootballshop.com\/?post_type=product&#038;p=20987"},"modified":"2025-12-20T12:49:04","modified_gmt":"2025-12-20T11:49:04","slug":"tablier-rouge-al-ahly","status":"publish","type":"product","link":"https:\/\/egyptfootballshop.com\/ar\/shop\/bf30\/tablier-rouge-al-ahly\/","title":{"rendered":"Tablier rouge Al Ahly"},"content":{"rendered":"","protected":false},"excerpt":{"rendered":"<p data-start=\"165\" data-end=\"436\">Affichez votre passion pour Al Ahly jusque dans votre cuisine avec le <strong data-start=\"236\" data-end=\"268\">tablier rouge officiel byEFS<\/strong>, inspir\u00e9 du maillot des Reds Devils ! Ce tablier est l\u2019accessoire ultime pour les supporters qui veulent cuisiner avec style tout en repr\u00e9sentant leur \u00e9quipe.<\/p>\n<p data-start=\"438\" data-end=\"616\">\u062a\u0645 \u062a\u0635\u0645\u064a\u0645\u0647 \u0628\u0627\u0644\u062a\u0639\u0627\u0648\u0646 \u0645\u0639 <strong data-start=\"466\" data-end=\"474\">\u0623\u062f\u064a\u062f\u0627\u0633<\/strong> et orn\u00e9 du logo officiel d&rsquo;<strong data-start=\"506\" data-end=\"549\">\u0627\u0644\u0623\u0647\u0644\u064a<\/strong>, il reprend fi\u00e8rement les codes du c\u00e9l\u00e8bre maillot des Reds Devils.<\/p>\n<p data-start=\"438\" data-end=\"616\">\u064a\u0639\u0646\u064a \u062d\u0632\u0627\u0645\u0647\u0627 \u0627\u0644\u0642\u0627\u0628\u0644 \u0644\u0644\u062a\u0639\u062f\u064a\u0644 \u0623\u0646\u0647 \u064a\u0645\u0643\u0646 \u062a\u0643\u064a\u064a\u0641\u0647 \u0644\u064a\u0646\u0627\u0633\u0628 \u062c\u0645\u064a\u0639 \u0623\u062d\u062c\u0627\u0645 \u0627\u0644\u062c\u0633\u0645\u060c \u0648\u0633\u064a\u0643\u0648\u0646 \u0627\u0644\u062c\u064a\u0628 \u0627\u0644\u0645\u0631\u0643\u0632\u064a \u0627\u0644\u062e\u0627\u0635 \u0628\u0647\u0627 \u0645\u0641\u064a\u062f\u064b\u0627 \u062c\u062f\u064b\u0627 \u0639\u0646\u062f \u0625\u0639\u062f\u0627\u062f \u0648\u062c\u0628\u0627\u062a\u0643 \u0627\u0644\u0623\u0643\u062b\u0631 \u0631\u0642\u0629.<\/p>\n<p data-start=\"618\" data-end=\"833\">\u0627\u0644\u0635\u0648\u062a <strong data-start=\"622\" data-end=\"640\">\u062a\u0635\u0645\u064a\u0645 \u0645\u062a\u0645\u064a\u0632<\/strong> \u0648 <strong data-start=\"647\" data-end=\"672\">couleur rouge intense<\/strong> rappellent la ferveur des supporters ahlawy, que ce soit pour un barbecue entre amis, une soir\u00e9e match ou une session cuisine inspir\u00e9e des saveurs du pays.<\/p>\n<p data-start=\"863\" data-end=\"1154\">\u062a\u0645\u0627\u0645\u0627\u064b \u0645\u062b\u0644 \u0645\u0644\u0627\u0628\u0633 \u0627\u0644\u0633\u0628\u0627\u062d\u0629 \u0627\u0644\u062d\u0642\u064a\u0642\u064a\u0629\u060c \u0623\u0636\u0641 \u0644\u0645\u0633\u062a\u0643 \u0627\u0644\u0634\u062e\u0635\u064a\u0629 \u0645\u0646 \u062e\u0644\u0627\u0644 \u0627\u062e\u062a\u064a\u0627\u0631 <strong data-start=\"983\" data-end=\"990\">\u0627\u0644\u0627\u0633\u0645<\/strong> \u0648 <strong data-start=\"1000\" data-end=\"1010\">\u0627\u0644\u0639\u062f\u062f<\/strong> pr\u00e9f\u00e9r\u00e9 et pour une finition authentique, le flocage respecte les standards des maillots officiels du club.<\/p>\n<h4 data-start=\"1518\" data-end=\"1558\"><strong data-start=\"1523\" data-end=\"1556\">\u0644\u0645\u0627\u0630\u0627 \u062a\u062e\u062a\u0627\u0631 \u0647\u0630\u0627 \u0627\u0644\u0645\u0631\u064a\u0648\u0644\u061f<\/strong><\/h4>\n<p data-start=\"1559\" data-end=\"1769\">\ud83d\udd25 <strong data-start=\"1562\" data-end=\"1612\">Un design exclusif inspir\u00e9 du maillot ahlawy<\/strong><br \/>\n\ud83c\udfaf <strong data-start=\"1618\" data-end=\"1657\">\u0642\u0627\u0628\u0644\u0629 \u0644\u0644\u062a\u062e\u0635\u064a\u0635 \u0644\u0644\u062d\u0635\u0648\u0644 \u0639\u0644\u0649 \u0645\u0638\u0647\u0631 \u0641\u0631\u064a\u062f \u0645\u0646 \u0646\u0648\u0639\u0647<\/strong><br \/>\n\ud83d\udcaa <strong data-start=\"1663\" data-end=\"1708\">\u0642\u0645\u0627\u0634 \u0642\u0637\u0646\u064a 100% \u0633\u0647\u0644 \u0627\u0644\u0639\u0646\u0627\u064a\u0629 100%<\/strong><br \/>\n\u26bd <strong data-start=\"1713\" data-end=\"1767\">L\u2019accessoire id\u00e9al pour tous les fans des Reds Devils<\/strong><\/p>\n<p data-start=\"1771\" data-end=\"1884\">\ud83d\ude80 <strong data-start=\"1774\" data-end=\"1809\">\u0645\u062a\u0627\u062d \u0643\u0625\u0635\u062f\u0627\u0631 \u0645\u062d\u062f\u0648\u062f!<\/strong> \u0623\u0636\u0641 \u0627\u0633\u0645\u0643 \u0648\u0631\u0642\u0645\u0643 \u0648\u0627\u0637\u0644\u0628 \u0637\u0644\u0628\u0643 \u0627\u0644\u0622\u0646!<\/p>\n<p data-start=\"1771\" data-end=\"1884\"><strong>\u0645\u0646\u062a\u062c \u063a\u064a\u0631 \u0631\u0633\u0645\u064a<\/strong><\/p>","protected":false},"featured_media":20954,"template":"","meta":[],"product_brand":[],"product_cat":[726,141],"product_tag":[555],"class_list":{"0":"post-20987","1":"product","2":"type-product","3":"status-publish","4":"has-post-thumbnail","6":"product_cat-bf30","7":"product_cat-by-efs","8":"product_tag-new","10":"first","11":"instock","12":"shipping-taxable","13":"purchasable","14":"product-type-simple"},"exclude_global_add_ons":false,"addons":[{"name":"\u0627\u0644\u062a\u062f\u0641\u0642","type":"custom_text","position":0,"required":false,"title_format":"label","default":"","description_enable":false,"description":"","placeholder_enable":false,"placeholder":"","display":"select","restrictions_type":"any_text","adjust_price":true,"price":"3","price_type":"flat_fee","restrictions":true,"min":"0","max":"999","options":[],"id":1741655875},{"name":"Flocage (nom et num\u00e9ro)","type":"custom_text","position":0,"required":false,"title_format":"heading","default":"","description_enable":false,"description":"","placeholder_enable":false,"placeholder":"","display":"select","restrictions_type":"any_text","adjust_price":true,"price":"10","price_type":"flat_fee","restrictions":true,"min":"0","max":"12","options":[]},{"name":"Personnalisation","type":"custom_text","position":1,"required":false,"title_format":"heading","default":"","description_enable":false,"description":"","placeholder_enable":false,"placeholder":"","display":"select","restrictions_type":"any_text","adjust_price":true,"price":"2","price_type":"flat_fee","restrictions":true,"min":"0","max":"2","options":[]}],"_links":{"self":[{"href":"https:\/\/egyptfootballshop.com\/ar\/wp-json\/wp\/v2\/product\/20987","targetHints":{"allow":["GET"]}}],"collection":[{"href":"https:\/\/egyptfootballshop.com\/ar\/wp-json\/wp\/v2\/product"}],"about":[{"href":"https:\/\/egyptfootballshop.com\/ar\/wp-json\/wp\/v2\/types\/product"}],"wp:featuredmedia":[{"embeddable":true,"href":"https:\/\/egyptfootballshop.com\/ar\/wp-json\/wp\/v2\/media\/20954"}],"wp:attachment":[{"href":"https:\/\/egyptfootballshop.com\/ar\/wp-json\/wp\/v2\/media?parent=20987"}],"wp:term":[{"taxonomy":"product_brand","embeddable":true,"href":"https:\/\/egyptfootballshop.com\/ar\/wp-json\/wp\/v2\/product_brand?post=20987"},{"taxonomy":"product_cat","embeddable":true,"href":"https:\/\/egyptfootballshop.com\/ar\/wp-json\/wp\/v2\/product_cat?post=20987"},{"taxonomy":"product_tag","embeddable":true,"href":"https:\/\/egyptfootballshop.com\/ar\/wp-json\/wp\/v2\/product_tag?post=20987"}],"curies":[{"name":"wp","href":"https:\/\/api.w.org\/{rel}","templated":true}]}}