{"id":21306,"date":"2025-08-05T12:36:56","date_gmt":"2025-08-05T10:36:56","guid":{"rendered":"https:\/\/egyptfootballshop.com\/?post_type=product&#038;p=21306"},"modified":"2026-04-23T21:08:33","modified_gmt":"2026-04-23T19:08:33","slug":"maillot-match-domicile-al-ahly-25-26","status":"publish","type":"product","link":"https:\/\/egyptfootballshop.com\/ar\/shop\/bf20\/maillot-match-domicile-al-ahly-25-26\/","title":{"rendered":"Maillot match domicile AL AHLY 25\/26"},"content":{"rendered":"","protected":false},"excerpt":{"rendered":"<p><em>Dans un football qui change de visage chaque saison, certains rep\u00e8res ne bougent pas<\/em> : le rouge d&rsquo;Al Ahly en fait partie.<\/p>\n<p>Ce nouveau maillot domicile 2025\/2026, sign\u00e9 Adidas, s&rsquo;inscrit dans la continuit\u00e9 des grandes heures du club du si\u00e8cle. Plus minimaliste que la version pr\u00e9c\u00e9dente, il affiche un rouge profond, rehauss\u00e9 d&rsquo;une fine bande blanche sur le col et les \u00e9paules. Une \u00e9l\u00e9gance froide qui refl\u00e8te la ma\u00eetrise et l&rsquo;intensit\u00e9 du jeu \u00e0 domicile, dans l&rsquo;antre du Stade International du Caire.<\/p>\n<p>Port\u00e9 par les piliers de l&rsquo;\u00e9quipe comme fraichement Zizo ou le boss final Ashour, ce maillot allie tradition et performance : tissu AEROREADY\u00ae, coupe regular, finitions soign\u00e9es. Un design sans exc\u00e8s, pour un club qui n&rsquo;a plus rien \u00e0 prouver.<\/p>\n<p><span id=\"p168\"><span id=\"182\" class=\"s-rg\">EFS<\/span>\u0628\u0627\u0644\u0637\u0628\u0639\u060c \u0647\u0646\u0627\u0643 \u0639\u062f\u062f \u0645\u0646 \u0627\u0644\u062e\u064a\u0627\u0631\u0627\u062a \u0644\u062a\u062e\u0635\u064a\u0635\u0647\u0627 \u0644\u062a\u0646\u0627\u0633\u0628 \u0627\u062d\u062a\u064a\u0627\u062c\u0627\u062a\u0643:<\/span><\/p>\n<ul>\n<li><span id=\"p188\">\u0627\u062e\u062a\u0631 \u0627\u0644\u0631\u0635\u0627\u0646\u0629 \u0645\u0646 \u062e\u0644\u0627\u0644 \u0627\u062e\u062a\u064a\u0627\u0631 \u0627\u0644\u0627\u062d\u062a\u0641\u0627\u0638 \u0628\u0647\u0627 \u0643\u0645\u0627 \u0647\u064a \u0645\u0639 \u062a\u0636\u0645\u064a\u0646 2 \u0645\u0646 \u0627\u0644\u0631\u0639\u0627\u0629 \u0627\u0644\u0623\u0645\u0627\u0645\u064a\u064a\u0646.<\/span><\/li>\n<li><span id=\"p170\">\u062d\u062f\u062f \" <a href=\"https:\/\/egyptfootballshop.com\/wp-content\/uploads\/2023\/12\/sponsors-detail.webp\">\u0627\u0644\u0628\u0637\u0648\u0644\u0629<\/a> \"\u0644\u0625\u0636\u0627\u0641\u0629 \u0645\u0627 \u064a\u0644\u064a \u0625\u0644\u0649 \u0642\u0645\u064a\u0635\u0643 <a href=\"https:\/\/egyptfootballshop.com\/wp-content\/uploads\/2023\/04\/ahly-maillot-detail8.webp\">2 \u0631\u0639\u0627\u0629 \u0627\u0644\u0623\u0643\u0645\u0627\u0645<\/a> \u0645\u062b\u0644 \u0627\u0644\u0645\u062d\u062a\u0631\u0641\u064a\u0646 \u0627\u0644\u062d\u0642\u064a\u0642\u064a\u064a\u0646 \u062e\u0644\u0627\u0644 \u0627\u0644\u0628\u0637\u0648\u0644\u0629<\/span><\/li>\n<li><a href=\"https:\/\/egyptfootballshop.com\/wp-content\/uploads\/2023\/05\/details-73.webp\">\u0627\u0644\u062e\u064a\u0627\u0631 \"72\"<\/a> \u062d\u062a\u0649 \u062a\u062a\u0645\u0643\u0646 \u0645\u0646 \u0648\u0636\u0639 \u0639\u0644\u0627\u0645\u0629 \u0639\u0644\u0649 \u0642\u0645\u064a\u0635\u0643 \u0645\u0646 \u0627\u0644\u0623\u0645\u0627\u0645 \u0623\u0648 \u0627\u0644\u062e\u0644\u0641 \u0628\u0627\u0644\u0631\u0642\u0645 72 \u0627\u0644\u0634\u0647\u064a\u0631\u060c \u062a\u0643\u0631\u064a\u0645\u0627\u064b \u0644\u0645\u0623\u0633\u0627\u0629 \u0628\u0648\u0631\u0633\u0639\u064a\u062f.<\/li>\n<li>L&rsquo;option patch de la Ligue des champions de la CAF par paire.<\/li>\n<li>L&rsquo;option patch des Club World Cup 25 USA par paire.<\/li>\n<\/ul>\n<p>&nbsp;<\/p>\n<p><strong>\u0627\u0644\u0645\u064a\u0632\u0627\u062a \u0648\u0627\u0644\u0641\u0648\u0627\u0626\u062f :<\/strong><\/p>\n<ul>\n<li>\u0627\u0644\u0642\u0635: \u0642\u064a\u0627\u0633 \u0639\u0627\u062f\u064a<\/li>\n<li>\u062a\u0642\u0646\u064a\u0629 AEROREADY<\/li>\n<li>100% \u0628\u0648\u0644\u064a\u0633\u062a\u0631 100%<\/li>\n<\/ul>\n<p><strong>\u062a\u0639\u0644\u064a\u0645\u0627\u062a \u0627\u0644\u0635\u064a\u0627\u0646\u0629 :<\/strong><\/p>\n<ul>\n<li>\u0644\u0627 \u062a\u062c\u0641\u0641 \u0641\u064a \u0627\u0644\u0645\u062c\u0641\u0641<\/li>\n<li>\u0627\u0644\u062d\u062f\u064a\u062f \u0645\u0646 \u0627\u0644\u062f\u0627\u062e\u0644 \u0648\u0627\u0644\u062e\u0627\u0631\u062c.<\/li>\n<li>\u0642\u0627\u0628\u0644 \u0644\u0644\u063a\u0633\u0644 \u0641\u064a \u0627\u0644\u063a\u0633\u0627\u0644\u0629 \u0639\u0644\u0649 \u062f\u0631\u062c\u0629 \u062d\u0631\u0627\u0631\u0629 30 \u062f\u0631\u062c\u0629 \u0645\u0626\u0648\u064a\u0629\u060c \u0628\u0623\u0644\u0648\u0627\u0646 \u0645\u062a\u0634\u0627\u0628\u0647\u0629.<\/li>\n<\/ul>","protected":false},"featured_media":21296,"template":"","meta":[],"product_brand":[],"product_cat":[724,608],"product_tag":[569,607,555],"class_list":{"0":"post-21306","1":"product","2":"type-product","3":"status-publish","4":"has-post-thumbnail","6":"product_cat-bf20","7":"product_cat-al-ahly","8":"product_tag-adidas","9":"product_tag-al-ahly","10":"product_tag-new","12":"first","13":"instock","14":"shipping-taxable","15":"purchasable","16":"product-type-variable"},"exclude_global_add_ons":false,"addons":[{"name":"\u0627\u0644\u0627\u0633\u0645 \u0648\u0627\u0644\u0631\u0642\u0645","type":"custom_text","position":0,"required":false,"title_format":"label","default":"","description_enable":false,"description":"","placeholder_enable":false,"placeholder":"","display":"select","restrictions_type":"any_text","adjust_price":true,"price":"5","price_type":"flat_fee","restrictions":true,"min":"0","max":"999","options":[],"id":1706225016},{"name":"\u0627\u0644\u062e\u064a\u0627\u0631\u0627\u062a","type":"multiple_choice","position":1,"required":false,"title_format":"label","default":"0","description_enable":false,"description":"","placeholder_enable":false,"placeholder":"","display":"select","restrictions_type":"any_text","adjust_price":false,"price":"","price_type":"flat_fee","restrictions":false,"min":"0","max":"0","options":[{"label":"Championnat","price":"4","price_type":"flat_fee","image":0,"visibility":true},{"label":"72","price":"5","price_type":"flat_fee","image":0,"visibility":true},{"label":"Patch Ligue des champions de la CAF","price":"5","price_type":"flat_fee","image":0,"visibility":true},{"label":"Club World Cup 25 USA","price":"3","price_type":"flat_fee","image":0,"visibility":true}],"id":1750347661},{"name":"Flocage (nom et num\u00e9ro)","type":"custom_text","position":0,"required":false,"title_format":"heading","default":"","description_enable":false,"description":"","placeholder_enable":false,"placeholder":"","display":"select","restrictions_type":"any_text","adjust_price":true,"price":"10","price_type":"flat_fee","restrictions":true,"min":"0","max":"12","options":[]},{"name":"Personnalisation","type":"custom_text","position":1,"required":false,"title_format":"heading","default":"","description_enable":false,"description":"","placeholder_enable":false,"placeholder":"","display":"select","restrictions_type":"any_text","adjust_price":true,"price":"2","price_type":"flat_fee","restrictions":true,"min":"0","max":"2","options":[]}],"_links":{"self":[{"href":"https:\/\/egyptfootballshop.com\/ar\/wp-json\/wp\/v2\/product\/21306","targetHints":{"allow":["GET"]}}],"collection":[{"href":"https:\/\/egyptfootballshop.com\/ar\/wp-json\/wp\/v2\/product"}],"about":[{"href":"https:\/\/egyptfootballshop.com\/ar\/wp-json\/wp\/v2\/types\/product"}],"wp:featuredmedia":[{"embeddable":true,"href":"https:\/\/egyptfootballshop.com\/ar\/wp-json\/wp\/v2\/media\/21296"}],"wp:attachment":[{"href":"https:\/\/egyptfootballshop.com\/ar\/wp-json\/wp\/v2\/media?parent=21306"}],"wp:term":[{"taxonomy":"product_brand","embeddable":true,"href":"https:\/\/egyptfootballshop.com\/ar\/wp-json\/wp\/v2\/product_brand?post=21306"},{"taxonomy":"product_cat","embeddable":true,"href":"https:\/\/egyptfootballshop.com\/ar\/wp-json\/wp\/v2\/product_cat?post=21306"},{"taxonomy":"product_tag","embeddable":true,"href":"https:\/\/egyptfootballshop.com\/ar\/wp-json\/wp\/v2\/product_tag?post=21306"}],"curies":[{"name":"wp","href":"https:\/\/api.w.org\/{rel}","templated":true}]}}