{"id":21370,"date":"2025-08-16T11:16:26","date_gmt":"2025-08-16T09:16:26","guid":{"rendered":"https:\/\/egyptfootballshop.com\/?post_type=product&#038;p=21370"},"modified":"2026-01-07T15:49:33","modified_gmt":"2026-01-07T14:49:33","slug":"maillot-match-domicile-liverpool-25-26","status":"publish","type":"product","link":"https:\/\/egyptfootballshop.com\/ar\/shop\/bf20\/maillot-match-domicile-liverpool-25-26\/","title":{"rendered":"Maillot match domicile Liverpool 25\/26"},"content":{"rendered":"","protected":false},"excerpt":{"rendered":"<p><em><strong>Retour aux sources, avec une nouvelle \u00e9nergie.<\/strong><\/em><\/p>\n<p>Le nouveau maillot domicile de Liverpool pour la saison 2025\/2026 est disponible chez EFS, et il marque une nouvelle \u00e8re : les Reds renouent avec Adidas, leur \u00e9quipementier historique, pour \u00e9crire la suite de leur l\u00e9gende.<\/p>\n<p>Alliant tradition et modernit\u00e9, ce maillot rend hommage au pass\u00e9 glorieux du club tout en ouvrant une page tourn\u00e9e vers l&rsquo;avenir. Port\u00e9 fi\u00e8rement par Mohamed Salah, idole incontest\u00e9e d&rsquo;Anfield et fiert\u00e9 de l&rsquo;\u00c9gypte, il incarne bien plus qu&rsquo;une tenue sportive : c&rsquo;est un symbole de passion, d&rsquo;excellence et d&rsquo;unit\u00e9 pour des millions de supporters \u00e0 travers le monde.<\/p>\n<p>D&rsquo;un rouge profond, accentu\u00e9 par des touches blanches iconiques et les trois bandes Adidas sur les \u00e9paules, ce maillot rappelle l&rsquo;\u00e9l\u00e9gance intemporelle des grandes ann\u00e9es du club. Con\u00e7u dans un tissu technique AEROREADY\u00ae, il garantit confort, respirabilit\u00e9 et performance, sur le terrain comme dans les tribunes.<\/p>\n<p>Enfile-le, soutiens Salah, et porte haut les couleurs des Reds \u00e0 Anfield, en \u00c9gypte et partout ailleurs.<\/p>\n<p><span id=\"p168\"><span id=\"182\" class=\"s-rg\">EFS<\/span>\u0628\u0627\u0644\u0637\u0628\u0639\u060c \u0647\u0646\u0627\u0643 \u0639\u062f\u062f \u0645\u0646 \u0627\u0644\u062e\u064a\u0627\u0631\u0627\u062a \u0644\u062a\u062e\u0635\u064a\u0635\u0647\u0627 \u0644\u062a\u0646\u0627\u0633\u0628 \u0627\u062d\u062a\u064a\u0627\u062c\u0627\u062a\u0643:<\/span><\/p>\n<ul>\n<li><strong>\u062e\u064a\u0627\u0631 \u0627\u0644\u062f\u0648\u0631\u064a \u0627\u0644\u0625\u0646\u062c\u0644\u064a\u0632\u064a \u0627\u0644\u0645\u0645\u062a\u0627\u0632<\/strong> : Arborez le maillot domicile de Liverpool 2024\/2025, port\u00e9 par Mohamed Salah, et soutenez fi\u00e8rement les Reds en Premier League avec le tout nouveau patch champion Premier League dor\u00e9.<\/li>\n<li><strong>\u062e\u064a\u0627\u0631 \u0641\u0644\u0633\u0637\u064a\u0646<\/strong> \u0641\u0644\u0633\u0637\u064a\u0646: \u0645\u0639 \u0627\u0644\u0627\u0633\u0645 \u0628\u0627\u0644\u0644\u063a\u0629 \u0627\u0644\u0639\u0631\u0628\u064a\u0629\u060c \u0648\u0627\u0644\u0631\u0642\u0645 11 \u0627\u0644\u0623\u064a\u0642\u0648\u0646\u064a \u0627\u0644\u0645\u0633\u062a\u0648\u062d\u0649 \u0645\u0646 \u062e\u0631\u064a\u0637\u0629 \u063a\u0632\u0629\u060c \u0648\u0631\u0642\u0639\u0629 \u0639\u0644\u0649 \u0627\u0644\u0643\u0645 \u0628\u0644\u0648\u0646 \u0627\u0644\u0645\u0642\u0627\u0648\u0645\u0629\u060c \u0623\u0638\u0647\u0631 \u062f\u0639\u0645\u0643 \u0628\u0644\u0641\u062a\u0629 \u0642\u0648\u064a\u0629. \u0645\u0642\u0627\u0628\u0644 \u0643\u0644 \u0642\u0645\u064a\u0635 \u0645\u062e\u0635\u0635 \u0628\u062e\u064a\u0627\u0631 \u0641\u0644\u0633\u0637\u064a\u0646\u060c \u0633\u064a\u062a\u0645 \u0627\u0644\u062a\u0628\u0631\u0639 \u0628\u0640 10 \u064a\u0648\u0631\u0648 \u0644\u0643\u0644 \u0642\u0645\u064a\u0635 \u0645\u062e\u0635\u0635 \u0628\u062e\u064a\u0627\u0631 \u0641\u0644\u0633\u0637\u064a\u0646\u060c \u0633\u064a\u062a\u0645 \u0627\u0644\u062a\u0628\u0631\u0639 \u0628\u0640 10 \u064a\u0648\u0631\u0648 \u0644\u062c\u0645\u0639\u064a\u0629 \u0625\u0646\u0633\u0627\u0646\u064a\u0629 \u0645\u062d\u0644\u064a\u0629.<\/li>\n<li><strong>Option Arabe\u00a0<\/strong>: Poussez la personnalisation au maximum avec un flocage unique en arabe.<\/li>\n<\/ul>\n<p>&nbsp;<\/p>\n<p><strong>\u0627\u0644\u0645\u064a\u0632\u0627\u062a \u0648\u0627\u0644\u0641\u0648\u0627\u0626\u062f :<\/strong><\/p>\n<ul>\n<li>\u0627\u0644\u0642\u0635: \u0642\u064a\u0627\u0633 \u0639\u0627\u062f\u064a<\/li>\n<li>\u062a\u0642\u0646\u064a\u0629 AEROREADY<\/li>\n<li>100% \u0628\u0648\u0644\u064a\u0633\u062a\u0631 100%<\/li>\n<\/ul>\n<p><strong>\u062a\u0639\u0644\u064a\u0645\u0627\u062a \u0627\u0644\u0635\u064a\u0627\u0646\u0629 :<\/strong><\/p>\n<ul>\n<li>\u0644\u0627 \u062a\u062c\u0641\u0641 \u0641\u064a \u0627\u0644\u0645\u062c\u0641\u0641<\/li>\n<li>\u0627\u0644\u062d\u062f\u064a\u062f \u0645\u0646 \u0627\u0644\u062f\u0627\u062e\u0644 \u0648\u0627\u0644\u062e\u0627\u0631\u062c.<\/li>\n<li>\u0642\u0627\u0628\u0644 \u0644\u0644\u063a\u0633\u0644 \u0641\u064a \u0627\u0644\u063a\u0633\u0627\u0644\u0629 \u0639\u0644\u0649 \u062f\u0631\u062c\u0629 \u062d\u0631\u0627\u0631\u0629 30 \u062f\u0631\u062c\u0629 \u0645\u0626\u0648\u064a\u0629\u060c \u0628\u0623\u0644\u0648\u0627\u0646 \u0645\u062a\u0634\u0627\u0628\u0647\u0629.<\/li>\n<\/ul>","protected":false},"featured_media":21374,"template":"","meta":[],"product_brand":[],"product_cat":[724,142],"product_tag":[569,374,555],"class_list":{"0":"post-21370","1":"product","2":"type-product","3":"status-publish","4":"has-post-thumbnail","6":"product_cat-bf20","7":"product_cat-liverpool-fc","8":"product_tag-adidas","9":"product_tag-liverpool","10":"product_tag-new","12":"first","13":"instock","14":"featured","15":"shipping-taxable","16":"purchasable","17":"product-type-variable"},"exclude_global_add_ons":false,"addons":[{"name":"\u0627\u0644\u062a\u062f\u0641\u0642","type":"multiple_choice","position":0,"required":false,"title_format":"label","default":"","description_enable":true,"description":"\u064a\u0634\u0645\u0644 \u0635\u0644\u0627\u062d 11 \u0627\u0644\u062f\u0648\u0631\u064a \u0627\u0644\u0625\u0646\u062c\u0644\u064a\u0632\u064a \u0627\u0644\u0645\u0645\u062a\u0627\u0632 \u0623\u0648 \u0641\u0644\u0633\u0637\u064a\u0646 \u0623\u0648 \u0641\u0644\u0633\u0637\u064a\u0646 \u0623\u0648 \u0631\u0642\u0639 \u0627\u0644\u0623\u0643\u0645\u0627\u0645 \u0627\u0644\u0639\u0631\u0628\u064a\u0629.","placeholder_enable":false,"placeholder":"","display":"select","restrictions_type":"any_text","adjust_price":false,"price":"","price_type":"flat_fee","restrictions":false,"min":"0","max":"0","options":[{"label":"Premier League","price":"5","price_type":"flat_fee","image":0,"visibility":true},{"label":"Palestine","price":"5","price_type":"flat_fee","image":0,"visibility":true},{"label":"Arabe","price":"5","price_type":"flat_fee","image":0,"visibility":true}],"id":1735174679},{"name":"Flocage (nom et num\u00e9ro)","type":"custom_text","position":0,"required":false,"title_format":"heading","default":"","description_enable":false,"description":"","placeholder_enable":false,"placeholder":"","display":"select","restrictions_type":"any_text","adjust_price":true,"price":"10","price_type":"flat_fee","restrictions":true,"min":"0","max":"12","options":[]},{"name":"Personnalisation","type":"custom_text","position":1,"required":false,"title_format":"heading","default":"","description_enable":false,"description":"","placeholder_enable":false,"placeholder":"","display":"select","restrictions_type":"any_text","adjust_price":true,"price":"2","price_type":"flat_fee","restrictions":true,"min":"0","max":"2","options":[]}],"_links":{"self":[{"href":"https:\/\/egyptfootballshop.com\/ar\/wp-json\/wp\/v2\/product\/21370","targetHints":{"allow":["GET"]}}],"collection":[{"href":"https:\/\/egyptfootballshop.com\/ar\/wp-json\/wp\/v2\/product"}],"about":[{"href":"https:\/\/egyptfootballshop.com\/ar\/wp-json\/wp\/v2\/types\/product"}],"wp:featuredmedia":[{"embeddable":true,"href":"https:\/\/egyptfootballshop.com\/ar\/wp-json\/wp\/v2\/media\/21374"}],"wp:attachment":[{"href":"https:\/\/egyptfootballshop.com\/ar\/wp-json\/wp\/v2\/media?parent=21370"}],"wp:term":[{"taxonomy":"product_brand","embeddable":true,"href":"https:\/\/egyptfootballshop.com\/ar\/wp-json\/wp\/v2\/product_brand?post=21370"},{"taxonomy":"product_cat","embeddable":true,"href":"https:\/\/egyptfootballshop.com\/ar\/wp-json\/wp\/v2\/product_cat?post=21370"},{"taxonomy":"product_tag","embeddable":true,"href":"https:\/\/egyptfootballshop.com\/ar\/wp-json\/wp\/v2\/product_tag?post=21370"}],"curies":[{"name":"wp","href":"https:\/\/api.w.org\/{rel}","templated":true}]}}