{"id":21384,"date":"2025-08-16T13:59:03","date_gmt":"2025-08-16T11:59:03","guid":{"rendered":"https:\/\/egyptfootballshop.com\/?post_type=product&#038;p=21384"},"modified":"2026-01-07T15:49:33","modified_gmt":"2026-01-07T14:49:33","slug":"maillot-match-exterieur-liverpool-25-26","status":"publish","type":"product","link":"https:\/\/egyptfootballshop.com\/ar\/shop\/bf20\/maillot-match-exterieur-liverpool-25-26\/","title":{"rendered":"Maillot match ext\u00e9rieur Liverpool 25\/26"},"content":{"rendered":"","protected":false},"excerpt":{"rendered":"<p><em><strong>Au-del\u00e0 d\u2019Anfield, la l\u00e9gende continue.<\/strong><\/em><\/p>\n<p>Toujours fid\u00e8les au rouge, mais irr\u00e9sistibles en blanc : le maillot ext\u00e9rieur de Liverpool pour la saison 2025\/2026 signe une nouvelle \u00e9tape dans l&rsquo;histoire des Reds avec Adidas aux commandes.<\/p>\n<p>Pens\u00e9 pour refl\u00e9ter l&rsquo;\u00e9l\u00e9gance et la puissance du club loin d&rsquo;Anfield, ce maillot marie une base blanche \u00e9pur\u00e9e \u00e0 des d\u00e9tails rouges et noirs subtils, rappelant certaines des plus belles pages europ\u00e9ennes de Liverpool.<\/p>\n<p>Port\u00e9 par Mohamed Salah, symbole d&rsquo;excellence et fiert\u00e9 de l&rsquo;\u00c9gypte, ce maillot incarne la d\u00e9termination et la classe des Reds lorsqu&rsquo;ils s&rsquo;imposent sur les pelouses adverses. Fabriqu\u00e9 dans un tissu technique innovant AEROREADY\u00ae, il assure confort, respirabilit\u00e9 et performance, que vous soyez sur le terrain ou dans les tribunes.<\/p>\n<p>Minimaliste, puissant, intemporel : un maillot taill\u00e9 pour marquer l&rsquo;histoire.<\/p>\n<p><span id=\"p168\"><span id=\"182\" class=\"s-rg\">EFS<\/span>\u0628\u0627\u0644\u0637\u0628\u0639\u060c \u0647\u0646\u0627\u0643 \u0639\u062f\u062f \u0645\u0646 \u0627\u0644\u062e\u064a\u0627\u0631\u0627\u062a \u0644\u062a\u062e\u0635\u064a\u0635\u0647\u0627 \u0644\u062a\u0646\u0627\u0633\u0628 \u0627\u062d\u062a\u064a\u0627\u062c\u0627\u062a\u0643:<\/span><\/p>\n<ul>\n<li><strong>\u062e\u064a\u0627\u0631 \u0627\u0644\u062f\u0648\u0631\u064a \u0627\u0644\u0625\u0646\u062c\u0644\u064a\u0632\u064a \u0627\u0644\u0645\u0645\u062a\u0627\u0632<\/strong> : Arborez le maillot domicile de Liverpool 2024\/2025, port\u00e9 par Mohamed Salah, et soutenez fi\u00e8rement les Reds en Premier League avec le tout nouveau patch champion Premier League dor\u00e9.<\/li>\n<\/ul>\n<p><strong>\u0627\u0644\u0645\u064a\u0632\u0627\u062a \u0648\u0627\u0644\u0641\u0648\u0627\u0626\u062f :<\/strong><\/p>\n<ul>\n<li>\u0627\u0644\u0642\u0635: \u0642\u064a\u0627\u0633 \u0639\u0627\u062f\u064a<\/li>\n<li>\u062a\u0642\u0646\u064a\u0629 AEROREADY<\/li>\n<li>100% \u0628\u0648\u0644\u064a\u0633\u062a\u0631 100%<\/li>\n<\/ul>\n<p><strong>\u062a\u0639\u0644\u064a\u0645\u0627\u062a \u0627\u0644\u0635\u064a\u0627\u0646\u0629 :<\/strong><\/p>\n<ul>\n<li>\u0644\u0627 \u062a\u062c\u0641\u0641 \u0641\u064a \u0627\u0644\u0645\u062c\u0641\u0641<\/li>\n<li>\u0627\u0644\u062d\u062f\u064a\u062f \u0645\u0646 \u0627\u0644\u062f\u0627\u062e\u0644 \u0648\u0627\u0644\u062e\u0627\u0631\u062c.<\/li>\n<li>\u0642\u0627\u0628\u0644 \u0644\u0644\u063a\u0633\u0644 \u0641\u064a \u0627\u0644\u063a\u0633\u0627\u0644\u0629 \u0639\u0644\u0649 \u062f\u0631\u062c\u0629 \u062d\u0631\u0627\u0631\u0629 30 \u062f\u0631\u062c\u0629 \u0645\u0626\u0648\u064a\u0629\u060c \u0628\u0623\u0644\u0648\u0627\u0646 \u0645\u062a\u0634\u0627\u0628\u0647\u0629.<\/li>\n<\/ul>","protected":false},"featured_media":21395,"template":"","meta":[],"product_brand":[],"product_cat":[724,142],"product_tag":[569,374,555],"class_list":{"0":"post-21384","1":"product","2":"type-product","3":"status-publish","4":"has-post-thumbnail","6":"product_cat-bf20","7":"product_cat-liverpool-fc","8":"product_tag-adidas","9":"product_tag-liverpool","10":"product_tag-new","12":"first","13":"instock","14":"featured","15":"shipping-taxable","16":"purchasable","17":"product-type-variable"},"exclude_global_add_ons":false,"addons":[{"name":"\u0627\u0644\u062a\u062f\u0641\u0642","type":"multiple_choice","position":0,"required":false,"title_format":"label","default":"","description_enable":true,"description":"Comprend le flocage Salah 11 Premier League ainsi que les patchs sur les manches.","placeholder_enable":false,"placeholder":"","display":"select","restrictions_type":"any_text","adjust_price":false,"price":"","price_type":"flat_fee","restrictions":false,"min":"0","max":"0","options":[{"label":"Premier League","price":"5","price_type":"flat_fee","image":0,"visibility":true}],"id":1735174679},{"name":"Flocage (nom et num\u00e9ro)","type":"custom_text","position":0,"required":false,"title_format":"heading","default":"","description_enable":false,"description":"","placeholder_enable":false,"placeholder":"","display":"select","restrictions_type":"any_text","adjust_price":true,"price":"10","price_type":"flat_fee","restrictions":true,"min":"0","max":"12","options":[]},{"name":"Personnalisation","type":"custom_text","position":1,"required":false,"title_format":"heading","default":"","description_enable":false,"description":"","placeholder_enable":false,"placeholder":"","display":"select","restrictions_type":"any_text","adjust_price":true,"price":"2","price_type":"flat_fee","restrictions":true,"min":"0","max":"2","options":[]}],"_links":{"self":[{"href":"https:\/\/egyptfootballshop.com\/ar\/wp-json\/wp\/v2\/product\/21384","targetHints":{"allow":["GET"]}}],"collection":[{"href":"https:\/\/egyptfootballshop.com\/ar\/wp-json\/wp\/v2\/product"}],"about":[{"href":"https:\/\/egyptfootballshop.com\/ar\/wp-json\/wp\/v2\/types\/product"}],"wp:featuredmedia":[{"embeddable":true,"href":"https:\/\/egyptfootballshop.com\/ar\/wp-json\/wp\/v2\/media\/21395"}],"wp:attachment":[{"href":"https:\/\/egyptfootballshop.com\/ar\/wp-json\/wp\/v2\/media?parent=21384"}],"wp:term":[{"taxonomy":"product_brand","embeddable":true,"href":"https:\/\/egyptfootballshop.com\/ar\/wp-json\/wp\/v2\/product_brand?post=21384"},{"taxonomy":"product_cat","embeddable":true,"href":"https:\/\/egyptfootballshop.com\/ar\/wp-json\/wp\/v2\/product_cat?post=21384"},{"taxonomy":"product_tag","embeddable":true,"href":"https:\/\/egyptfootballshop.com\/ar\/wp-json\/wp\/v2\/product_tag?post=21384"}],"curies":[{"name":"wp","href":"https:\/\/api.w.org\/{rel}","templated":true}]}}