{"id":21400,"date":"2025-08-18T12:45:18","date_gmt":"2025-08-18T10:45:18","guid":{"rendered":"https:\/\/egyptfootballshop.com\/?post_type=product&#038;p=21400"},"modified":"2025-11-27T21:46:57","modified_gmt":"2025-11-27T20:46:57","slug":"t-shirt-presentation-blanc-zamalek","status":"publish","type":"product","link":"https:\/\/egyptfootballshop.com\/ar\/shop\/bf30\/t-shirt-presentation-blanc-zamalek\/","title":{"rendered":"T-shirt pr\u00e9sentation blanc Zamalek"},"content":{"rendered":"","protected":false},"excerpt":{"rendered":"<p><strong>Le blanc de Zamalek, port\u00e9 avant la bataille.<\/strong><\/p>\n<p>Avant de fouler la pelouse, il y a toujours ce moment de calme, de pr\u00e9paration et de concentration. Le T-shirt de pr\u00e9sentation Nike de Zamalek accompagne les joueurs du club de la Colline Blanche dans ces instants o\u00f9 tout se joue d\u00e9j\u00e0, avant m\u00eame le coup d&rsquo;envoi.<\/p>\n<p>Con\u00e7u par Nike, il affiche un design sobre et moderne, fid\u00e8le \u00e0 l&rsquo;\u00e9l\u00e9gance du club cairote. L\u00e9ger et respirant, il offre un confort optimal pour l&rsquo;\u00e9chauffement, l&rsquo;entra\u00eenement ou le quotidien des supporters qui veulent porter les couleurs de Zamalek au-del\u00e0 du stade.<\/p>\n<p>Avec son blanc iconique rehauss\u00e9 de d\u00e9tails subtils, ce T-shirt n&rsquo;est pas qu&rsquo;une tenue d&rsquo;avant-match : c&rsquo;est une marque d&rsquo;appartenance, une fa\u00e7on d&rsquo;affirmer sa passion \u00e0 chaque instant.<\/p>","protected":false},"featured_media":21420,"template":"","meta":[],"product_brand":[],"product_cat":[726,15],"product_tag":[567,555,605,722],"class_list":{"0":"post-21400","1":"product","2":"type-product","3":"status-publish","4":"has-post-thumbnail","6":"product_cat-bf30","7":"product_cat-uncategorized","8":"product_tag-nike","9":"product_tag-new","10":"product_tag-presentation","11":"product_tag-zamalek","13":"first","14":"instock","15":"shipping-taxable","16":"purchasable","17":"product-type-variable"},"exclude_global_add_ons":[],"addons":[],"_links":{"self":[{"href":"https:\/\/egyptfootballshop.com\/ar\/wp-json\/wp\/v2\/product\/21400","targetHints":{"allow":["GET"]}}],"collection":[{"href":"https:\/\/egyptfootballshop.com\/ar\/wp-json\/wp\/v2\/product"}],"about":[{"href":"https:\/\/egyptfootballshop.com\/ar\/wp-json\/wp\/v2\/types\/product"}],"wp:featuredmedia":[{"embeddable":true,"href":"https:\/\/egyptfootballshop.com\/ar\/wp-json\/wp\/v2\/media\/21420"}],"wp:attachment":[{"href":"https:\/\/egyptfootballshop.com\/ar\/wp-json\/wp\/v2\/media?parent=21400"}],"wp:term":[{"taxonomy":"product_brand","embeddable":true,"href":"https:\/\/egyptfootballshop.com\/ar\/wp-json\/wp\/v2\/product_brand?post=21400"},{"taxonomy":"product_cat","embeddable":true,"href":"https:\/\/egyptfootballshop.com\/ar\/wp-json\/wp\/v2\/product_cat?post=21400"},{"taxonomy":"product_tag","embeddable":true,"href":"https:\/\/egyptfootballshop.com\/ar\/wp-json\/wp\/v2\/product_tag?post=21400"}],"curies":[{"name":"wp","href":"https:\/\/api.w.org\/{rel}","templated":true}]}}