{"id":21545,"date":"2025-09-28T11:51:37","date_gmt":"2025-09-28T09:51:37","guid":{"rendered":"https:\/\/egyptfootballshop.com\/?post_type=product&#038;p=21545"},"modified":"2026-02-28T23:16:56","modified_gmt":"2026-02-28T22:16:56","slug":"maillot-match-exterieur-al-ahly-25-26","status":"publish","type":"product","link":"https:\/\/egyptfootballshop.com\/ar\/shop\/bf20\/maillot-match-exterieur-al-ahly-25-26\/","title":{"rendered":"Maillot match ext\u00e9rieur AL AHLY 25\/26"},"content":{"rendered":"<p>Maillot Away Al Ahly 25\/26 Adidas : design signature avec motif aigle, mat\u00e9riaux recycl\u00e9s, technologie AEROREADY pour performance et style authentique<\/p>","protected":false},"excerpt":{"rendered":"<p><em>Un hommage audacieux \u00e0 l\u2019h\u00e9ritage et l\u2019ambition<\/em> : Al Ahly is black.<\/p>\n<p>Cette saison, le maillot ext\u00e9rieur 2025\/26 met en avant un visuel unique avec l&rsquo;aigle grav\u00e9 dans le tissu, symbole de puissance et d&rsquo;ambition. Fid\u00e8le \u00e0 l&rsquo;esprit du club, il combine modernit\u00e9 et h\u00e9ritage pour offrir une pi\u00e8ce qui d\u00e9passe le simple cadre sportif.<\/p>\n<p>La collaboration entre Adidas et Al Ahly continue de briller avec une conception pens\u00e9e \u00e0 la fois pour la performance et le style. Fabriqu\u00e9 \u00e0 partir de mati\u00e8res premium recycl\u00e9es et int\u00e9grant la technologie AEROREADY, ce maillot assure respirabilit\u00e9, confort et durabilit\u00e9, aussi bien sur le terrain que dans la vie quotidienne.<\/p>\n<p>Au-del\u00e0 d&rsquo;un simple maillot de match, c&rsquo;est une pi\u00e8ce de mode contemporaine qui trouve sa place dans la collection de tout supporter d&rsquo;Al Ahly.<\/p>\n<p><span id=\"p168\"><span id=\"182\" class=\"s-rg\">EFS<\/span><\/span><span id=\"p168\">\u0628\u0627\u0644\u0637\u0628\u0639\u060c \u0647\u0646\u0627\u0643 \u0639\u062f\u062f \u0645\u0646 \u0627\u0644\u062e\u064a\u0627\u0631\u0627\u062a \u0644\u062a\u062e\u0635\u064a\u0635\u0647\u0627 \u0644\u062a\u0646\u0627\u0633\u0628 \u0627\u062d\u062a\u064a\u0627\u062c\u0627\u062a\u0643:<\/span><\/p>\n<ul>\n<li><span id=\"p188\">Optez pour la sobri\u00e9t\u00e9 en choisissant de le garder tel quel avec le sponsor de face inclus.<\/span><\/li>\n<li><span id=\"p170\">\u062d\u062f\u062f \" <\/span><span id=\"p170\"><a href=\"https:\/\/egyptfootballshop.com\/wp-content\/uploads\/2023\/12\/sponsors-detail.webp\">\u0627\u0644\u0628\u0637\u0648\u0644\u0629<\/a><\/span><span id=\"p170\"> \"\u0644\u0625\u0636\u0627\u0641\u0629 \u0645\u0627 \u064a\u0644\u064a \u0625\u0644\u0649 \u0642\u0645\u064a\u0635\u0643 <\/span><span id=\"p170\"><a href=\"https:\/\/egyptfootballshop.com\/wp-content\/uploads\/2023\/04\/ahly-maillot-detail8.webp\">2 \u0631\u0639\u0627\u0629 \u0627\u0644\u0623\u0643\u0645\u0627\u0645<\/a><\/span><span id=\"p170\"> \u0645\u062b\u0644 \u0627\u0644\u0645\u062d\u062a\u0631\u0641\u064a\u0646 \u0627\u0644\u062d\u0642\u064a\u0642\u064a\u064a\u0646 \u062e\u0644\u0627\u0644 \u0627\u0644\u0628\u0637\u0648\u0644\u0629<\/span><\/li>\n<li><a href=\"https:\/\/egyptfootballshop.com\/wp-content\/uploads\/2023\/05\/details-73.webp\">\u0627\u0644\u062e\u064a\u0627\u0631 \"72\"<\/a> \u062d\u062a\u0649 \u062a\u062a\u0645\u0643\u0646 \u0645\u0646 \u0648\u0636\u0639 \u0639\u0644\u0627\u0645\u0629 \u0639\u0644\u0649 \u0642\u0645\u064a\u0635\u0643 \u0645\u0646 \u0627\u0644\u0623\u0645\u0627\u0645 \u0623\u0648 \u0627\u0644\u062e\u0644\u0641 \u0628\u0627\u0644\u0631\u0642\u0645 72 \u0627\u0644\u0634\u0647\u064a\u0631\u060c \u062a\u0643\u0631\u064a\u0645\u0627\u064b \u0644\u0645\u0623\u0633\u0627\u0629 \u0628\u0648\u0631\u0633\u0639\u064a\u062f.<\/li>\n<li>L&rsquo;option patch de la Ligue des champions de la CAF par paires.<\/li>\n<li>L&rsquo;option patch des Club World Cup 25 USA par paires.<\/li>\n<\/ul>\n<p>&nbsp;<\/p>\n<p><strong>\u0627\u0644\u0645\u064a\u0632\u0627\u062a \u0648\u0627\u0644\u0641\u0648\u0627\u0626\u062f :<\/strong><\/p>\n<ul>\n<li>\u0627\u0644\u0642\u0635: \u0646\u062d\u064a\u0641 \u0648\u0645\u0646\u0627\u0633\u0628<\/li>\n<li>\u062a\u0642\u0646\u064a\u0629 AEROREADY<\/li>\n<li>100% \u0628\u0648\u0644\u064a\u0633\u062a\u0631 100%<\/li>\n<\/ul>\n<p><strong>\u062a\u0639\u0644\u064a\u0645\u0627\u062a \u0627\u0644\u0635\u064a\u0627\u0646\u0629 :<\/strong><\/p>\n<ul>\n<li>\u0644\u0627 \u062a\u062c\u0641\u0641 \u0641\u064a \u0627\u0644\u0645\u062c\u0641\u0641<\/li>\n<li>\u0627\u0644\u062d\u062f\u064a\u062f \u0645\u0646 \u0627\u0644\u062f\u0627\u062e\u0644 \u0648\u0627\u0644\u062e\u0627\u0631\u062c.<\/li>\n<li>\u0642\u0627\u0628\u0644 \u0644\u0644\u063a\u0633\u0644 \u0641\u064a \u0627\u0644\u063a\u0633\u0627\u0644\u0629 \u0639\u0644\u0649 \u062f\u0631\u062c\u0629 \u062d\u0631\u0627\u0631\u0629 30 \u062f\u0631\u062c\u0629 \u0645\u0626\u0648\u064a\u0629\u060c \u0628\u0623\u0644\u0648\u0627\u0646 \u0645\u062a\u0634\u0627\u0628\u0647\u0629.<\/li>\n<\/ul>","protected":false},"featured_media":21556,"template":"","meta":[],"product_brand":[],"product_cat":[724,608],"product_tag":[569,607,555],"class_list":{"0":"post-21545","1":"product","2":"type-product","3":"status-publish","4":"has-post-thumbnail","6":"product_cat-bf20","7":"product_cat-al-ahly","8":"product_tag-adidas","9":"product_tag-al-ahly","10":"product_tag-new","12":"first","13":"instock","14":"featured","15":"shipping-taxable","16":"purchasable","17":"product-type-variable"},"exclude_global_add_ons":false,"addons":[{"name":"\u0627\u0644\u062e\u064a\u0627\u0631\u0627\u062a","type":"multiple_choice","position":0,"required":false,"title_format":"label","default":"","description_enable":false,"description":"","placeholder_enable":false,"placeholder":"","display":"select","restrictions_type":"any_text","adjust_price":false,"price":"","price_type":"flat_fee","restrictions":false,"min":"0","max":"0","options":[{"label":"Championnat","price":"4","price_type":"flat_fee","image":0,"visibility":true},{"label":"72","price":"5","price_type":"flat_fee","image":0,"visibility":true},{"label":"Patch Ligue des champions de la CAF","price":"5","price_type":"flat_fee","image":0,"visibility":true},{"label":"Club World Cup 25 USA","price":"3","price_type":"flat_fee","image":0,"visibility":true}],"id":1758547184},{"name":"\u0627\u0644\u0627\u0633\u0645 \u0648\u0627\u0644\u0631\u0642\u0645","type":"custom_text","position":1,"required":false,"title_format":"label","default":"","description_enable":false,"description":"","placeholder_enable":false,"placeholder":"","display":"select","restrictions_type":"any_text","adjust_price":true,"price":"5","price_type":"flat_fee","restrictions":true,"min":"0","max":"999","options":[],"id":1758547185},{"name":"\u062e\u064a\u0627\u0631 \u0641\u0644\u0633\u0637\u064a\u0646","type":"multiple_choice","position":2,"required":false,"title_format":"label","default":"","description_enable":true,"description":"\u0639\u0644\u0649 \u0627\u0644\u062c\u0632\u0621 \u0627\u0644\u0623\u0645\u0627\u0645\u064a \u0645\u0646 \u0627\u0644\u0642\u0645\u064a\u0635","placeholder_enable":false,"placeholder":"","display":"select","restrictions_type":"any_text","adjust_price":false,"price":"","price_type":"flat_fee","restrictions":false,"min":"0","max":"0","options":[{"label":"Drapeau Palestine","price":"3","price_type":"flat_fee","image":0,"visibility":true},{"label":"Drapeau \u00c9gypte\/Palestine","price":"3","price_type":"flat_fee","image":0,"visibility":true}],"id":1758547186},{"name":"Flocage (nom et num\u00e9ro)","type":"custom_text","position":0,"required":false,"title_format":"heading","default":"","description_enable":false,"description":"","placeholder_enable":false,"placeholder":"","display":"select","restrictions_type":"any_text","adjust_price":true,"price":"10","price_type":"flat_fee","restrictions":true,"min":"0","max":"12","options":[]},{"name":"Personnalisation","type":"custom_text","position":1,"required":false,"title_format":"heading","default":"","description_enable":false,"description":"","placeholder_enable":false,"placeholder":"","display":"select","restrictions_type":"any_text","adjust_price":true,"price":"2","price_type":"flat_fee","restrictions":true,"min":"0","max":"2","options":[]}],"_links":{"self":[{"href":"https:\/\/egyptfootballshop.com\/ar\/wp-json\/wp\/v2\/product\/21545","targetHints":{"allow":["GET"]}}],"collection":[{"href":"https:\/\/egyptfootballshop.com\/ar\/wp-json\/wp\/v2\/product"}],"about":[{"href":"https:\/\/egyptfootballshop.com\/ar\/wp-json\/wp\/v2\/types\/product"}],"wp:featuredmedia":[{"embeddable":true,"href":"https:\/\/egyptfootballshop.com\/ar\/wp-json\/wp\/v2\/media\/21556"}],"wp:attachment":[{"href":"https:\/\/egyptfootballshop.com\/ar\/wp-json\/wp\/v2\/media?parent=21545"}],"wp:term":[{"taxonomy":"product_brand","embeddable":true,"href":"https:\/\/egyptfootballshop.com\/ar\/wp-json\/wp\/v2\/product_brand?post=21545"},{"taxonomy":"product_cat","embeddable":true,"href":"https:\/\/egyptfootballshop.com\/ar\/wp-json\/wp\/v2\/product_cat?post=21545"},{"taxonomy":"product_tag","embeddable":true,"href":"https:\/\/egyptfootballshop.com\/ar\/wp-json\/wp\/v2\/product_tag?post=21545"}],"curies":[{"name":"wp","href":"https:\/\/api.w.org\/{rel}","templated":true}]}}