{"id":21844,"date":"2025-12-18T21:05:50","date_gmt":"2025-12-18T20:05:50","guid":{"rendered":"https:\/\/egyptfootballshop.com\/?post_type=product&#038;p=21844"},"modified":"2026-03-31T12:47:08","modified_gmt":"2026-03-31T10:47:08","slug":"maillot-concept-bi-national-egypte-maroc","status":"publish","type":"product","link":"https:\/\/egyptfootballshop.com\/ar\/shop\/bf20\/maillot-concept-bi-national-egypte-maroc\/","title":{"rendered":"Maillot concept bi-national \u00c9gypte\/Maroc"},"content":{"rendered":"<p>Maillot concept bi-national \u00c9gypte\/Maroc c\u00e9l\u00e9bration Coupe d&rsquo;Afrique des Nations 2025 &#8211; CAN 2025.<\/p>","protected":false},"excerpt":{"rendered":"<p><strong><\/strong><\/p>\n<p><strong>Les grands esprits se rencontrent?? EH BIEN LES GRANDES NATIONS AUSSI !<\/strong>\ud83d\ude0d<\/p>\n<p>Fruit d\u2019une cr\u00e9ation originale imagin\u00e9e et con\u00e7ue par nos \u00e9quipes, ces maillots concepts exclusifs bi-nation, EGYPTE X MAROC et MAROC X EGYPTE incarnent bien plus qu\u2019un simple design : ils c\u00e9l\u00e8brent l\u2019union de deux grandes terres de football africain \u00e0 l\u2019occasion d\u2019un \u00e9v\u00e9nement majeur.<br \/>\nPens\u00e9 sp\u00e9cialement pour honorer l\u2019organisation de la Coupe d\u2019Afrique des Nations au Maroc, ces maillots rendent hommages \u00e0 la nation la plus titr\u00e9e du continent et la nation demi-finalistes de la derni\u00e8re coupe du monde.<\/p>\n<p>Chaque d\u00e9tail des maillots ont \u00e9t\u00e9 travaill\u00e9s pour refl\u00e9ter : la fiert\u00e9 arabo-africaine, la fraternit\u00e9 entre les peuples et la passion du football qui unit l\u2019\u00c9gypte et le Maroc.<\/p>\n<p>Ces maillots concepts s\u2019adresse aux Bi-nationaux,supporters, collectionneurs et amoureux du football africain, d\u00e9sireux de porter une pi\u00e8ce unique, charg\u00e9e de sens et d\u2019\u00e9motion.<\/p>\n<p>C\u00f4t\u00e9 technique, la technologie DRYCELL<span id=\"p6\"><span id=\"28\" class=\"s-rg\">\u00ae<\/span><\/span>\u0633\u064a\u0628\u0642\u064a\u0643 \u0630\u0644\u0643 \u062c\u0627\u0641\u0627\u064b \u0641\u064a \u062c\u0645\u064a\u0639 \u0627\u0644\u0623\u0648\u0642\u0627\u062a\u060c \u062d\u062a\u0649 \u0623\u062b\u0646\u0627\u0621 \u0627\u0644\u0645\u0648\u0627\u062c\u0647\u0627\u062a (\u0623\u0648 \u0627\u0644\u0646\u0632\u0647\u0627\u062a) \u0627\u0644\u0623\u0643\u062b\u0631 \u0633\u062e\u0648\u0646\u0629.<\/p>\n<p>EFS, vous propose \u00e9videmment de le personnaliser avec le flocage officiel PUMA 25 selon vos envies :<br \/>\njoueur pro ou personnalis\u00e9 \u00e0 votre guise.<\/p>\n<p><em>\u062c\u062f\u064a\u062f :<\/em> \u0623\u0638\u0647\u0631 \u062f\u0639\u0645\u0643 \u0645\u0646 \u062e\u0644\u0627\u0644 \u062a\u0632\u064a\u064a\u0646 \u0642\u0645\u0635\u0627\u0646\u0643 \u0628\u0639\u0644\u0627\u0645\u0629<a href=\"https:\/\/egyptfootballshop.com\/wp-content\/uploads\/2023\/10\/palestine.webp\"> \u0627\u0644\u0639\u0644\u0645 \u0627\u0644\u0641\u0644\u0633\u0637\u064a\u0646\u064a<\/a> \u0623\u0648 <a href=\"https:\/\/egyptfootballshop.com\/wp-content\/uploads\/2024\/01\/palestine5.webp\">\u0639\u0644\u0645 \u0645\u0635\u0631\/\u0641\u0644\u0633\u0637\u064a\u0646<\/a>. \u0643\u0644 \u0639\u0645\u0644\u064a\u0629 \u0634\u0631\u0627\u0621 \u0645\u0647\u0645\u0629\u060c \u0648\u0633\u064a\u062a\u0645 \u0627\u0644\u062a\u0628\u0631\u0639 \u0628\u062c\u0645\u064a\u0639 \u0627\u0644\u0639\u0627\u0626\u062f\u0627\u062a \u0625\u0644\u0649 \u062c\u0645\u0639\u064a\u0629 \u062e\u064a\u0631\u064a\u0629 \u0645\u062d\u0644\u064a\u0629 \u062a\u0639\u0645\u0644 \u0641\u064a \u0647\u0630\u0627 \u0627\u0644\u0645\u062c\u0627\u0644.<\/p>\n<p><span id=\"p9\"><strong>\u0627\u0644\u0645\u064a\u0632\u0627\u062a \u0648\u0627\u0644\u0641\u0648\u0627\u0626\u062f :<\/strong><\/span><\/p>\n<ul>\n<li><span id=\"p10\">\u0643\u0623\u0633 :<\/span><span id=\"p11\">&nbsp;<\/span><span id=\"p11\"><span id=\"19\" class=\"s-rg\">\u0646\u062d\u064a\u0641<\/span><\/span><span id=\"p11\">&nbsp;<\/span><span id=\"p11\"><span id=\"20\" class=\"s-bl\">\u0645\u0644\u0627\u0626\u0645\u0629<\/span><\/span><\/li>\n<li><span id=\"p12\">\u0627\u0644\u062a\u0643\u0646\u0648\u0644\u0648\u062c\u064a\u0627&nbsp;<\/span><span id=\"p12\"><span id=\"21\" class=\"s-rg\">\u062f\u0631\u0627\u064a\u0633\u064a\u0644\u00ae DRYCELL<\/span><\/span><\/li>\n<li><span id=\"p13\"><span id=\"22\" class=\"s-bl\">100%<\/span><\/span><span id=\"p13\"> \u0628\u0648\u0644\u064a\u0633\u062a\u0631<\/span><\/li>\n<\/ul>\n<p><span id=\"p14\"><strong>\u062a\u0639\u0644\u064a\u0645\u0627\u062a \u0627\u0644\u0635\u064a\u0627\u0646\u0629 :<\/strong><\/span><\/p>\n<ul>\n<li><span id=\"p15\">\u0644\u0627 \u062a\u062c\u0641\u0641 \u0641\u064a \u0627\u0644\u0645\u062c\u0641\u0641<\/span><\/li>\n<li><span id=\"p16\">\u0627\u0644\u062d\u062f\u064a\u062f \u0645\u0646 \u0627\u0644\u062f\u0627\u062e\u0644 \u0648\u0627\u0644\u062e\u0627\u0631\u062c.<\/span><\/li>\n<li><span id=\"p17\">\u0642\u0627\u0628\u0644 \u0644\u0644\u063a\u0633\u0644 \u0641\u064a \u0627\u0644\u063a\u0633\u0627\u0644\u0629&nbsp;<\/span><span id=\"p17\"><span id=\"23\">30\u00b0C<\/span><\/span><span id=\"p17\">\u0628\u0623\u0644\u0648\u0627\u0646 \u0645\u062a\u0634\u0627\u0628\u0647\u0629.<\/span><\/li>\n<\/ul>","protected":false},"featured_media":21849,"template":"","meta":[],"product_brand":[],"product_cat":[724,141],"product_tag":[377,555],"class_list":{"0":"post-21844","1":"product","2":"type-product","3":"status-publish","4":"has-post-thumbnail","6":"product_cat-bf20","7":"product_cat-by-efs","8":"product_tag-efs","9":"product_tag-new","11":"first","12":"instock","13":"shipping-taxable","14":"purchasable","15":"product-type-variable"},"exclude_global_add_ons":false,"addons":[{"name":"\u0627\u0644\u062a\u062f\u0641\u0642 \u0627\u0644\u0645\u062d\u062f\u062f \u0645\u0633\u0628\u0642\u0627\u064b","type":"multiple_choice","position":0,"required":false,"title_format":"label","default":"0","description_enable":false,"description":"","placeholder_enable":false,"placeholder":"","display":"select","restrictions_type":"any_text","adjust_price":false,"price":"","price_type":"flat_fee","restrictions":false,"min":"0","max":"0","options":[{"label":"M.SALAH 10","price":"5","price_type":"flat_fee","image":0,"visibility":true},{"label":"M.MOHAMED 11","price":"5","price_type":"flat_fee","image":0,"visibility":true},{"label":"E.ASHOUR 8","price":"5","price_type":"flat_fee","image":0,"visibility":true},{"label":"MARMOUSH 22","price":"5","price_type":"flat_fee","image":0,"visibility":true},{"label":"M.TREZEGUET 7","price":"5","price_type":"flat_fee","image":0,"visibility":true},{"label":"M.ABDELMONEM 6","price":"5","price_type":"flat_fee","image":0,"visibility":true}],"id":1766092130},{"name":"\u0627\u0644\u0627\u0633\u0645 \u0648\u0627\u0644\u0631\u0642\u0645","type":"custom_text","position":1,"required":false,"title_format":"label","default":"","description_enable":false,"description":"","placeholder_enable":false,"placeholder":"","display":"select","restrictions_type":"any_text","adjust_price":true,"price":"5","price_type":"flat_fee","restrictions":true,"min":"0","max":"999","options":[],"id":1766092131},{"name":"\u062e\u064a\u0627\u0631 \u0641\u0644\u0633\u0637\u064a\u0646","type":"multiple_choice","position":2,"required":false,"title_format":"label","default":"0","description_enable":true,"description":"\u0639\u0644\u0649 \u0627\u0644\u062c\u0632\u0621 \u0627\u0644\u0623\u0645\u0627\u0645\u064a \u0645\u0646 \u0627\u0644\u0642\u0645\u064a\u0635","placeholder_enable":false,"placeholder":"","display":"select","restrictions_type":"any_text","adjust_price":false,"price":"","price_type":"flat_fee","restrictions":false,"min":"0","max":"0","options":[{"label":"Drapeau Palestine","price":"3","price_type":"flat_fee","image":0,"visibility":true},{"label":"Drapeau \u00c9gypte\/Palestine","price":"3","price_type":"flat_fee","image":0,"visibility":true}],"id":1766092132},{"name":"Flocage (nom et num\u00e9ro)","type":"custom_text","position":0,"required":false,"title_format":"heading","default":"","description_enable":false,"description":"","placeholder_enable":false,"placeholder":"","display":"select","restrictions_type":"any_text","adjust_price":true,"price":"10","price_type":"flat_fee","restrictions":true,"min":"0","max":"12","options":[]},{"name":"Personnalisation","type":"custom_text","position":1,"required":false,"title_format":"heading","default":"","description_enable":false,"description":"","placeholder_enable":false,"placeholder":"","display":"select","restrictions_type":"any_text","adjust_price":true,"price":"2","price_type":"flat_fee","restrictions":true,"min":"0","max":"2","options":[]}],"_links":{"self":[{"href":"https:\/\/egyptfootballshop.com\/ar\/wp-json\/wp\/v2\/product\/21844","targetHints":{"allow":["GET"]}}],"collection":[{"href":"https:\/\/egyptfootballshop.com\/ar\/wp-json\/wp\/v2\/product"}],"about":[{"href":"https:\/\/egyptfootballshop.com\/ar\/wp-json\/wp\/v2\/types\/product"}],"wp:featuredmedia":[{"embeddable":true,"href":"https:\/\/egyptfootballshop.com\/ar\/wp-json\/wp\/v2\/media\/21849"}],"wp:attachment":[{"href":"https:\/\/egyptfootballshop.com\/ar\/wp-json\/wp\/v2\/media?parent=21844"}],"wp:term":[{"taxonomy":"product_brand","embeddable":true,"href":"https:\/\/egyptfootballshop.com\/ar\/wp-json\/wp\/v2\/product_brand?post=21844"},{"taxonomy":"product_cat","embeddable":true,"href":"https:\/\/egyptfootballshop.com\/ar\/wp-json\/wp\/v2\/product_cat?post=21844"},{"taxonomy":"product_tag","embeddable":true,"href":"https:\/\/egyptfootballshop.com\/ar\/wp-json\/wp\/v2\/product_tag?post=21844"}],"curies":[{"name":"wp","href":"https:\/\/api.w.org\/{rel}","templated":true}]}}