{"id":22141,"date":"2026-01-29T13:20:55","date_gmt":"2026-01-29T12:20:55","guid":{"rendered":"https:\/\/egyptfootballshop.com\/?post_type=product&#038;p=22141"},"modified":"2026-02-19T15:21:20","modified_gmt":"2026-02-19T14:21:20","slug":"maillot-concept-rose-junior-visit-egypt","status":"publish","type":"product","link":"https:\/\/egyptfootballshop.com\/ar\/shop\/bf20\/maillot-concept-rose-junior-visit-egypt\/","title":{"rendered":"Maillot concept rose junior \u00ab\u00a0Visit Egypt\u00a0\u00bb"},"content":{"rendered":"","protected":false},"excerpt":{"rendered":"<p><em><strong>Next stop: Seventh Station<\/strong><\/em><\/p>\n<p>Entrez dans l\u2019univers de Seventh Station, la nouvelle capsule sign\u00e9e Egypt FootballShop.<br \/>\nUn maillot con\u00e7u pour celles et ceux qui veulent repr\u00e9senter l\u2019\u00c9gypte, avec style et fiert\u00e9.<\/p>\n<p>Ce design conceptuel c\u00e9l\u00e8bre sept ans de passion, de travail et d\u2019envie de bousculer les codes.<\/p>\n<p>\u00c0 la veille de l\u2019\u00e9t\u00e9, pr\u00e9parez vos valises : ce maillot vous accompagne de Marassi \u00e0 Hurghada, et s\u2019impose en pi\u00e8ce forte lors de vos sorties nocturnes au Caire.Pens\u00e9 pour toutes et tous, il arbore une coupe unisexe confortable, au design affirm\u00e9.<br data-start=\"368\" data-end=\"371\" \/>Le noir pour l\u2019intensit\u00e9, le dor\u00e9 pour l\u2019\u00e9l\u00e9gance. Un \u00e9quilibre subtil entre puissance visuelle et h\u00e9ritage symbolique.<\/p>\n<p>Et parce qu\u2019on ne pouvait imaginer un autre message, le seul sponsor visible est \u00ab\u00a0Visit Egypt\u00a0\u00bb, car la fiert\u00e9 du pays ne devrait jamais s\u2019effacer. En touche finale, l\u2019\u0153il d\u2019Horus dans la nuque, gardien protecteur, r\u00e9pond \u00e0 la cl\u00e9 du Nil sur le devant, pour un \u00e9quilibre mystique et symbolique. Un design pens\u00e9 comme un talisman, \u00e0 porter au quotidien.<\/p>\n<p><span id=\"p7\"><span id=\"29\" class=\"s-rg\">EFS<\/span><\/span><span id=\"p7\">\u064a\u0645\u0643\u0646\u0643 \u0628\u0627\u0644\u0637\u0628\u0639 \u0625\u0636\u0641\u0627\u0621 \u0637\u0627\u0628\u0639\u0643 \u0627\u0644\u0634\u062e\u0635\u064a \u0639\u0644\u0649 \u0627\u0644\u062d\u0630\u0627\u0621 \u0645\u0646 \u062e\u0644\u0627\u0644 \u0648\u0636\u0639 \u0632\u064a\u0646\u0629 PUMA 25 \u0627\u0644\u0631\u0633\u0645\u064a\u0629 \u0643\u0645\u0627 \u064a\u062d\u0644\u0648 \u0644\u0643: <\/span><span id=\"p8\">\u0644\u0627\u0639\u0628 \u0645\u062d\u062a\u0631\u0641 <\/span><span id=\"p8\"><span id=\"30\">\u0623\u0648<\/span><\/span><span id=\"p8\"> personnalis\u00e9 \u00e0 votre guise couleur dor\u00e9e.<\/span><\/p>\n<p><em>\u062c\u062f\u064a\u062f :<\/em> \u0623\u0638\u0647\u0631 \u062f\u0639\u0645\u0643 \u0645\u0646 \u062e\u0644\u0627\u0644 \u062a\u0632\u064a\u064a\u0646 \u0642\u0645\u0635\u0627\u0646\u0643 \u0628\u0639\u0644\u0627\u0645\u0629<a href=\"https:\/\/egyptfootballshop.com\/wp-content\/uploads\/2023\/10\/palestine.webp\"> \u0627\u0644\u0639\u0644\u0645 \u0627\u0644\u0641\u0644\u0633\u0637\u064a\u0646\u064a<\/a> \u0623\u0648 <a href=\"https:\/\/egyptfootballshop.com\/wp-content\/uploads\/2024\/01\/palestine5.webp\">\u0639\u0644\u0645 \u0645\u0635\u0631\/\u0641\u0644\u0633\u0637\u064a\u0646<\/a>. \u0643\u0644 \u0639\u0645\u0644\u064a\u0629 \u0634\u0631\u0627\u0621 \u0645\u0647\u0645\u0629\u060c \u0648\u0633\u064a\u062a\u0645 \u0627\u0644\u062a\u0628\u0631\u0639 \u0628\u062c\u0645\u064a\u0639 \u0627\u0644\u0639\u0627\u0626\u062f\u0627\u062a \u0625\u0644\u0649 \u062c\u0645\u0639\u064a\u0629 \u062e\u064a\u0631\u064a\u0629 \u0645\u062d\u0644\u064a\u0629 \u062a\u0639\u0645\u0644 \u0641\u064a \u0647\u0630\u0627 \u0627\u0644\u0645\u062c\u0627\u0644.<\/p>\n<p><span id=\"p9\"><strong>\u0627\u0644\u0645\u064a\u0632\u0627\u062a \u0648\u0627\u0644\u0641\u0648\u0627\u0626\u062f :<\/strong><\/span><\/p>\n<ul>\n<li>Technologie Drycell<\/li>\n<li>Logo 3D<\/li>\n<li>Dos en filet respirant<\/li>\n<li>Coupe unisexe<\/li>\n<li>100% \u0628\u0648\u0644\u064a\u0633\u062a\u0631 100%<\/li>\n<\/ul>\n<p><span id=\"p14\"><strong>\u062a\u0639\u0644\u064a\u0645\u0627\u062a \u0627\u0644\u0635\u064a\u0627\u0646\u0629 :<\/strong><\/span><\/p>\n<ul>\n<li><span id=\"p15\">\u0644\u0627 \u062a\u062c\u0641\u0641 \u0641\u064a \u0627\u0644\u0645\u062c\u0641\u0641<\/span><\/li>\n<li><span id=\"p16\">\u0627\u0644\u062d\u062f\u064a\u062f \u0645\u0646 \u0627\u0644\u062f\u0627\u062e\u0644 \u0648\u0627\u0644\u062e\u0627\u0631\u062c.<\/span><\/li>\n<li><span id=\"p17\">\u0642\u0627\u0628\u0644 \u0644\u0644\u063a\u0633\u0644 \u0641\u064a \u0627\u0644\u063a\u0633\u0627\u0644\u0629\u00a0<\/span><span id=\"p17\"><span id=\"23\">30\u00b0C<\/span><\/span><span id=\"p17\">\u0628\u0623\u0644\u0648\u0627\u0646 \u0645\u062a\u0634\u0627\u0628\u0647\u0629.<\/span><\/li>\n<\/ul>","protected":false},"featured_media":22130,"template":"","meta":[],"product_brand":[],"product_cat":[724,604,141],"product_tag":[377,559,555,568,713],"class_list":{"0":"post-22141","1":"product","2":"type-product","3":"status-publish","4":"has-post-thumbnail","6":"product_cat-bf20","7":"product_cat-bebe-enfants-junior","8":"product_cat-by-efs","9":"product_tag-efs","10":"product_tag-maillot","11":"product_tag-new","12":"product_tag-puma","13":"product_tag-seventh-station","15":"first","16":"instock","17":"shipping-taxable","18":"purchasable","19":"product-type-variable"},"exclude_global_add_ons":false,"addons":[{"name":"\u0627\u0644\u062a\u062f\u0641\u0642 \u0627\u0644\u0645\u062d\u062f\u062f \u0645\u0633\u0628\u0642\u0627\u064b","type":"multiple_choice","position":0,"required":false,"title_format":"label","default":"","description_enable":false,"description":"","placeholder_enable":false,"placeholder":"","display":"select","restrictions_type":"any_text","adjust_price":false,"price":"","price_type":"flat_fee","restrictions":false,"min":"0","max":"0","options":[{"label":"M.SALAH 10","price":"5","price_type":"flat_fee","image":0,"visibility":true},{"label":"M.MOHAMED 11","price":"5","price_type":"flat_fee","image":0,"visibility":true},{"label":"E.ASHOUR 8","price":"5","price_type":"flat_fee","image":0,"visibility":true},{"label":"MARMOUSH 22","price":"5","price_type":"flat_fee","image":0,"visibility":true},{"label":"M.TREZEGUET 7","price":"5","price_type":"flat_fee","image":0,"visibility":true},{"label":"M.ABDELMONEM 6","price":"5","price_type":"flat_fee","image":0,"visibility":true}],"id":1735166877},{"name":"\u0627\u0644\u0627\u0633\u0645 \u0648\u0627\u0644\u0631\u0642\u0645","type":"custom_text","position":1,"required":false,"title_format":"label","default":"","description_enable":false,"description":"","placeholder_enable":false,"placeholder":"","display":"select","restrictions_type":"any_text","adjust_price":true,"price":"5","price_type":"flat_fee","restrictions":true,"min":"0","max":"999","options":[],"id":1735174865},{"name":"\u062e\u064a\u0627\u0631 \u0641\u0644\u0633\u0637\u064a\u0646","type":"multiple_choice","position":2,"required":false,"title_format":"label","default":"","description_enable":true,"description":"\u0639\u0644\u0649 \u0627\u0644\u062c\u0632\u0621 \u0627\u0644\u0623\u0645\u0627\u0645\u064a \u0645\u0646 \u0627\u0644\u0642\u0645\u064a\u0635","placeholder_enable":false,"placeholder":"","display":"select","restrictions_type":"any_text","adjust_price":false,"price":"","price_type":"flat_fee","restrictions":false,"min":"0","max":"0","options":[{"label":"Drapeau Palestine","price":"3","price_type":"flat_fee","image":0,"visibility":true},{"label":"Drapeau \u00c9gypte\/Palestine","price":"3","price_type":"flat_fee","image":0,"visibility":true}],"id":1735174916},{"name":"7 \u0646\u062c\u0648\u0645","type":"checkbox","position":3,"required":false,"title_format":"label","default":"","description_enable":true,"description":"Au dessus du logo de l'EFA","placeholder_enable":false,"placeholder":"","display":"select","restrictions_type":"any_text","adjust_price":false,"price":"","price_type":"flat_fee","restrictions":false,"min":"0","max":"0","options":[{"label":"7 \u00e9toiles","price":"3","price_type":"flat_fee","image":0,"visibility":true}],"id":1749563080},{"name":"Flocage (nom et num\u00e9ro)","type":"custom_text","position":0,"required":false,"title_format":"heading","default":"","description_enable":false,"description":"","placeholder_enable":false,"placeholder":"","display":"select","restrictions_type":"any_text","adjust_price":true,"price":"10","price_type":"flat_fee","restrictions":true,"min":"0","max":"12","options":[]},{"name":"Personnalisation","type":"custom_text","position":1,"required":false,"title_format":"heading","default":"","description_enable":false,"description":"","placeholder_enable":false,"placeholder":"","display":"select","restrictions_type":"any_text","adjust_price":true,"price":"2","price_type":"flat_fee","restrictions":true,"min":"0","max":"2","options":[]}],"_links":{"self":[{"href":"https:\/\/egyptfootballshop.com\/ar\/wp-json\/wp\/v2\/product\/22141","targetHints":{"allow":["GET"]}}],"collection":[{"href":"https:\/\/egyptfootballshop.com\/ar\/wp-json\/wp\/v2\/product"}],"about":[{"href":"https:\/\/egyptfootballshop.com\/ar\/wp-json\/wp\/v2\/types\/product"}],"wp:featuredmedia":[{"embeddable":true,"href":"https:\/\/egyptfootballshop.com\/ar\/wp-json\/wp\/v2\/media\/22130"}],"wp:attachment":[{"href":"https:\/\/egyptfootballshop.com\/ar\/wp-json\/wp\/v2\/media?parent=22141"}],"wp:term":[{"taxonomy":"product_brand","embeddable":true,"href":"https:\/\/egyptfootballshop.com\/ar\/wp-json\/wp\/v2\/product_brand?post=22141"},{"taxonomy":"product_cat","embeddable":true,"href":"https:\/\/egyptfootballshop.com\/ar\/wp-json\/wp\/v2\/product_cat?post=22141"},{"taxonomy":"product_tag","embeddable":true,"href":"https:\/\/egyptfootballshop.com\/ar\/wp-json\/wp\/v2\/product_tag?post=22141"}],"curies":[{"name":"wp","href":"https:\/\/api.w.org\/{rel}","templated":true}]}}