{"id":22233,"date":"2026-02-28T17:41:28","date_gmt":"2026-02-28T16:41:28","guid":{"rendered":"https:\/\/egyptfootballshop.com\/?post_type=product&#038;p=22233"},"modified":"2026-04-12T17:00:10","modified_gmt":"2026-04-12T15:00:10","slug":"maillot-dentrainement-noir-zamalek-26-27","status":"publish","type":"product","link":"https:\/\/egyptfootballshop.com\/ar\/shop\/bf20\/maillot-dentrainement-noir-zamalek-26-27\/","title":{"rendered":"Maillot d&rsquo;entra\u00eenement noir Zamalek 26"},"content":{"rendered":"","protected":false},"excerpt":{"rendered":"<p><strong>Le dark de Zamalek, port\u00e9 avant la bataille.<\/strong><\/p>\n<p>Avant de fouler la pelouse, il y a toujours ce moment de calme, de pr\u00e9paration et de concentration. Le T-shirt d&rsquo;entrainement Nike de Zamalek accompagne les joueurs du club de la Colline Blanche dans ces instants o\u00f9 tout se joue d\u00e9j\u00e0, avant m\u00eame le coup d&rsquo;envoi.<\/p>\n<p>Con\u00e7u par Nike, il affiche un design sobre et moderne, fid\u00e8le \u00e0 l&rsquo;\u00e9l\u00e9gance du club cairote. L\u00e9ger et respirant, il offre un confort optimal pour l&rsquo;\u00e9chauffement, l&rsquo;entra\u00eenement ou le quotidien des supporters qui veulent porter les couleurs de Zamalek au-del\u00e0 du stade.<\/p>\n<p>Poussez la personnalisation au maximum en choisissant d\u2019y ajouter sur la face avant num\u00e9ro et\/ou initiales et <a href=\"https:\/\/egyptfootballshop.com\/wp-content\/uploads\/2026\/04\/oniro.webp\">sponsors \u00e0 l&rsquo;arri\u00e8re du maillot<\/a>, afin de rappeler \u00e0 vos adversaires que vous \u00eates un fervent supporter des chevaliers blancs.<\/p>\n<p><em>\u062c\u062f\u064a\u062f :<\/em> \u0623\u0638\u0647\u0631 \u062f\u0639\u0645\u0643 \u0645\u0646 \u062e\u0644\u0627\u0644 \u062a\u0632\u064a\u064a\u0646 \u0642\u0645\u0635\u0627\u0646\u0643 \u0628\u0639\u0644\u0627\u0645\u0629<a href=\"https:\/\/egyptfootballshop.com\/wp-content\/uploads\/2023\/10\/palestine.webp\"> \u0627\u0644\u0639\u0644\u0645 \u0627\u0644\u0641\u0644\u0633\u0637\u064a\u0646\u064a<\/a> \u0623\u0648 <a href=\"https:\/\/egyptfootballshop.com\/wp-content\/uploads\/2024\/01\/palestine5.webp\">\u0639\u0644\u0645 \u0645\u0635\u0631\/\u0641\u0644\u0633\u0637\u064a\u0646<\/a>. \u0643\u0644 \u0639\u0645\u0644\u064a\u0629 \u0634\u0631\u0627\u0621 \u0645\u0647\u0645\u0629\u060c \u0648\u0633\u064a\u062a\u0645 \u0627\u0644\u062a\u0628\u0631\u0639 \u0628\u062c\u0645\u064a\u0639 \u0627\u0644\u0639\u0627\u0626\u062f\u0627\u062a \u0625\u0644\u0649 \u062c\u0645\u0639\u064a\u0629 \u062e\u064a\u0631\u064a\u0629 \u0645\u062d\u0644\u064a\u0629 \u062a\u0639\u0645\u0644 \u0641\u064a \u0647\u0630\u0627 \u0627\u0644\u0645\u062c\u0627\u0644.<\/p>\n<p><strong>\u0627\u0644\u0645\u064a\u0632\u0627\u062a \u0648\u0627\u0644\u0641\u0648\u0627\u0626\u062f :<\/strong><\/p>\n<ul>\n<li>\u0627\u0644\u0642\u0635: \u0646\u062d\u064a\u0641 \u0648\u0645\u0646\u0627\u0633\u0628<\/li>\n<li>Technologie DRIFIT\u00ae<\/li>\n<li>100% \u0628\u0648\u0644\u064a\u0633\u062a\u0631 100%<\/li>\n<\/ul>\n<p><strong>\u062a\u0639\u0644\u064a\u0645\u0627\u062a \u0627\u0644\u0635\u064a\u0627\u0646\u0629 :<\/strong><\/p>\n<ul>\n<li>\u0644\u0627 \u062a\u062c\u0641\u0641 \u0641\u064a \u0627\u0644\u0645\u062c\u0641\u0641<\/li>\n<li>\u0627\u0644\u062d\u062f\u064a\u062f \u0645\u0646 \u0627\u0644\u062f\u0627\u062e\u0644 \u0648\u0627\u0644\u062e\u0627\u0631\u062c.<\/li>\n<li>\u0642\u0627\u0628\u0644 \u0644\u0644\u063a\u0633\u0644 \u0641\u064a \u0627\u0644\u063a\u0633\u0627\u0644\u0629 \u0639\u0644\u0649 \u062f\u0631\u062c\u0629 \u062d\u0631\u0627\u0631\u0629 30 \u062f\u0631\u062c\u0629 \u0645\u0626\u0648\u064a\u0629\u060c \u0628\u0623\u0644\u0648\u0627\u0646 \u0645\u062a\u0634\u0627\u0628\u0647\u0629.<\/li>\n<\/ul>","protected":false},"featured_media":22152,"template":"","meta":[],"product_brand":[],"product_cat":[724,729],"product_tag":[561,567,555,722],"class_list":{"0":"post-22233","1":"product","2":"type-product","3":"status-publish","4":"has-post-thumbnail","6":"product_cat-bf20","7":"product_cat-zamalek","8":"product_tag-training","9":"product_tag-nike","10":"product_tag-new","11":"product_tag-zamalek","13":"first","14":"instock","15":"shipping-taxable","16":"purchasable","17":"product-type-variable"},"exclude_global_add_ons":false,"addons":[{"name":"Sponsor arri\u00e8re","type":"checkbox","position":0,"required":false,"title_format":"label","default":"","description_enable":false,"description":"","placeholder_enable":false,"placeholder":"","display":"select","restrictions_type":"any_text","adjust_price":false,"price":"","price_type":"flat_fee","restrictions":false,"min":"0","max":"0","options":[{"label":"ONIRO","price":"3","price_type":"flat_fee","image":0,"visibility":true}],"id":1775655899},{"name":"Flocage match","type":"custom_text","position":1,"required":false,"title_format":"label","default":"","description_enable":false,"description":"","placeholder_enable":false,"placeholder":"","display":"select","restrictions_type":"any_text","adjust_price":true,"price":"5","price_type":"flat_fee","restrictions":true,"min":"0","max":"12","options":[],"id":1773078545},{"name":"\u062e\u064a\u0627\u0631 \u0641\u0644\u0633\u0637\u064a\u0646","type":"multiple_choice","position":2,"required":false,"title_format":"label","default":"0","description_enable":true,"description":"\u0639\u0644\u0649 \u0627\u0644\u062c\u0632\u0621 \u0627\u0644\u0623\u0645\u0627\u0645\u064a \u0645\u0646 \u0627\u0644\u0642\u0645\u064a\u0635","placeholder_enable":false,"placeholder":"","display":"select","restrictions_type":"any_text","adjust_price":false,"price":"","price_type":"flat_fee","restrictions":false,"min":"0","max":"0","options":[{"label":"Drapeau Palestine","price":"3","price_type":"flat_fee","image":0,"visibility":true},{"label":"Drapeau \u00c9gypte\/Palestine","price":"3","price_type":"flat_fee","image":0,"visibility":true}],"id":1772301339},{"name":"\u0627\u0644\u0623\u062d\u0631\u0641 \u0627\u0644\u0623\u0648\u0644\u0649 \u0648\u0627\u0644\u0631\u0642\u0645","type":"custom_text","position":3,"required":false,"title_format":"label","default":"","description_enable":false,"description":"","placeholder_enable":false,"placeholder":"","display":"select","restrictions_type":"any_text","adjust_price":true,"price":"3","price_type":"flat_fee","restrictions":true,"min":"0","max":"4","options":[],"id":1772301338},{"name":"Flocage (nom et num\u00e9ro)","type":"custom_text","position":0,"required":false,"title_format":"heading","default":"","description_enable":false,"description":"","placeholder_enable":false,"placeholder":"","display":"select","restrictions_type":"any_text","adjust_price":true,"price":"10","price_type":"flat_fee","restrictions":true,"min":"0","max":"12","options":[]},{"name":"Personnalisation","type":"custom_text","position":1,"required":false,"title_format":"heading","default":"","description_enable":false,"description":"","placeholder_enable":false,"placeholder":"","display":"select","restrictions_type":"any_text","adjust_price":true,"price":"2","price_type":"flat_fee","restrictions":true,"min":"0","max":"2","options":[]}],"_links":{"self":[{"href":"https:\/\/egyptfootballshop.com\/ar\/wp-json\/wp\/v2\/product\/22233","targetHints":{"allow":["GET"]}}],"collection":[{"href":"https:\/\/egyptfootballshop.com\/ar\/wp-json\/wp\/v2\/product"}],"about":[{"href":"https:\/\/egyptfootballshop.com\/ar\/wp-json\/wp\/v2\/types\/product"}],"wp:featuredmedia":[{"embeddable":true,"href":"https:\/\/egyptfootballshop.com\/ar\/wp-json\/wp\/v2\/media\/22152"}],"wp:attachment":[{"href":"https:\/\/egyptfootballshop.com\/ar\/wp-json\/wp\/v2\/media?parent=22233"}],"wp:term":[{"taxonomy":"product_brand","embeddable":true,"href":"https:\/\/egyptfootballshop.com\/ar\/wp-json\/wp\/v2\/product_brand?post=22233"},{"taxonomy":"product_cat","embeddable":true,"href":"https:\/\/egyptfootballshop.com\/ar\/wp-json\/wp\/v2\/product_cat?post=22233"},{"taxonomy":"product_tag","embeddable":true,"href":"https:\/\/egyptfootballshop.com\/ar\/wp-json\/wp\/v2\/product_tag?post=22233"}],"curies":[{"name":"wp","href":"https:\/\/api.w.org\/{rel}","templated":true}]}}