{"id":22316,"date":"2026-03-25T13:07:13","date_gmt":"2026-03-25T12:07:13","guid":{"rendered":"https:\/\/egyptfootballshop.com\/?post_type=product&#038;p=22316"},"modified":"2026-03-25T15:06:12","modified_gmt":"2026-03-25T14:06:12","slug":"maillot-gardien-vert-egypte-25-26","status":"publish","type":"product","link":"https:\/\/egyptfootballshop.com\/ar\/shop\/faegypt\/maillot-gardien-vert-egypte-25-26\/","title":{"rendered":"Maillot gardien vert \u00c9gypte 25\/26"},"content":{"rendered":"","protected":false},"excerpt":{"rendered":"<p><strong><em>Un maillot qui parle pour lui-m\u00eame.<\/em><\/strong><\/p>\n<p>Le maillot gardien de l&rsquo;\u00e9quipe d&rsquo;\u00c9gypte en version verte incarne puissance, sang-froid et autorit\u00e9 sur la ligne. Pens\u00e9 pour ceux qui veulent d\u00e9fendre leurs couleurs avec caract\u00e8re, il s&rsquo;inspire de l&rsquo;exigence du poste de gardien : d\u00e9cisif, solide, incontournable.<\/p>\n<p>Sa teinte verte distinctive apporte une identit\u00e9 forte sur le terrain comme en dehors, tout en rendant hommage aux gardiens qui ont marqu\u00e9 l&rsquo;histoire du football \u00e9gyptien.<\/p>\n<p>Les d\u00e9tails graphiques ton sur ton, associ\u00e9s au logo de la f\u00e9d\u00e9ration en finition sur le c\u0153ur, renforcent le c\u00f4t\u00e9 premium du maillot et affirment votre attachement \u00e0 la s\u00e9lection.<\/p>\n<p>La coupe SLIM FIT PRO\u00ae \u00e9pouse parfaitement le corps pour offrir une sensation de seconde peau, id\u00e9ale pour allier confort, libert\u00e9 de mouvement et performance.<\/p>\n<p><em><strong>\u062c\u062f\u064a\u062f :<\/strong><\/em> \u0623\u0638\u0647\u0631 \u062f\u0639\u0645\u0643 \u0645\u0646 \u062e\u0644\u0627\u0644 \u062a\u0632\u064a\u064a\u0646 \u0642\u0645\u0635\u0627\u0646\u0643 \u0628\u0639\u0644\u0627\u0645\u0629<a href=\"https:\/\/egyptfootballshop.com\/wp-content\/uploads\/2023\/10\/palestine.webp\"> \u0627\u0644\u0639\u0644\u0645 \u0627\u0644\u0641\u0644\u0633\u0637\u064a\u0646\u064a<\/a> \u0623\u0648 <a href=\"https:\/\/egyptfootballshop.com\/wp-content\/uploads\/2024\/01\/palestine5.webp\">\u0639\u0644\u0645 \u0645\u0635\u0631\/\u0641\u0644\u0633\u0637\u064a\u0646<\/a>. \u0643\u0644 \u0639\u0645\u0644\u064a\u0629 \u0634\u0631\u0627\u0621 \u0645\u0647\u0645\u0629\u060c \u0648\u0633\u064a\u062a\u0645 \u0627\u0644\u062a\u0628\u0631\u0639 \u0628\u062c\u0645\u064a\u0639 \u0627\u0644\u0639\u0627\u0626\u062f\u0627\u062a \u0625\u0644\u0649 \u062c\u0645\u0639\u064a\u0629 \u062e\u064a\u0631\u064a\u0629 \u0645\u062d\u0644\u064a\u0629 \u062a\u0639\u0645\u0644 \u0641\u064a \u0647\u0630\u0627 \u0627\u0644\u0645\u062c\u0627\u0644.<\/p>\n<p><strong>\u0627\u0644\u0645\u064a\u0632\u0627\u062a \u0648\u0627\u0644\u0641\u0648\u0627\u0626\u062f :<\/strong><\/p>\n<ul>\n<li>\u0627\u0644\u0642\u0635: SLIM FIT PRO<\/li>\n<li>\u062a\u0642\u0646\u064a\u0629 DRYCELL\u2122 \u29cf378\u29d0<\/li>\n<li>100% \u0628\u0648\u0644\u064a\u0633\u062a\u0631 100%<\/li>\n<\/ul>\n<p><strong>\u062a\u0639\u0644\u064a\u0645\u0627\u062a \u0627\u0644\u0635\u064a\u0627\u0646\u0629 :<\/strong><\/p>\n<ul>\n<li>\u0644\u0627 \u062a\u062c\u0641\u0641 \u0641\u064a \u0627\u0644\u0645\u062c\u0641\u0641<\/li>\n<li>\u0627\u0644\u062d\u062f\u064a\u062f \u0645\u0646 \u0627\u0644\u062f\u0627\u062e\u0644 \u0648\u0627\u0644\u062e\u0627\u0631\u062c.<\/li>\n<li>\u0642\u0627\u0628\u0644 \u0644\u0644\u063a\u0633\u0644 \u0641\u064a \u0627\u0644\u063a\u0633\u0627\u0644\u0629 \u0639\u0644\u0649 \u062f\u0631\u062c\u0629 \u062d\u0631\u0627\u0631\u0629 30 \u062f\u0631\u062c\u0629 \u0645\u0626\u0648\u064a\u0629\u060c \u0628\u0623\u0644\u0648\u0627\u0646 \u0645\u062a\u0634\u0627\u0628\u0647\u0629.<\/li>\n<\/ul>","protected":false},"featured_media":22318,"template":"","meta":[],"product_brand":[],"product_cat":[372],"product_tag":[591,572,559,568],"class_list":{"0":"post-22316","1":"product","2":"type-product","3":"status-publish","4":"has-post-thumbnail","6":"product_cat-faegypt","7":"product_tag-can","8":"product_tag-efa","9":"product_tag-maillot","10":"product_tag-puma","12":"first","13":"instock","14":"sale","15":"shipping-taxable","16":"purchasable","17":"product-type-variable"},"exclude_global_add_ons":false,"addons":[{"name":"\u062e\u064a\u0627\u0631 \u0641\u0644\u0633\u0637\u064a\u0646","type":"checkbox","position":0,"required":false,"title_format":"label","default":"","description_enable":true,"description":"Veuillez choisir qu'un seul drapeau.","placeholder_enable":false,"placeholder":"","display":"select","restrictions_type":"any_text","adjust_price":false,"price":"","price_type":"flat_fee","restrictions":false,"min":"0","max":"0","options":[{"label":"Drapeau Palestine","price":"3","price_type":"flat_fee","image":0,"visibility":true},{"label":"Drapeau \u00c9gypte\/Palestine","price":"3","price_type":"flat_fee","image":0,"visibility":true}],"id":1704804329},{"name":"\u0627\u0644\u062a\u062f\u0641\u0642 \u0627\u0644\u0645\u062e\u0635\u0635 \u062d\u0633\u0628 \u0627\u0644\u0637\u0644\u0628","type":"custom_text","position":1,"required":false,"title_format":"label","default":"","description_enable":false,"description":"","placeholder_enable":false,"placeholder":"","display":"select","restrictions_type":"any_text","adjust_price":true,"price":"5","price_type":"flat_fee","restrictions":true,"min":"0","max":"12","options":[],"id":1774445307},{"name":"Flocage (nom et num\u00e9ro)","type":"custom_text","position":0,"required":false,"title_format":"heading","default":"","description_enable":false,"description":"","placeholder_enable":false,"placeholder":"","display":"select","restrictions_type":"any_text","adjust_price":true,"price":"10","price_type":"flat_fee","restrictions":true,"min":"0","max":"12","options":[]},{"name":"Personnalisation","type":"custom_text","position":1,"required":false,"title_format":"heading","default":"","description_enable":false,"description":"","placeholder_enable":false,"placeholder":"","display":"select","restrictions_type":"any_text","adjust_price":true,"price":"2","price_type":"flat_fee","restrictions":true,"min":"0","max":"2","options":[]}],"_links":{"self":[{"href":"https:\/\/egyptfootballshop.com\/ar\/wp-json\/wp\/v2\/product\/22316","targetHints":{"allow":["GET"]}}],"collection":[{"href":"https:\/\/egyptfootballshop.com\/ar\/wp-json\/wp\/v2\/product"}],"about":[{"href":"https:\/\/egyptfootballshop.com\/ar\/wp-json\/wp\/v2\/types\/product"}],"wp:featuredmedia":[{"embeddable":true,"href":"https:\/\/egyptfootballshop.com\/ar\/wp-json\/wp\/v2\/media\/22318"}],"wp:attachment":[{"href":"https:\/\/egyptfootballshop.com\/ar\/wp-json\/wp\/v2\/media?parent=22316"}],"wp:term":[{"taxonomy":"product_brand","embeddable":true,"href":"https:\/\/egyptfootballshop.com\/ar\/wp-json\/wp\/v2\/product_brand?post=22316"},{"taxonomy":"product_cat","embeddable":true,"href":"https:\/\/egyptfootballshop.com\/ar\/wp-json\/wp\/v2\/product_cat?post=22316"},{"taxonomy":"product_tag","embeddable":true,"href":"https:\/\/egyptfootballshop.com\/ar\/wp-json\/wp\/v2\/product_tag?post=22316"}],"curies":[{"name":"wp","href":"https:\/\/api.w.org\/{rel}","templated":true}]}}