{"id":22521,"date":"2026-05-02T00:27:05","date_gmt":"2026-05-01T22:27:05","guid":{"rendered":"https:\/\/egyptfootballshop.com\/?post_type=product&#038;p=22521"},"modified":"2026-05-02T00:27:05","modified_gmt":"2026-05-01T22:27:05","slug":"sac-a-dos-rouge-et-blanc-al-ahly","status":"publish","type":"product","link":"https:\/\/egyptfootballshop.com\/ar\/shop\/al-ahly\/sac-a-dos-rouge-et-blanc-al-ahly\/","title":{"rendered":"Sac \u00e0 dos rouge et blanc Al Ahly"},"content":{"rendered":"<p>Sac \u00e0 dos Adidas Al Ahly rouge et blanc. Pratique, r\u00e9sistant et confortable avec 26L de capacit\u00e9, id\u00e9al pour sport et quotidien.<\/p>","protected":false},"excerpt":{"rendered":"<p data-start=\"163\" data-end=\"354\">Un indispensable du quotidien, inspir\u00e9 du football et pens\u00e9 pour la performance. Le <strong data-start=\"247\" data-end=\"275\">sac \u00e0 dos Adidas Al Ahly<\/strong> allie praticit\u00e9, confort et identit\u00e9 pour accompagner tous vos d\u00e9placements.<\/p>\n<p data-start=\"356\" data-end=\"627\">Issu de la gamme <strong data-start=\"373\" data-end=\"391\">Tiro 23 League<\/strong>, ce sac reprend un design sportif et fonctionnel, avec une capacit\u00e9 id\u00e9ale pour transporter vos essentiels au quotidien comme \u00e0 l&rsquo;entra\u00eenement. Son format structur\u00e9 et ses compartiments permettent une organisation simple et efficace.<\/p>\n<p data-start=\"629\" data-end=\"857\">Con\u00e7u en <strong data-start=\"638\" data-end=\"659\">polyester recycl\u00e9<\/strong>, il s&rsquo;inscrit dans une d\u00e9marche plus responsable tout en offrant <strong data-start=\"725\" data-end=\"753\">r\u00e9sistance et durabilit\u00e9<\/strong>. Ses <strong data-start=\"759\" data-end=\"795\">bretelles matelass\u00e9es ajustables<\/strong> assurent un confort optimal, m\u00eame en utilisation prolong\u00e9e.<\/p>\n<p data-start=\"859\" data-end=\"1014\">Avec ses <strong data-start=\"868\" data-end=\"895\">couleurs rouge et blanc<\/strong> et son ADN football, il s&rsquo;impose comme une pi\u00e8ce \u00e0 la fois utile et identifiable pour tous les supporters d&rsquo;Al Ahly.<\/p>\n<p data-section-id=\"ukv56c\" data-start=\"1016\" data-end=\"1040\"><strong>Caract\u00e9ristiques :<\/strong><\/p>\n<ul data-start=\"1041\" data-end=\"1338\">\n<li data-section-id=\"c581pr\" data-start=\"1041\" data-end=\"1070\">Couleurs : rouge et blanc<\/li>\n<li data-section-id=\"kvw8lx\" data-start=\"1071\" data-end=\"1104\">Gamme : Adidas Tiro 23 League<\/li>\n<li data-section-id=\"6vzvjw\" data-start=\"1105\" data-end=\"1142\">Mati\u00e8re : 100 % polyester recycl\u00e9<\/li>\n<li data-section-id=\"1tmmqh4\" data-start=\"1143\" data-end=\"1206\">Volume : environ 26 L<\/li>\n<li data-section-id=\"o744mc\" data-start=\"1207\" data-end=\"1246\">Bretelles ajustables et matelass\u00e9es<\/li>\n<li data-section-id=\"1rc6759\" data-start=\"1247\" data-end=\"1279\">Compartiment principal zipp\u00e9<\/li>\n<li data-section-id=\"1emgjbf\" data-start=\"1280\" data-end=\"1308\">Poches lat\u00e9rales en mesh<\/li>\n<li data-section-id=\"187786g\" data-start=\"1309\" data-end=\"1338\">Base renforc\u00e9e r\u00e9sistante<\/li>\n<\/ul>\n<p data-section-id=\"1fwqdwi\" data-start=\"1340\" data-end=\"1357\"><strong>Entretien :<\/strong><\/p>\n<ul data-start=\"1358\" data-end=\"1439\">\n<li data-section-id=\"lp19ek\" data-start=\"1358\" data-end=\"1391\">Nettoyage avec chiffon humide<\/li>\n<li data-section-id=\"gctmqr\" data-start=\"1392\" data-end=\"1419\">Ne pas laver en machine<\/li>\n<li data-section-id=\"482ptc\" data-start=\"1420\" data-end=\"1439\">Ne pas repasser<\/li>\n<\/ul>","protected":false},"featured_media":22498,"template":"","meta":[],"product_brand":[],"product_cat":[608],"product_tag":[569,607,555],"class_list":{"0":"post-22521","1":"product","2":"type-product","3":"status-publish","4":"has-post-thumbnail","6":"product_cat-al-ahly","7":"product_tag-adidas","8":"product_tag-al-ahly","9":"product_tag-new","11":"first","12":"instock","13":"shipping-taxable","14":"product-type-simple"},"exclude_global_add_ons":[],"addons":[],"_links":{"self":[{"href":"https:\/\/egyptfootballshop.com\/ar\/wp-json\/wp\/v2\/product\/22521","targetHints":{"allow":["GET"]}}],"collection":[{"href":"https:\/\/egyptfootballshop.com\/ar\/wp-json\/wp\/v2\/product"}],"about":[{"href":"https:\/\/egyptfootballshop.com\/ar\/wp-json\/wp\/v2\/types\/product"}],"wp:featuredmedia":[{"embeddable":true,"href":"https:\/\/egyptfootballshop.com\/ar\/wp-json\/wp\/v2\/media\/22498"}],"wp:attachment":[{"href":"https:\/\/egyptfootballshop.com\/ar\/wp-json\/wp\/v2\/media?parent=22521"}],"wp:term":[{"taxonomy":"product_brand","embeddable":true,"href":"https:\/\/egyptfootballshop.com\/ar\/wp-json\/wp\/v2\/product_brand?post=22521"},{"taxonomy":"product_cat","embeddable":true,"href":"https:\/\/egyptfootballshop.com\/ar\/wp-json\/wp\/v2\/product_cat?post=22521"},{"taxonomy":"product_tag","embeddable":true,"href":"https:\/\/egyptfootballshop.com\/ar\/wp-json\/wp\/v2\/product_tag?post=22521"}],"curies":[{"name":"wp","href":"https:\/\/api.w.org\/{rel}","templated":true}]}}