{"id":22534,"date":"2026-05-09T01:46:06","date_gmt":"2026-05-08T23:46:06","guid":{"rendered":"https:\/\/egyptfootballshop.com\/?post_type=product&#038;p=22534"},"modified":"2026-05-09T12:10:30","modified_gmt":"2026-05-09T10:10:30","slug":"veste-mi-saison-noir-egypte","status":"publish","type":"product","link":"https:\/\/egyptfootballshop.com\/ar\/shop\/faegypt\/veste-mi-saison-noir-egypte\/","title":{"rendered":"Veste tech oversize noir \u00c9gypte"},"content":{"rendered":"","protected":false},"excerpt":{"rendered":"<p>Vous aussi, brillez lors de vos sorties avec cette veste mi-saison issu de la gamme PRESENTATION. Le logo iconique de la marque ainsi que celui de la f\u00e9d\u00e9ration en \u00ab\u00a03D PRINT\u00a0\u00bb sur le c\u0153ur, marqueront votre soutient \u00e0 \u00ab OUM EL DONIA \u00bb<\/p>\n<p>La coupe oversize \u00e0 la pointe de la tendance, vous offrira un confort, in\u00e9gal\u00e9 ainsi qu&rsquo;un look \ufffcr\u00e9tro fashion, effet garanti !<\/p>\n<p>\u0627\u0631\u062a\u0642\u0650 \u0628\u0627\u0644\u062a\u062e\u0635\u064a\u0635 \u0625\u0644\u0649 \u0623\u0642\u0635\u0649 \u062d\u062f \u0645\u0646 \u062e\u0644\u0627\u0644 \u0627\u062e\u062a\u064a\u0627\u0631 \u0625\u0636\u0627\u0641\u0629 <a href=\"https:\/\/egyptfootballshop.com\/wp-content\/uploads\/2023\/03\/initiales.jpg\">\u0627\u0644\u0631\u0642\u0645 \u0648\/\u0623\u0648 \u0627\u0644\u0623\u062d\u0631\u0641 \u0627\u0644\u0623\u0648\u0644\u0649<\/a>\u0641\u0625\u0646 <a href=\"https:\/\/egyptfootballshop.com\/wp-content\/uploads\/2023\/03\/sponsors1.jpg\">\u0627\u0644\u0631\u0639\u0627\u0629<\/a> \u0644\u0644\u0645\u0646\u062a\u062e\u0628 \u0627\u0644\u0648\u0637\u0646\u064a \u0639\u0644\u0649 \u0648\u0627\u062c\u0647\u0629 \u0627\u0644\u0642\u0645\u064a\u0635 \u0648\u0639\u0644\u0627\u0645\u0629 <a href=\"https:\/\/egyptfootballshop.com\/wp-content\/uploads\/2020\/10\/trr3.webp\">\u0645\u0643\u062a\u0648\u0628 \u0639\u0644\u0649 \u0638\u0647\u0631\u0647\u0627 \u0645\u0635\u0631<\/a> \u0623\u0648 <a href=\"https:\/\/egyptfootballshop.com\/wp-content\/uploads\/2023\/03\/masr-dos-rouge.jpg\">\u0645\u0635\u0631<\/a>\u0644\u062a\u0630\u0643\u064a\u0631 \u062e\u0635\u0648\u0645\u0643 \u0628\u0623\u0646\u0643 \u0641\u064a \u0635\u0641 <strong><span id=\"p9\">\u0633\u0628\u0639\u0629 \u0623\u0636\u0639\u0627\u0641<\/span>&nbsp;\u0628\u0637\u0644 \u0623\u0641\u0631\u064a\u0642\u064a\u0627<\/strong><\/p>\n<p><em>\u062c\u062f\u064a\u062f :<\/em> \u0623\u0638\u0647\u0631 \u062f\u0639\u0645\u0643 \u0645\u0646 \u062e\u0644\u0627\u0644 \u062a\u0632\u064a\u064a\u0646 \u0642\u0645\u0635\u0627\u0646\u0643 \u0628\u0639\u0644\u0627\u0645\u0629<a href=\"https:\/\/egyptfootballshop.com\/wp-content\/uploads\/2023\/10\/palestine.webp\"> \u0627\u0644\u0639\u0644\u0645 \u0627\u0644\u0641\u0644\u0633\u0637\u064a\u0646\u064a<\/a> \u0623\u0648 <a href=\"https:\/\/egyptfootballshop.com\/wp-content\/uploads\/2024\/01\/palestine5.webp\">\u0639\u0644\u0645 \u0645\u0635\u0631\/\u0641\u0644\u0633\u0637\u064a\u0646<\/a>. \u0643\u0644 \u0639\u0645\u0644\u064a\u0629 \u0634\u0631\u0627\u0621 \u0645\u0647\u0645\u0629\u060c \u0648\u0633\u064a\u062a\u0645 \u0627\u0644\u062a\u0628\u0631\u0639 \u0628\u062c\u0645\u064a\u0639 \u0627\u0644\u0639\u0627\u0626\u062f\u0627\u062a \u0625\u0644\u0649 \u062c\u0645\u0639\u064a\u0629 \u062e\u064a\u0631\u064a\u0629 \u0645\u062d\u0644\u064a\u0629 \u062a\u0639\u0645\u0644 \u0641\u064a \u0647\u0630\u0627 \u0627\u0644\u0645\u062c\u0627\u0644.<\/p>\n<p><strong>\u0627\u0644\u0645\u064a\u0632\u0627\u062a \u0648\u0627\u0644\u0641\u0648\u0627\u0626\u062f :<\/strong><\/p>\n<ul>\n<li>Coupe : OVERSIZE FIT<\/li>\n<li>100% \u0628\u0648\u0644\u064a\u0633\u062a\u0631 100%<\/li>\n<\/ul>\n<p><strong>\u062a\u0639\u0644\u064a\u0645\u0627\u062a \u0627\u0644\u0635\u064a\u0627\u0646\u0629 :<\/strong><\/p>\n<ul>\n<li>\u0644\u0627 \u062a\u062c\u0641\u0641 \u0641\u064a \u0627\u0644\u0645\u062c\u0641\u0641<\/li>\n<li>\u0627\u0644\u062d\u062f\u064a\u062f \u0645\u0646 \u0627\u0644\u062f\u0627\u062e\u0644 \u0648\u0627\u0644\u062e\u0627\u0631\u062c.<\/li>\n<li>\u0642\u0627\u0628\u0644 \u0644\u0644\u063a\u0633\u0644 \u0641\u064a \u0627\u0644\u063a\u0633\u0627\u0644\u0629 \u0639\u0644\u0649 \u062f\u0631\u062c\u0629 \u062d\u0631\u0627\u0631\u0629 30 \u062f\u0631\u062c\u0629 \u0645\u0626\u0648\u064a\u0629\u060c \u0628\u0623\u0644\u0648\u0627\u0646 \u0645\u062a\u0634\u0627\u0628\u0647\u0629<\/li>\n<\/ul>","protected":false},"featured_media":22496,"template":"","meta":[],"product_brand":[],"product_cat":[372],"product_tag":[572,561,555,568],"class_list":{"0":"post-22534","1":"product","2":"type-product","3":"status-publish","4":"has-post-thumbnail","6":"product_cat-faegypt","7":"product_tag-efa","8":"product_tag-training","9":"product_tag-new","10":"product_tag-puma","12":"first","13":"instock","14":"shipping-taxable","15":"purchasable","16":"product-type-variable"},"exclude_global_add_ons":false,"addons":[{"name":"\u0627\u0644\u062e\u064a\u0627\u0631\u0627\u062a","type":"checkbox","position":0,"required":false,"title_format":"label","default":"","description_enable":true,"description":"Veuillez choisir qu'un seul flocage.","placeholder_enable":false,"placeholder":"","display":"select","restrictions_type":"any_text","adjust_price":false,"price":"","price_type":"flat_fee","restrictions":false,"min":"0","max":"0","options":[{"label":"Flocage EGYPT sur le dos","price":"3","price_type":"flat_fee","image":0,"visibility":true},{"label":"Flocage \u0645\u0635\u0631 au dos","price":"3","price_type":"flat_fee","image":0,"visibility":true},{"label":"Sponsors","price":"3","price_type":"flat_fee","image":0,"visibility":true}],"id":1705174150},{"name":"\u0627\u0644\u0623\u062d\u0631\u0641 \u0627\u0644\u0623\u0648\u0644\u0649 \u0648\/\u0623\u0648 \u0627\u0644\u0623\u0631\u0642\u0627\u0645","type":"custom_text","position":1,"required":false,"title_format":"label","default":"","description_enable":false,"description":"","placeholder_enable":false,"placeholder":"","display":"select","restrictions_type":"any_text","adjust_price":true,"price":"3","price_type":"flat_fee","restrictions":true,"min":"0","max":"4","options":[],"id":1705174151},{"name":"\u062e\u064a\u0627\u0631 \u0641\u0644\u0633\u0637\u064a\u0646","type":"checkbox","position":2,"required":false,"title_format":"label","default":"","description_enable":true,"description":"Veuillez choisir qu'un seul drapeau.","placeholder_enable":false,"placeholder":"","display":"select","restrictions_type":"any_text","adjust_price":false,"price":"","price_type":"flat_fee","restrictions":false,"min":"0","max":"0","options":[{"label":"Drapeau Palestine","price":"3","price_type":"flat_fee","image":0,"visibility":true},{"label":"Drapeau \u00c9gypte\/Palestine","price":"3","price_type":"flat_fee","image":0,"visibility":true}],"id":1705174152},{"name":"Flocage (nom et num\u00e9ro)","type":"custom_text","position":0,"required":false,"title_format":"heading","default":"","description_enable":false,"description":"","placeholder_enable":false,"placeholder":"","display":"select","restrictions_type":"any_text","adjust_price":true,"price":"10","price_type":"flat_fee","restrictions":true,"min":"0","max":"12","options":[]},{"name":"Personnalisation","type":"custom_text","position":1,"required":false,"title_format":"heading","default":"","description_enable":false,"description":"","placeholder_enable":false,"placeholder":"","display":"select","restrictions_type":"any_text","adjust_price":true,"price":"2","price_type":"flat_fee","restrictions":true,"min":"0","max":"2","options":[]}],"_links":{"self":[{"href":"https:\/\/egyptfootballshop.com\/ar\/wp-json\/wp\/v2\/product\/22534","targetHints":{"allow":["GET"]}}],"collection":[{"href":"https:\/\/egyptfootballshop.com\/ar\/wp-json\/wp\/v2\/product"}],"about":[{"href":"https:\/\/egyptfootballshop.com\/ar\/wp-json\/wp\/v2\/types\/product"}],"wp:featuredmedia":[{"embeddable":true,"href":"https:\/\/egyptfootballshop.com\/ar\/wp-json\/wp\/v2\/media\/22496"}],"wp:attachment":[{"href":"https:\/\/egyptfootballshop.com\/ar\/wp-json\/wp\/v2\/media?parent=22534"}],"wp:term":[{"taxonomy":"product_brand","embeddable":true,"href":"https:\/\/egyptfootballshop.com\/ar\/wp-json\/wp\/v2\/product_brand?post=22534"},{"taxonomy":"product_cat","embeddable":true,"href":"https:\/\/egyptfootballshop.com\/ar\/wp-json\/wp\/v2\/product_cat?post=22534"},{"taxonomy":"product_tag","embeddable":true,"href":"https:\/\/egyptfootballshop.com\/ar\/wp-json\/wp\/v2\/product_tag?post=22534"}],"curies":[{"name":"wp","href":"https:\/\/api.w.org\/{rel}","templated":true}]}}