{"id":22576,"date":"2026-05-12T19:14:10","date_gmt":"2026-05-12T17:14:10","guid":{"rendered":"https:\/\/egyptfootballshop.com\/?post_type=product&#038;p=22576"},"modified":"2026-05-13T00:59:00","modified_gmt":"2026-05-12T22:59:00","slug":"maillot-match-domicile-egypte-26-27","status":"publish","type":"product","link":"https:\/\/egyptfootballshop.com\/ar\/shop\/bf20\/maillot-match-domicile-egypte-26-27\/","title":{"rendered":"Maillot match domicile \u00c9gypte 26\/27"},"content":{"rendered":"<p>Maillot domicile \u00c9gypte 2026\/27 officiel : le nouveau maillot des Pharaons pour la Coupe du Monde, entre h\u00e9ritage \u00e9gyptien, design premium et performance PUMA.<\/p>","protected":false},"excerpt":{"rendered":"<p><span id=\"p33\"><strong><em>Born in Masr made for the World<\/em><\/strong><\/span><\/p>\n<p>Le nouveau maillot domicile de l&rsquo;\u00c9gypte 2026\/27 sign\u00e9 PUMA rend hommage \u00e0 l&rsquo;h\u00e9ritage des Pharaons avec une base rouge intense sublim\u00e9e par des d\u00e9tails dor\u00e9s puissants et des motifs inspir\u00e9s de l&rsquo;histoire \u00e9gyptienne. Pens\u00e9 pour la Coupe du Monde 2026, ce maillot combine \u00e9l\u00e9gance, identit\u00e9 et performance dans un design devenu instantan\u00e9ment iconique.<\/p>\n<p>Con\u00e7u avec la technologie dryCELL pour rester au sec et confortable, il offre une coupe moderne id\u00e9ale aussi bien pour les jours de match que pour un outfit lifestyle. Entre tradition, fiert\u00e9 nationale et esth\u00e9tique premium, ce maillot \u00c9gypte 2026\/2027 incarne parfaitement la nouvelle g\u00e9n\u00e9ration du football \u00e9gyptien men\u00e9e par les Pharaons.<\/p>\n<p><span id=\"p7\"><span id=\"29\" class=\"s-rg\">EFS<\/span><\/span><span id=\"p7\">, vous propose \u00e9videmment de le personnaliser avec le flocage officiel PUMA 26 selon vos envies : <\/span><span id=\"p8\">\u0644\u0627\u0639\u0628 \u0645\u062d\u062a\u0631\u0641 <\/span><span id=\"p8\"><span id=\"30\">\u0623\u0648<\/span><\/span><span id=\"p8\"> \u0643\u0645\u0627 \u064a\u062d\u0644\u0648 \u0644\u0643.<\/span><\/p>\n<p><em>\u062c\u062f\u064a\u062f :<\/em> \u0623\u0638\u0647\u0631 \u062f\u0639\u0645\u0643 \u0645\u0646 \u062e\u0644\u0627\u0644 \u062a\u0632\u064a\u064a\u0646 \u0642\u0645\u0635\u0627\u0646\u0643 \u0628\u0639\u0644\u0627\u0645\u0629<a href=\"https:\/\/egyptfootballshop.com\/wp-content\/uploads\/2023\/10\/palestine.webp\"> \u0627\u0644\u0639\u0644\u0645 \u0627\u0644\u0641\u0644\u0633\u0637\u064a\u0646\u064a<\/a> \u0623\u0648 <a href=\"https:\/\/egyptfootballshop.com\/wp-content\/uploads\/2024\/01\/palestine5.webp\">\u0639\u0644\u0645 \u0645\u0635\u0631\/\u0641\u0644\u0633\u0637\u064a\u0646<\/a>. \u0643\u0644 \u0639\u0645\u0644\u064a\u0629 \u0634\u0631\u0627\u0621 \u0645\u0647\u0645\u0629\u060c \u0648\u0633\u064a\u062a\u0645 \u0627\u0644\u062a\u0628\u0631\u0639 \u0628\u062c\u0645\u064a\u0639 \u0627\u0644\u0639\u0627\u0626\u062f\u0627\u062a \u0625\u0644\u0649 \u062c\u0645\u0639\u064a\u0629 \u062e\u064a\u0631\u064a\u0629 \u0645\u062d\u0644\u064a\u0629 \u062a\u0639\u0645\u0644 \u0641\u064a \u0647\u0630\u0627 \u0627\u0644\u0645\u062c\u0627\u0644.<\/p>\n<p><span id=\"p9\"><strong>\u0627\u0644\u0645\u064a\u0632\u0627\u062a \u0648\u0627\u0644\u0641\u0648\u0627\u0626\u062f :<\/strong><\/span><\/p>\n<ul>\n<li><span id=\"p10\">\u0643\u0623\u0633 :<\/span><span id=\"p11\">\u00a0<\/span><span id=\"p11\"><span id=\"19\" class=\"s-rg\">\u0646\u062d\u064a\u0641<\/span><\/span><span id=\"p11\">\u00a0<\/span><span id=\"p11\"><span id=\"20\" class=\"s-bl\">\u0645\u0644\u0627\u0626\u0645\u0629<\/span><\/span><\/li>\n<li><span id=\"p12\">\u0627\u0644\u062a\u0643\u0646\u0648\u0644\u0648\u062c\u064a\u0627\u00a0<\/span><span id=\"p12\"><span id=\"21\" class=\"s-rg\">\u062f\u0631\u0627\u064a\u0633\u064a\u0644\u00ae DRYCELL<\/span><\/span><\/li>\n<li><span id=\"p13\"><span id=\"22\" class=\"s-bl\">100%<\/span><\/span><span id=\"p13\"> \u0628\u0648\u0644\u064a\u0633\u062a\u0631<\/span><\/li>\n<\/ul>\n<p><span id=\"p14\"><strong>\u062a\u0639\u0644\u064a\u0645\u0627\u062a \u0627\u0644\u0635\u064a\u0627\u0646\u0629 :<\/strong><\/span><\/p>\n<ul>\n<li><span id=\"p15\">\u0644\u0627 \u062a\u062c\u0641\u0641 \u0641\u064a \u0627\u0644\u0645\u062c\u0641\u0641<\/span><\/li>\n<li><span id=\"p16\">\u0627\u0644\u062d\u062f\u064a\u062f \u0645\u0646 \u0627\u0644\u062f\u0627\u062e\u0644 \u0648\u0627\u0644\u062e\u0627\u0631\u062c.<\/span><\/li>\n<li><span id=\"p17\">\u0642\u0627\u0628\u0644 \u0644\u0644\u063a\u0633\u0644 \u0641\u064a \u0627\u0644\u063a\u0633\u0627\u0644\u0629\u00a0<\/span><span id=\"p17\"><span id=\"23\">30\u00b0C<\/span><\/span><span id=\"p17\">\u0628\u0623\u0644\u0648\u0627\u0646 \u0645\u062a\u0634\u0627\u0628\u0647\u0629.<\/span><\/li>\n<\/ul>","protected":false},"featured_media":22589,"template":"","meta":[],"product_brand":[],"product_cat":[724,372],"product_tag":[572,559,555,568],"class_list":{"0":"post-22576","1":"product","2":"type-product","3":"status-publish","4":"has-post-thumbnail","6":"product_cat-bf20","7":"product_cat-faegypt","8":"product_tag-efa","9":"product_tag-maillot","10":"product_tag-new","11":"product_tag-puma","13":"first","14":"instock","15":"featured","16":"shipping-taxable","17":"purchasable","18":"product-type-variable"},"exclude_global_add_ons":false,"addons":[{"name":"\u0627\u0644\u062a\u062f\u0641\u0642 \u0627\u0644\u0645\u062d\u062f\u062f \u0645\u0633\u0628\u0642\u0627\u064b","type":"multiple_choice","position":0,"required":false,"title_format":"label","default":"","description_enable":false,"description":"","placeholder_enable":false,"placeholder":"","display":"select","restrictions_type":"any_text","adjust_price":false,"price":"","price_type":"flat_fee","restrictions":false,"min":"0","max":"0","options":[{"label":"M.SALAH 10","price":"7","price_type":"flat_fee","image":0,"visibility":true},{"label":"M.MOHAMED 11","price":"7","price_type":"flat_fee","image":0,"visibility":true},{"label":"E.ASHOUR 8","price":"7","price_type":"flat_fee","image":0,"visibility":true},{"label":"MARMOUSH 22","price":"7","price_type":"flat_fee","image":0,"visibility":true},{"label":"M.TREZEGUET 7","price":"7","price_type":"flat_fee","image":0,"visibility":true},{"label":"M.ABDELMONEM 6","price":"7","price_type":"flat_fee","image":0,"visibility":true}],"id":1735166877},{"name":"\u0627\u0644\u0627\u0633\u0645 \u0648\u0627\u0644\u0631\u0642\u0645","type":"custom_text","position":1,"required":false,"title_format":"label","default":"","description_enable":false,"description":"","placeholder_enable":false,"placeholder":"","display":"select","restrictions_type":"any_text","adjust_price":true,"price":"7","price_type":"flat_fee","restrictions":true,"min":"0","max":"999","options":[],"id":1735174865},{"name":"\u062e\u064a\u0627\u0631 \u0641\u0644\u0633\u0637\u064a\u0646","type":"multiple_choice","position":2,"required":false,"title_format":"label","default":"","description_enable":true,"description":"\u0639\u0644\u0649 \u0627\u0644\u062c\u0632\u0621 \u0627\u0644\u0623\u0645\u0627\u0645\u064a \u0645\u0646 \u0627\u0644\u0642\u0645\u064a\u0635","placeholder_enable":false,"placeholder":"","display":"select","restrictions_type":"any_text","adjust_price":false,"price":"","price_type":"flat_fee","restrictions":false,"min":"0","max":"0","options":[{"label":"Drapeau Palestine","price":"3","price_type":"flat_fee","image":0,"visibility":true},{"label":"Drapeau \u00c9gypte\/Palestine","price":"3","price_type":"flat_fee","image":0,"visibility":true}],"id":1735174916},{"name":"PATCH WC","type":"checkbox","position":3,"required":false,"title_format":"label","default":"","description_enable":false,"description":"","placeholder_enable":false,"placeholder":"","display":"select","restrictions_type":"any_text","adjust_price":false,"price":"","price_type":"flat_fee","restrictions":false,"min":"0","max":"0","options":[{"label":"World Cup","price":"5","price_type":"flat_fee","image":0,"visibility":true}],"id":1767358906},{"name":"Flocage (nom et num\u00e9ro)","type":"custom_text","position":0,"required":false,"title_format":"heading","default":"","description_enable":false,"description":"","placeholder_enable":false,"placeholder":"","display":"select","restrictions_type":"any_text","adjust_price":true,"price":"10","price_type":"flat_fee","restrictions":true,"min":"0","max":"12","options":[]},{"name":"Personnalisation","type":"custom_text","position":1,"required":false,"title_format":"heading","default":"","description_enable":false,"description":"","placeholder_enable":false,"placeholder":"","display":"select","restrictions_type":"any_text","adjust_price":true,"price":"2","price_type":"flat_fee","restrictions":true,"min":"0","max":"2","options":[]}],"_links":{"self":[{"href":"https:\/\/egyptfootballshop.com\/ar\/wp-json\/wp\/v2\/product\/22576","targetHints":{"allow":["GET"]}}],"collection":[{"href":"https:\/\/egyptfootballshop.com\/ar\/wp-json\/wp\/v2\/product"}],"about":[{"href":"https:\/\/egyptfootballshop.com\/ar\/wp-json\/wp\/v2\/types\/product"}],"wp:featuredmedia":[{"embeddable":true,"href":"https:\/\/egyptfootballshop.com\/ar\/wp-json\/wp\/v2\/media\/22589"}],"wp:attachment":[{"href":"https:\/\/egyptfootballshop.com\/ar\/wp-json\/wp\/v2\/media?parent=22576"}],"wp:term":[{"taxonomy":"product_brand","embeddable":true,"href":"https:\/\/egyptfootballshop.com\/ar\/wp-json\/wp\/v2\/product_brand?post=22576"},{"taxonomy":"product_cat","embeddable":true,"href":"https:\/\/egyptfootballshop.com\/ar\/wp-json\/wp\/v2\/product_cat?post=22576"},{"taxonomy":"product_tag","embeddable":true,"href":"https:\/\/egyptfootballshop.com\/ar\/wp-json\/wp\/v2\/product_tag?post=22576"}],"curies":[{"name":"wp","href":"https:\/\/api.w.org\/{rel}","templated":true}]}}