{"id":18393,"date":"2024-09-06T14:53:33","date_gmt":"2024-09-06T12:53:33","guid":{"rendered":"https:\/\/egyptfootballshop.com\/?page_id=18393"},"modified":"2024-09-06T14:53:35","modified_gmt":"2024-09-06T12:53:35","slug":"mentions-legales","status":"publish","type":"page","link":"https:\/\/egyptfootballshop.com\/en\/mentions-legales\/","title":{"rendered":"Legal Notice"},"content":{"rendered":"<h2 class=\"wp-block-heading has-text-align-center has-x-large-font-size\">LEGAL NOTICE<\/h2>\n\n\n\n<h4 class=\"wp-block-heading\">1. PRESENTATION OF THE SITE<\/h4>\n\n\n\n<p><strong>By virtue of&nbsp;<span style=\"color: var(--theme-palette-color-1, #A62F26);\" class=\"stk-highlight\">Article 6 of law no. 2004-575 of 21 June 2004<\/span>&nbsp;pour la confiance dans l'\u00e9conomie num\u00e9rique, users of the egyptfootballshop.com website are informed of the identity of the various parties involved in its creation and follow-up:<\/strong><\/p>\n\n\n\n<p><strong>&nbsp; &nbsp; &nbsp; &nbsp;\u00b7&nbsp;&nbsp;&nbsp;&nbsp;<span style=\"color: var(--theme-palette-color-1, #A62F26);\" class=\"stk-highlight\">Owner:<\/span>&nbsp;EGYPT FOOTBALLSHOP - Auto-entrepreneur - 1 all\u00e9e des Quatre Vingts - 93700 Drancy - France<\/strong><\/p>\n\n\n\n<p><strong>\u00b7&nbsp;&nbsp;&nbsp;&nbsp;<span style=\"color: var(--theme-palette-color-1, #A62F26);\" class=\"stk-highlight\">Creator:<\/span>&nbsp;Alla-Eddine Ayadi<\/strong><\/p>\n\n\n\n<p><strong>\u00b7&nbsp; &nbsp;&nbsp;<span style=\"color: var(--theme-palette-color-1, #A62F26);\" class=\"stk-highlight\">Publication manager:<\/span>&nbsp;Alla-Eddine Ayadi - egypt.footballshop@gmail.com<\/strong><\/p>\n\n\n\n<p><strong>\u00b7&nbsp; &nbsp;&nbsp;<span style=\"color: var(--theme-palette-color-1, #A62F26);\" class=\"stk-highlight\">Webmaster:<\/span> Alla Eddine Ayadi - egypt.footballshop@gmail.com<\/strong><\/p>\n\n\n\n<p><strong>\u00b7&nbsp;&nbsp;&nbsp;<span style=\"color: var(--theme-palette-color-1, #A62F26);\" class=\"stk-highlight\">&nbsp;Host :<\/span>&nbsp;Hostinger International Ltd. - 61 Lordou Vironos Street - 6023 Larnaca - Cyprus<\/strong><\/p>\n\n\n\n<p><strong>\u00b7&nbsp;&nbsp;&nbsp;&nbsp;<span style=\"color: var(--theme-palette-color-1, #A62F26);\" class=\"stk-highlight\">Credits:<\/span>&nbsp;Amir Marei Madi - Nour-Anne Nassar - Diana Aguiar Frias - Alla-Eddine Ayadi<\/strong><\/p>\n\n\n\n<h4 class=\"wp-block-heading\">2. GENERAL CONDITIONS OF USE OF THE SITE AND THE SERVICES OFFERED<\/h4>\n\n\n\n<p><strong>Use of the site&nbsp;<span style=\"color: var(--theme-palette-color-1, #A62F26);\" class=\"stk-highlight\">egyptfootballshop.com<\/span>&nbsp;implies full acceptance of the general conditions of use described below. These conditions of use may be modified or supplemented at any time, and users of the egyptfootballshop.com website are therefore invited to consult them regularly.<\/strong><\/p>\n\n\n\n<p><strong>This site is normally accessible to users at all times. An interruption due to technical maintenance may however be decided by <span style=\"color: var(--theme-palette-color-1, #A62F26);\" class=\"stk-highlight\">EGYPT FOOTBALLSHOP<\/span>, who will then endeavor to communicate to users beforehand the dates and times of the intervention.<\/strong><\/p>\n\n\n\n<p><strong>The site\u00a0<span style=\"color: var(--theme-palette-color-1, #A62F26);\" class=\"stk-highlight\">egyptfootballshop.com<\/span>\u00a0is updated regularly by Alla-Eddine Ayadi. Likewise, the legal notices can be modified at any time: they are nevertheless binding on the user who is invited to refer to them as often as possible in order to become acquainted with them.<\/strong><\/p>\n\n\n\n<h4 class=\"wp-block-heading\">3. DESCRIPTION OF THE SERVICES PROVIDED<\/h4>\n\n\n\n<p><strong>The site\u00a0<span style=\"color: var(--theme-palette-color-1, #A62F26);\" class=\"stk-highlight\">egyptfootballshop.com<\/span>\u00a0aims to provide information on all activities.<\/strong><\/p>\n\n\n\n<p><strong><span style=\"color: var(--theme-palette-color-1, #A62F26);\" class=\"stk-highlight\">EGYPT FOOTBALLSHOP\u00a0<\/span>strives to provide information on the egyptfootballshop.com site that is as accurate as possible. However, it cannot be held responsible for omissions, inaccuracies or failures to update, whether these are its fault or the fault of third party partners who provide this information.<\/strong><\/p>\n\n\n\n<p><strong>All the information indicated on the site\u00a0<span style=\"color: var(--theme-palette-color-1, #A62F26);\" class=\"stk-highlight\">egyptfootballshop.com<\/span>\u00a0are given for information only, and are subject to change. In addition, the information on the site<span style=\"color: var(--theme-palette-color-1, #A62F26);\" class=\"stk-highlight\">\u00a0egyptfootballshop.com<\/span>\u00a0are not exhaustive. They are given subject to modifications having been made since they were put online.<\/strong><\/p>\n\n\n\n<h4 class=\"wp-block-heading\">4. CONTRACTUAL LIMITATIONS ON TECHNICAL DATA<\/h4>\n\n\n\n<p><strong>The site uses WordPress technology.<\/strong><\/p>\n\n\n\n<p><strong>The website cannot be held responsible for material damage related to the use of the site. In addition, the user of the site undertakes to access the site using recent equipment, which does not contain viruses and with an up-to-date latest generation browser.<\/strong><\/p>\n\n\n\n<h4 class=\"wp-block-heading\">5. INTELLECTUAL PROPERTY AND INFRINGEMENT<\/h4>\n\n\n\n<p><strong><span style=\"color: var(--theme-palette-color-1, #A62F26);\" class=\"stk-highlight\">EGYPT FOOTBALLSHOP<\/span>\u00a0is the owner of the intellectual property rights or holds the rights of use on all the elements accessible on the site, in particular the texts, images, graphics, logos, icons, sounds and software.<\/strong><\/p>\n\n\n\n<p><strong>Any reproduction, representation, modification, publication, adaptation of all or part of the elements of the site, whatever the means or process used, is prohibited, except with the prior written authorization of:\u00a0<span style=\"color: var(--theme-palette-color-1, #A62F26);\" class=\"stk-highlight\">EGYPT FOOTBALLSHOP<\/span>.<\/strong><\/p>\n\n\n\n<p><strong>Any unauthorized use of the site or any of the elements it contains will be considered as constituting an infringement and prosecuted in accordance with the provisions\u00a0<span style=\"color: var(--theme-palette-color-1, #A62F26);\" class=\"stk-highlight\">articles L.335-2 and following of the Intellectual Property Code<\/span>.<\/strong><\/p>\n\n\n\n<h4 class=\"wp-block-heading\">6. LIMITATIONS OF LIABILITY<\/h4>\n\n\n\n<p><strong><span style=\"color: var(--theme-palette-color-1, #A62F26);\" class=\"stk-highlight\">EGYPT FOOTBALLSHOP<\/span>\u00a0cannot be held responsible for direct or indirect damage caused to the user's equipment when accessing the egyptfootballshop.com site, resulting either from the use of equipment that does not meet the specifications indicated in point 4, or from the appearance of a bug or incompatibility.<\/strong><\/p>\n\n\n\n<p><strong><span style=\"color: var(--theme-palette-color-1, #A62F26);\" class=\"stk-highlight\">EGYPT FOOTBALLSHOP<\/span>\u00a0cannot also be held responsible for indirect damages (such as for example a loss of market or loss of a chance) consecutive to the use of the site\u00a0<span style=\"color: var(--theme-palette-color-1, #A62F26);\" class=\"stk-highlight\">egyptfootballshop.com<\/span>.<\/strong><\/p>\n\n\n\n<p><strong>Interactive spaces (possibility to ask questions in the contact space) are available to users.\u00a0<span style=\"color: var(--theme-palette-color-1, #A62F26);\" class=\"stk-highlight\">EGYPT FOOTBALLSHOP<\/span>\u00a0reserves the right to remove, without prior notice, any content posted in this space that would violate the law applicable in France, in particular the provisions relating to data protection. If applicable,\u00a0<span style=\"color: var(--theme-palette-color-1, #A62F26);\" class=\"stk-highlight\">EGYPT FOOTBALLSHOP<\/span>\u00a0also reserves the right to question the civil and \/ or criminal liability of the user, in particular in the event of a racist, abusive, defamatory or pornographic message, whatever the medium used (text, photography, etc.).<\/strong><\/p>\n\n\n\n<h4 class=\"wp-block-heading\">7. MANAGEMENT OF PERSONAL DATA<\/h4>\n\n\n\n<p><strong>In France, personal data is protected in particular by\u00a0<span style=\"color: var(--theme-palette-color-1, #A62F26);\" class=\"stk-highlight\">law no. 78-87 of 6 January 1978, law no. 2004-801 of 6 August 2004, article L. 226-13 of the French Criminal Code and the European Directive of 24 October 1995.<\/span><\/strong><\/p>\n\n\n\n<p><strong>When using the site\u00a0<span style=\"color: var(--theme-palette-color-1, #A62F26);\" class=\"stk-highlight\">egyptfootballshop.com<\/span>\u00a0The following information may be collected: the URL of the links through which the user accessed the egyptfootballshop.com site, the user's access provider, the user's Internet Protocol (IP) address.<\/strong><\/p>\n\n\n\n<p><strong>In any case<span style=\"color: var(--theme-palette-color-1, #A62F26);\" class=\"stk-highlight\">\u00a0EGYPT FOOTBALLSHOP<\/span>\u00a0only collects personal information relating to the user for the purposes of certain services offered by the site.\u00a0<span style=\"color: var(--theme-palette-color-1, #A62F26);\" class=\"stk-highlight\">egyptfootballshop.com<\/span>. Users provide this information with full knowledge of the facts, particularly when they enter it themselves. The user of the\u00a0<span style=\"color: var(--theme-palette-color-1, #A62F26);\" class=\"stk-highlight\">egyptfootballshop.com<\/span>\u00a0the obligation or not to provide this information.<\/strong><\/p>\n\n\n\n<p><strong>In accordance with the provisions\u00a0<span style=\"color: var(--theme-palette-color-1, #A62F26);\" class=\"stk-highlight\">Articles 38 et seq. of Act 78-17 of 6 January 1978 on Data Processing, Data Files and Individual Liberties<\/span>All users have the right to access, rectify and oppose any personal data concerning them, by sending a written and signed request, accompanied by a copy of the identity document with the signature of the holder of the document, specifying the address to which the reply should be sent.<\/strong><\/p>\n\n\n\n<p><strong>No personal information about the user of the\u00a0<span style=\"color: var(--theme-palette-color-1, #A62F26);\" class=\"stk-highlight\">egyptfootballshop.com\u00a0<\/span>is published without the user's knowledge, exchanged, transferred, assigned or sold on any medium whatsoever to third parties. Only the assumption of the purchase of\u00a0<span style=\"color: var(--theme-palette-color-1, #A62F26);\" class=\"stk-highlight\">EGYPT FOOTBALLSHOP\u00a0<\/span>and its rights would allow the transmission of the said information to the eventual purchaser who would in turn be bound by the same obligation of conservation and modification of the data with respect to the user of the site.\u00a0<span style=\"color: var(--theme-palette-color-1, #A62F26);\" class=\"stk-highlight\">egyptfootballshop.com<\/span>.<\/strong><\/p>\n\n\n\n<p><strong>The databases are protected by the provisions of\u00a0<span style=\"color: var(--theme-palette-color-1, #A62F26);\" class=\"stk-highlight\">the Law of 1 July 1998 transposing Directive 96\/9 of 11 March 1996 on the legal protection of databases<\/span>.<\/strong><\/p>\n\n\n\n<h4 class=\"wp-block-heading\">8. APPLICABLE LAW AND ATTRIBUTION OF JURISDICTION<\/h4>\n\n\n\n<p><strong>Any dispute in connection with the use of the site\u00a0<span style=\"color: var(--theme-palette-color-1, #A62F26);\" class=\"stk-highlight\">egyptfootballshop.com\u00a0<\/span>is subject to French law. Exclusive jurisdiction is attributed to the competent courts of Bobigny.<\/strong><\/p>\n\n\n\n<h4 class=\"wp-block-heading\">9. THE MAIN LAWS CONCERNED<\/h4>\n\n\n\n<p><strong><span style=\"color: var(--theme-palette-color-1, #A62F26);\" class=\"stk-highlight\">Act no. 78-17 of 6 January 1978, as amended by Act no. 2004-801 of 6 August 2004 on data processing, data files and individual liberties.<\/span><\/strong><\/p>\n\n\n\n<p><strong><span style=\"color: var(--theme-palette-color-1, #A62F26);\" class=\"stk-highlight\">Law no. 2004-575 of 21 June 2004 on confidence in the digital economy.<\/span><\/strong><\/p>\n\n\n\n<h4 class=\"wp-block-heading\">10. GLOSSARY<\/h4>\n\n\n\n<p><strong>User: Internet user connecting, using the aforementioned site.<\/strong><\/p>\n\n\n\n<p><strong>Personal information: \"information which enables, in any form whatsoever, directly or indirectly, the identification of the natural persons to whom it applies\" (article 4 of law no. 78-17 of 6 January 1978).<\/strong><\/p>","protected":false},"excerpt":{"rendered":"<p>MENTIONS L\u00c9GALES 1. PR\u00c9SENTATION DU SITE En vertu de&nbsp;l\u2019article 6 de la loi n\u00b0 2004-575 du 21 juin 2004&nbsp;pour la confiance dans l\u2019\u00e9conomie num\u00e9rique, il est pr\u00e9cis\u00e9 aux utilisateurs du site&nbsp;egyptfootballshop.com&nbsp;l\u2019identit\u00e9 des diff\u00e9rents intervenants dans le cadre de sa r\u00e9alisation et de son suivi : &nbsp; &nbsp; &nbsp; &nbsp;\u00b7&nbsp;&nbsp;&nbsp;&nbsp;Propri\u00e9taire :&nbsp;EGYPT FOOTBALLSHOP&nbsp;\u2013 Auto-entrepreneur \u2013 1 all\u00e9e [&hellip;]<\/p>\n","protected":false},"author":1,"featured_media":0,"parent":0,"menu_order":0,"comment_status":"closed","ping_status":"closed","template":"","meta":{"footnotes":""},"class_list":["post-18393","page","type-page","status-publish","hentry"],"blocksy_meta":{"has_hero_section":"disabled","styles_descriptor":{"styles":{"desktop":"","tablet":"","mobile":""},"google_fonts":[],"version":6}},"_links":{"self":[{"href":"https:\/\/egyptfootballshop.com\/en\/wp-json\/wp\/v2\/pages\/18393","targetHints":{"allow":["GET"]}}],"collection":[{"href":"https:\/\/egyptfootballshop.com\/en\/wp-json\/wp\/v2\/pages"}],"about":[{"href":"https:\/\/egyptfootballshop.com\/en\/wp-json\/wp\/v2\/types\/page"}],"author":[{"embeddable":true,"href":"https:\/\/egyptfootballshop.com\/en\/wp-json\/wp\/v2\/users\/1"}],"replies":[{"embeddable":true,"href":"https:\/\/egyptfootballshop.com\/en\/wp-json\/wp\/v2\/comments?post=18393"}],"version-history":[{"count":0,"href":"https:\/\/egyptfootballshop.com\/en\/wp-json\/wp\/v2\/pages\/18393\/revisions"}],"wp:attachment":[{"href":"https:\/\/egyptfootballshop.com\/en\/wp-json\/wp\/v2\/media?parent=18393"}],"curies":[{"name":"wp","href":"https:\/\/api.w.org\/{rel}","templated":true}]}}