{"id":18401,"date":"2024-09-06T15:50:07","date_gmt":"2024-09-06T13:50:07","guid":{"rendered":"https:\/\/egyptfootballshop.com\/?page_id=18401"},"modified":"2024-09-06T15:54:18","modified_gmt":"2024-09-06T13:54:18","slug":"politique-de-confidentialite","status":"publish","type":"page","link":"https:\/\/egyptfootballshop.com\/en\/politique-de-confidentialite\/","title":{"rendered":"Privacy Policy"},"content":{"rendered":"<h1 class=\"wp-block-heading has-text-align-center has-xx-large-font-size\">PRIVACY POLICY<\/h1>\n\n\n\n<h4 class=\"wp-block-heading\">1. INFORMATION GATHERING<\/h4>\n\n\n\n<p><strong>We collect information when you register on\u00a0<span style=\"color: var(--theme-palette-color-1, #A62F26);\" class=\"stk-highlight\">EGYPT FOOTBALLSHOP<\/span>, when you log into your account, make a purchase, enter a contest, and \/ or when you log out.<br>The information collected includes your name, email address and phone number.<\/strong><\/p>\n\n\n\n<p><strong>In addition, we automatically receive and record information from your computer and browser, including your IP address, your software and hardware, and the page you request.<\/strong><\/p>\n\n\n\n<h4 class=\"wp-block-heading\">2. USE OF INFORMATION<\/h4>\n\n\n\n<p><strong>All the information we collect from you can be used to:<\/strong><\/p>\n\n\n\n<p><strong>- personalise your experience and meet your individual needs,<\/strong><\/p>\n\n\n\n<p><strong>- provide personalised advertising content,<\/strong><\/p>\n\n\n\n<p><strong>- improve\u00a0<span style=\"color: var(--theme-palette-color-1, #A62F26);\" class=\"stk-highlight\">EGYPT FOOTBALLSHOP<\/span>,<\/strong><\/p>\n\n\n\n<p><strong>- improve customer service and your care needs,<\/strong><\/p>\n\n\n\n<p><strong>- contact you by e-mail,<\/strong><\/p>\n\n\n\n<p><strong>- administer a competition, promotion or survey.<\/strong><\/p>\n\n\n\n<h4 class=\"wp-block-heading\">3. CONFIDENTIALITY OF E-COMMERCE<\/h4>\n\n\n\n<p><strong>All the information we collect from you can be used to:<\/strong><\/p>\n\n\n\n<p><strong>- personalise your experience and meet your individual needs,<\/strong><\/p>\n\n\n\n<p><strong>- provide personalised advertising content,<\/strong><\/p>\n\n\n\n<p><strong>- improve<span style=\"color: var(--theme-palette-color-1, #A62F26);\" class=\"stk-highlight\">\u00a0EGYPT FOOTBALLSHOP<\/span>,<\/strong><\/p>\n\n\n\n<p><strong>- improve customer service and your care needs,<\/strong><\/p>\n\n\n\n<p><strong>- contact you by e-mail,<\/strong><\/p>\n\n\n\n<p><strong>- administer a competition, promotion or survey.<\/strong><\/p>\n\n\n\n<h4 class=\"wp-block-heading\">4. DISCLOSURE TO THIRD PARTIES<\/h4>\n\n\n\n<p><strong>We do not sell, trade, or transfer your personally identifiable information to third parties. This does not include trusted third parties who help us operate\u00a0<span style=\"color: var(--theme-palette-color-1, #A62F26);\" class=\"stk-highlight\">EGYPT FOOTBALLSHOP<\/span>\u00a0or to conduct our business, as long as these parties agree to keep this information confidential.<\/strong><\/p>\n\n\n\n<p><strong>We believe it is necessary to share information in order to investigate, prevent or take action regarding illegal activities, suspected fraud, situations involving potential threats to the physical safety of any person, violations of our terms and conditions. use, or when required by law.<\/strong><\/p>\n\n\n\n<p><strong>Non-private information, however, may be provided to other parties for marketing, advertising, or other uses.<\/strong><\/p>\n\n\n\n<h4 class=\"wp-block-heading\">5. PROTECTION OF INFORMATION<\/h4>\n\n\n\n<p><strong>We implement a variety of security measures to keep your personal information safe. We use state-of-the-art encryption to protect sensitive information transmitted online. We also protect your information offline.<br>Only employees who need to perform specific work (for example, billing or customer service) have access to personally identifiable information. Computers and servers used to store personally identifiable information are kept in a secure environment.\u00a0 \u00a0 \u00a0<\/strong><\/p>\n\n\n\n<h4 class=\"wp-block-heading\">6. DISAPPEAR<\/h4>\n\n\n\n<p><strong>We use the email address you provide to send you information and updates relating to your order, occasional company news, information on related products, etc.<\/strong><\/p>\n\n\n\n<p><strong>If at any time you want to unsubscribe and no longer receive emails, detailed unsubscribe instructions are included at the bottom of each email.\u00a0\u00a0<\/strong><\/p>\n\n\n\n<h4 class=\"wp-block-heading\">7. CONSENT<\/h4>\n\n\n\n<p><strong>Using<span style=\"color: var(--theme-palette-color-1, #A62F26);\" class=\"stk-highlight\">\u00a0EGYPT FOOTBALLSHOP<\/span>, you agree to our privacy policy.<\/strong><\/p>\n\n\n\n<p class=\"has-text-align-center\"><br><\/p>","protected":false},"excerpt":{"rendered":"<p>POLITIQUE DE CONFIDENTIALIT\u00c9 1. COLLECTE DE L\u2019INFORMATION Nous recueillons des informations lorsque vous vous inscrivez sur\u00a0EGYPT FOOTBALLSHOP, lorsque vous vous connectez \u00e0 votre compte, faites un achat, participez \u00e0 un concours, et\/ou lorsque vous vous d\u00e9connectez.Les informations recueillies incluent votre nom, votre adresse e-mail et num\u00e9ro de t\u00e9l\u00e9phone. En outre, nous recevons et enregistrons automatiquement [&hellip;]<\/p>\n","protected":false},"author":1,"featured_media":0,"parent":0,"menu_order":0,"comment_status":"closed","ping_status":"closed","template":"","meta":{"footnotes":""},"class_list":["post-18401","page","type-page","status-publish","hentry"],"blocksy_meta":{"has_hero_section":"disabled","styles_descriptor":{"styles":{"desktop":"","tablet":"","mobile":""},"google_fonts":[],"version":6}},"_links":{"self":[{"href":"https:\/\/egyptfootballshop.com\/en\/wp-json\/wp\/v2\/pages\/18401","targetHints":{"allow":["GET"]}}],"collection":[{"href":"https:\/\/egyptfootballshop.com\/en\/wp-json\/wp\/v2\/pages"}],"about":[{"href":"https:\/\/egyptfootballshop.com\/en\/wp-json\/wp\/v2\/types\/page"}],"author":[{"embeddable":true,"href":"https:\/\/egyptfootballshop.com\/en\/wp-json\/wp\/v2\/users\/1"}],"replies":[{"embeddable":true,"href":"https:\/\/egyptfootballshop.com\/en\/wp-json\/wp\/v2\/comments?post=18401"}],"version-history":[{"count":0,"href":"https:\/\/egyptfootballshop.com\/en\/wp-json\/wp\/v2\/pages\/18401\/revisions"}],"wp:attachment":[{"href":"https:\/\/egyptfootballshop.com\/en\/wp-json\/wp\/v2\/media?parent=18401"}],"curies":[{"name":"wp","href":"https:\/\/api.w.org\/{rel}","templated":true}]}}