{"id":14455,"date":"2022-03-27T19:53:24","date_gmt":"2022-03-27T17:53:24","guid":{"rendered":"https:\/\/egyptfootballshop.com\/?post_type=product&#038;p=14455"},"modified":"2026-03-26T00:00:37","modified_gmt":"2026-03-25T23:00:37","slug":"body-bebe-rouge-egypte","status":"publish","type":"product","link":"https:\/\/egyptfootballshop.com\/en\/shop\/bf20\/body-bebe-rouge-egypte\/","title":{"rendered":"Egypt red baby bodysuit"},"content":{"rendered":"","protected":false},"excerpt":{"rendered":"<p>Who's going to take over from Mohamed Salah if you don't introduce him to the love of Africa's most successful nation right from the start? This long-sleeved bodysuit in 100% organic cotton will be the very first step in your future star's career!<br \/>\nIt's easy to put on thanks to the 3 press studs at the crotch and the wide neckline.<br \/>\nPersonnalisez le selon vos envies en y ajoutant le nom ainsi que le num\u00e9ro de votre choix, et puis qui sait, peut-\u00eatre que dans quelques ann\u00e9es, \u00e7a sera les autres qui floqueront le nom de votre baby sur leur maillot !<\/p>\n<p>Another EFS creation you won't find anywhere else!<\/p>\n<p><strong>UNOFFICIAL PRODUCT<\/strong><\/p>\n<p><strong>Features and Benefits:<\/strong><\/p>\n<ul>\n<li>Material : 100% Organic cotton<\/li>\n<li>Long sleeves<\/li>\n<\/ul>\n<p><strong>Care instructions:<\/strong><\/p>\n<ul>\n<li>Do not tumble dry<\/li>\n<li>Iron inside out.<\/li>\n<li>Machine washable at 30\u00b0C, with similar colours.<\/li>\n<\/ul>","protected":false},"featured_media":22365,"template":"","meta":[],"product_brand":[],"product_cat":[724,604,141],"product_tag":[377,564],"class_list":{"0":"post-14455","1":"product","2":"type-product","3":"status-publish","4":"has-post-thumbnail","6":"product_cat-bf20","7":"product_cat-bebe-enfants-junior","8":"product_cat-by-efs","9":"product_tag-efs","10":"product_tag-enfants","12":"first","13":"instock","14":"shipping-taxable","15":"purchasable","16":"product-type-variable"},"exclude_global_add_ons":false,"addons":[{"name":"Flocking","type":"custom_text","position":0,"required":false,"title_format":"label","default":"","description_enable":false,"description":"","placeholder_enable":false,"placeholder":"","display":"select","restrictions_type":"any_text","adjust_price":true,"price":"1","price_type":"flat_fee","restrictions":true,"min":"0","max":"12","options":[],"id":1762804027},{"name":"Number","type":"custom_text","position":1,"required":false,"title_format":"label","default":"","description_enable":false,"description":"","placeholder_enable":false,"placeholder":"","display":"select","restrictions_type":"any_text","adjust_price":true,"price":"1","price_type":"flat_fee","restrictions":true,"min":"0","max":"2","options":[],"id":1762804028},{"name":"Flocking (name and number)","type":"custom_text","position":0,"required":false,"title_format":"heading","default":"","description_enable":false,"description":"","placeholder_enable":false,"placeholder":"","display":"select","restrictions_type":"any_text","adjust_price":true,"price":"10","price_type":"flat_fee","restrictions":true,"min":"0","max":"12","options":[]},{"name":"Personnalisation","type":"custom_text","position":1,"required":false,"title_format":"heading","default":"","description_enable":false,"description":"","placeholder_enable":false,"placeholder":"","display":"select","restrictions_type":"any_text","adjust_price":true,"price":"2","price_type":"flat_fee","restrictions":true,"min":"0","max":"2","options":[]}],"_links":{"self":[{"href":"https:\/\/egyptfootballshop.com\/en\/wp-json\/wp\/v2\/product\/14455","targetHints":{"allow":["GET"]}}],"collection":[{"href":"https:\/\/egyptfootballshop.com\/en\/wp-json\/wp\/v2\/product"}],"about":[{"href":"https:\/\/egyptfootballshop.com\/en\/wp-json\/wp\/v2\/types\/product"}],"wp:featuredmedia":[{"embeddable":true,"href":"https:\/\/egyptfootballshop.com\/en\/wp-json\/wp\/v2\/media\/22365"}],"wp:attachment":[{"href":"https:\/\/egyptfootballshop.com\/en\/wp-json\/wp\/v2\/media?parent=14455"}],"wp:term":[{"taxonomy":"product_brand","embeddable":true,"href":"https:\/\/egyptfootballshop.com\/en\/wp-json\/wp\/v2\/product_brand?post=14455"},{"taxonomy":"product_cat","embeddable":true,"href":"https:\/\/egyptfootballshop.com\/en\/wp-json\/wp\/v2\/product_cat?post=14455"},{"taxonomy":"product_tag","embeddable":true,"href":"https:\/\/egyptfootballshop.com\/en\/wp-json\/wp\/v2\/product_tag?post=14455"}],"curies":[{"name":"wp","href":"https:\/\/api.w.org\/{rel}","templated":true}]}}