{"id":15858,"date":"2023-03-26T19:00:19","date_gmt":"2023-03-26T17:00:19","guid":{"rendered":"https:\/\/egyptfootballshop.com\/?post_type=product&#038;p=15858"},"modified":"2025-11-27T21:45:25","modified_gmt":"2025-11-27T20:45:25","slug":"maillot-dentrainement-noir-a-bande-reflechissante-limited-edition","status":"publish","type":"product","link":"https:\/\/egyptfootballshop.com\/en\/shop\/bf30\/maillot-dentrainement-noir-a-bande-reflechissante-limited-edition\/","title":{"rendered":"Maillot d\u2019entrainement noir \u00e0 bande r\u00e9fl\u00e9chissante [LIMITED EDITION]"},"content":{"rendered":"","protected":false},"excerpt":{"rendered":"<p>Shine day and night with this pre-match T-shirt from the limited edition training range.<\/p>\n<p><span id=\"p5\">The brand's iconic logo in \"reflective\" grey and the federation's logo, woven into the heart, will mark your support for \" <strong>OM EL DONIA<\/strong> &quot;.<br \/>\n<\/span><span id=\"p6\">The reflective two-material graphic detailing on the shoulders adds the finishing touch, so you can take it out on the town or on the green rectangles.<br \/>\nOnce the phone flashes are switched on, you'll be the only one in sight!<br \/>\n<\/span><span id=\"p7\">Technology\u00a0<span id=\"37\" class=\"s-rg-t\">DRYCELL\u00ae<\/span>\u00a0will allow you to perfectly combine comfort and flexibility, thanks to its process of transporting humidity to the outside.<\/span><\/p>\n<p><span id=\"p9\">Take personalisation to the max by choosing to add <a href=\"https:\/\/egyptfootballshop.com\/wp-content\/uploads\/2023\/03\/initiales.jpg\">number and\/or initials<\/a>, <a href=\"https:\/\/egyptfootballshop.com\/wp-content\/uploads\/2023\/03\/sponsors1.jpg\">sponsors<\/a> of the national team on the front of the jersey and the <a href=\"https:\/\/egyptfootballshop.com\/wp-content\/uploads\/2023\/03\/5.webp\">marking <span id=\"39\" class=\"s-rg-t\">EGYPT<\/span>\u00a0on the back<\/a>\u00a0<\/span>(in reflective grey, of course) or <a href=\"https:\/\/egyptfootballshop.com\/wp-content\/uploads\/2022\/07\/pen3.png\">\u0645\u0635\u0631<\/a>It's a way of reminding your opponents that you're on the side of the seven-time African champions.<\/p>\n<p><em><strong>NEW :<\/strong><\/em> Show your support by emblazoning your shirts with the<a href=\"https:\/\/egyptfootballshop.com\/wp-content\/uploads\/2023\/10\/palestine.webp\"> Palestinian flag<\/a> or a <a href=\"https:\/\/egyptfootballshop.com\/wp-content\/uploads\/2024\/01\/palestine5.webp\">Egypt\/Palestine Flag<\/a>. Every purchase counts, and all proceeds will be donated to a local charity working in the field.<\/p>\n<p><strong><span id=\"p10\">Features and Benefits:<br \/>\n<\/span><\/strong><span id=\"p11\">Cup :<\/span><span id=\"p12\">\u00a0<span id=\"22\">SLIM<\/span> FIT.<br \/>\n<\/span><span id=\"p13\">Technology\u00a0<span id=\"24\" class=\"s-rg-t\">DRYCELL\u00ae.<br \/>\n<\/span><\/span><span id=\"p14\">Col V.<br \/>\n<\/span><span id=\"p43\">100 % Polyester.<\/span><\/p>\n<p><strong><span id=\"p16\">Care instructions:<br \/>\n<\/span><\/strong><span id=\"p17\">Do not tumble dry.<br \/>\n<\/span><span id=\"p18\">Iron inside out.<br \/>\n<\/span><span id=\"p44\">Machine washable at 30\u00b0C with similar colours.<\/span><\/p>","protected":false},"featured_media":19211,"template":"","meta":[],"product_brand":[],"product_cat":[726,372,602],"product_tag":[572,561,601,568],"class_list":{"0":"post-15858","1":"product","2":"type-product","3":"status-publish","4":"has-post-thumbnail","6":"product_cat-bf30","7":"product_cat-faegypt","8":"product_cat-promotions","9":"product_tag-efa","10":"product_tag-training","11":"product_tag-promotions","12":"product_tag-puma","14":"first","15":"instock","16":"sale","17":"shipping-taxable","18":"purchasable","19":"product-type-variable"},"exclude_global_add_ons":false,"addons":[{"name":"Options","type":"checkbox","position":0,"required":false,"title_format":"label","default":"","description_enable":true,"description":"Veuillez choisir qu'un seul flocage.","placeholder_enable":false,"placeholder":"","display":"select","restrictions_type":"any_text","adjust_price":false,"price":"","price_type":"flat_fee","restrictions":false,"min":"0","max":"0","options":[{"label":"Flocage EGYPT sur le dos","price":"3","price_type":"flat_fee","image":0,"visibility":true},{"label":"Flocage \u0645\u0635\u0631 au dos","price":"3","price_type":"flat_fee","image":0,"visibility":true},{"label":"Sponsors","price":"3","price_type":"flat_fee","image":0,"visibility":true}],"id":1704817938},{"name":"Initials and\/or numbers","type":"custom_text","position":1,"required":false,"title_format":"label","default":"","description_enable":false,"description":"","placeholder_enable":false,"placeholder":"","display":"select","restrictions_type":"any_text","adjust_price":true,"price":"3","price_type":"flat_fee","restrictions":true,"min":"0","max":"4","options":[],"id":1704817936},{"name":"Palestine option","type":"checkbox","position":2,"required":false,"title_format":"label","default":"","description_enable":true,"description":"Veuillez choisir qu'un seul drapeau.","placeholder_enable":false,"placeholder":"","display":"select","restrictions_type":"any_text","adjust_price":false,"price":"","price_type":"flat_fee","restrictions":false,"min":"0","max":"0","options":[{"label":"Drapeau Palestine","price":"3","price_type":"flat_fee","image":0,"visibility":true},{"label":"Drapeau \u00c9gypte\/Palestine","price":"3","price_type":"flat_fee","image":0,"visibility":true}],"id":1704817937},{"name":"Flocking (name and number)","type":"custom_text","position":0,"required":false,"title_format":"heading","default":"","description_enable":false,"description":"","placeholder_enable":false,"placeholder":"","display":"select","restrictions_type":"any_text","adjust_price":true,"price":"10","price_type":"flat_fee","restrictions":true,"min":"0","max":"12","options":[]},{"name":"Personnalisation","type":"custom_text","position":1,"required":false,"title_format":"heading","default":"","description_enable":false,"description":"","placeholder_enable":false,"placeholder":"","display":"select","restrictions_type":"any_text","adjust_price":true,"price":"2","price_type":"flat_fee","restrictions":true,"min":"0","max":"2","options":[]}],"_links":{"self":[{"href":"https:\/\/egyptfootballshop.com\/en\/wp-json\/wp\/v2\/product\/15858","targetHints":{"allow":["GET"]}}],"collection":[{"href":"https:\/\/egyptfootballshop.com\/en\/wp-json\/wp\/v2\/product"}],"about":[{"href":"https:\/\/egyptfootballshop.com\/en\/wp-json\/wp\/v2\/types\/product"}],"wp:featuredmedia":[{"embeddable":true,"href":"https:\/\/egyptfootballshop.com\/en\/wp-json\/wp\/v2\/media\/19211"}],"wp:attachment":[{"href":"https:\/\/egyptfootballshop.com\/en\/wp-json\/wp\/v2\/media?parent=15858"}],"wp:term":[{"taxonomy":"product_brand","embeddable":true,"href":"https:\/\/egyptfootballshop.com\/en\/wp-json\/wp\/v2\/product_brand?post=15858"},{"taxonomy":"product_cat","embeddable":true,"href":"https:\/\/egyptfootballshop.com\/en\/wp-json\/wp\/v2\/product_cat?post=15858"},{"taxonomy":"product_tag","embeddable":true,"href":"https:\/\/egyptfootballshop.com\/en\/wp-json\/wp\/v2\/product_tag?post=15858"}],"curies":[{"name":"wp","href":"https:\/\/api.w.org\/{rel}","templated":true}]}}