{"id":20990,"date":"2025-05-08T18:01:33","date_gmt":"2025-05-08T16:01:33","guid":{"rendered":"https:\/\/egyptfootballshop.com\/?post_type=product&#038;p=20990"},"modified":"2026-02-28T17:19:59","modified_gmt":"2026-02-28T16:19:59","slug":"bavoir-bebe-al-ahly-rouge","status":"publish","type":"product","link":"https:\/\/egyptfootballshop.com\/en\/shop\/bf20\/bavoir-bebe-al-ahly-rouge\/","title":{"rendered":"Bavoir b\u00e9b\u00e9 Al Ahly rouge"},"content":{"rendered":"","protected":false},"excerpt":{"rendered":"<p class=\"p1\">Attention aux d\u00e9g\u00e2ts ! Prot\u00e9gez son beau body Al Ahly, avec ce bavoir aux couleurs du club !<\/p>\n<p class=\"p1\">Made from 100% organic cotton, it fastens easily with a press stud.<\/p>\n<p class=\"p1\">Customise the <strong>FREE<\/strong> avec son pr\u00e9nom et puis qui sait, peut-\u00eatre que dans quelques ann\u00e9es, \u00e7a sera les autres qui floqueront le nom de votre baby sur leur bavoir !<\/p>\n<p class=\"p1\">Another EFS creation you won't find anywhere else!<\/p>\n<p class=\"p1\"><strong>UNOFFICIAL PRODUCT<\/strong><\/p>\n<p class=\"p1\"><strong>Features and Benefits:<\/strong><\/p>\n<ul>\n<li class=\"p1\">Material : 100% Organic cotton<\/li>\n<li>Press stud fastener<\/li>\n<\/ul>\n<p class=\"p1\"><strong>Maintenance instructions :<\/strong><\/p>\n<ul>\n<li class=\"p1\">Do not tumble dry<\/li>\n<li class=\"p1\">Iron inside out.<\/li>\n<li class=\"p1\">Machine washable at 30\u00b0C, with similar colours<\/li>\n<\/ul>","protected":false},"featured_media":20970,"template":"","meta":[],"product_brand":[],"product_cat":[724,604,141],"product_tag":[377,564],"class_list":{"0":"post-20990","1":"product","2":"type-product","3":"status-publish","4":"has-post-thumbnail","6":"product_cat-bf20","7":"product_cat-bebe-enfants-junior","8":"product_cat-by-efs","9":"product_tag-efs","10":"product_tag-enfants","12":"first","13":"instock","14":"shipping-taxable","15":"purchasable","16":"product-type-simple"},"exclude_global_add_ons":false,"addons":[{"name":"First name","type":"custom_text","position":0,"required":false,"title_format":"label","default":"","description_enable":false,"description":"","placeholder_enable":false,"placeholder":"","display":"select","restrictions_type":"any_text","adjust_price":true,"price":"1","price_type":"flat_fee","restrictions":true,"min":"0","max":"10","options":[],"id":1746727444},{"name":"Flocking (name and number)","type":"custom_text","position":0,"required":false,"title_format":"heading","default":"","description_enable":false,"description":"","placeholder_enable":false,"placeholder":"","display":"select","restrictions_type":"any_text","adjust_price":true,"price":"10","price_type":"flat_fee","restrictions":true,"min":"0","max":"12","options":[]},{"name":"Personnalisation","type":"custom_text","position":1,"required":false,"title_format":"heading","default":"","description_enable":false,"description":"","placeholder_enable":false,"placeholder":"","display":"select","restrictions_type":"any_text","adjust_price":true,"price":"2","price_type":"flat_fee","restrictions":true,"min":"0","max":"2","options":[]}],"_links":{"self":[{"href":"https:\/\/egyptfootballshop.com\/en\/wp-json\/wp\/v2\/product\/20990","targetHints":{"allow":["GET"]}}],"collection":[{"href":"https:\/\/egyptfootballshop.com\/en\/wp-json\/wp\/v2\/product"}],"about":[{"href":"https:\/\/egyptfootballshop.com\/en\/wp-json\/wp\/v2\/types\/product"}],"wp:featuredmedia":[{"embeddable":true,"href":"https:\/\/egyptfootballshop.com\/en\/wp-json\/wp\/v2\/media\/20970"}],"wp:attachment":[{"href":"https:\/\/egyptfootballshop.com\/en\/wp-json\/wp\/v2\/media?parent=20990"}],"wp:term":[{"taxonomy":"product_brand","embeddable":true,"href":"https:\/\/egyptfootballshop.com\/en\/wp-json\/wp\/v2\/product_brand?post=20990"},{"taxonomy":"product_cat","embeddable":true,"href":"https:\/\/egyptfootballshop.com\/en\/wp-json\/wp\/v2\/product_cat?post=20990"},{"taxonomy":"product_tag","embeddable":true,"href":"https:\/\/egyptfootballshop.com\/en\/wp-json\/wp\/v2\/product_tag?post=20990"}],"curies":[{"name":"wp","href":"https:\/\/api.w.org\/{rel}","templated":true}]}}