{"id":21068,"date":"2025-06-03T14:19:43","date_gmt":"2025-06-03T12:19:43","guid":{"rendered":"https:\/\/egyptfootballshop.com\/?post_type=product&#038;p=21068"},"modified":"2026-03-27T20:23:58","modified_gmt":"2026-03-27T19:23:58","slug":"maillot-domicile-egypte-1989-vintage","status":"publish","type":"product","link":"https:\/\/egyptfootballshop.com\/en\/shop\/bf20\/maillot-domicile-egypte-1989-vintage\/","title":{"rendered":"Egypt 1989 Vintage Home Shirt"},"content":{"rendered":"","protected":false},"excerpt":{"rendered":"<p data-start=\"146\" data-end=\"194\"><strong data-start=\"146\" data-end=\"194\">LE MAILLOT VINTAGE QUI A MARQU\u00c9 L\u2019HISTOIRE !<\/strong><\/p>\n<p data-start=\"196\" data-end=\"616\">Plonge dans la l\u00e9gende avec le mythique <strong data-start=\"236\" data-end=\"273\">maillot domicile de l\u2019\u00c9gypte 1989<\/strong>, port\u00e9 par les Pharaons lors des qualifications \u00e9piques vers la Coupe du Monde 1990 ! Un design iconique avec l\u2019\u00e9cusson historique de la f\u00e9d\u00e9ration, associ\u00e9 au logo Adidas en velours \u2014 pour un look r\u00e9tro sans compromis. Son rouge intense et ses motifs discrets ray\u00e9s font de cette pi\u00e8ce un indispensable aussi bien en tribune qu\u2019au quotidien.<\/p>\n<p data-start=\"618\" data-end=\"806\">Personnalise ton maillot \u00e0 l\u2019ancienne avec un <strong data-start=\"664\" data-end=\"692\">flocage vintage sans nom<\/strong>, en velours noir, fid\u00e8le \u00e0 l\u2019esth\u00e9tique des ann\u00e9es 80. Un clin d\u2019\u0153il puriste aux classiques du football africain.<\/p>\n<p><em><strong>NEW :<\/strong><\/em> Show your support by emblazoning your shirts with the<a href=\"https:\/\/egyptfootballshop.com\/wp-content\/uploads\/2023\/10\/palestine.webp\"> Palestinian flag<\/a> or a <a href=\"https:\/\/egyptfootballshop.com\/wp-content\/uploads\/2024\/01\/palestine5.webp\">Egypt\/Palestine Flag<\/a>. Every purchase counts, and all proceeds will be donated to a local charity working in the field.<\/p>\n<p><strong>Features and Benefits:<\/strong><\/p>\n<ul>\n<li>Fit: SLIM-FIT<\/li>\n<li>100% Polyester<\/li>\n<li>Vintage velvet\" flocking and details<\/li>\n<\/ul>\n<p><strong>Care Instructions:<\/strong><\/p>\n<ul>\n<li>Do not tumble dry<\/li>\n<li>Iron inside out.<\/li>\n<li>Machine washable at 30\u00b0C, with similar colours.<\/li>\n<\/ul>","protected":false},"featured_media":13792,"template":"","meta":[],"product_brand":[],"product_cat":[724,372],"product_tag":[569,572,559],"class_list":{"0":"post-21068","1":"product","2":"type-product","3":"status-publish","4":"has-post-thumbnail","6":"product_cat-bf20","7":"product_cat-faegypt","8":"product_tag-adidas","9":"product_tag-efa","10":"product_tag-maillot","12":"first","13":"instock","14":"shipping-taxable","15":"purchasable","16":"product-type-variable"},"exclude_global_add_ons":false,"addons":[{"name":"Number","type":"custom_text","position":0,"required":false,"title_format":"label","default":"","description_enable":false,"description":"","placeholder_enable":false,"placeholder":"","display":"select","restrictions_type":"any_text","adjust_price":true,"price":"5","price_type":"flat_fee","restrictions":false,"min":"0","max":"0","options":[],"id":1704802790},{"name":"Palestine option","type":"checkbox","position":1,"required":false,"title_format":"label","default":"","description_enable":true,"description":"Veuillez choisir qu'un seul drapeau.","placeholder_enable":false,"placeholder":"","display":"select","restrictions_type":"any_text","adjust_price":false,"price":"","price_type":"flat_fee","restrictions":false,"min":"0","max":"0","options":[{"label":"Drapeau Palestine","price":"3","price_type":"flat_fee","image":0,"visibility":true},{"label":"Drapeau \u00c9gypte\/Palestine","price":"3","price_type":"flat_fee","image":0,"visibility":true}],"id":1704802791},{"name":"Flocking (name and number)","type":"custom_text","position":0,"required":false,"title_format":"heading","default":"","description_enable":false,"description":"","placeholder_enable":false,"placeholder":"","display":"select","restrictions_type":"any_text","adjust_price":true,"price":"10","price_type":"flat_fee","restrictions":true,"min":"0","max":"12","options":[]},{"name":"Personnalisation","type":"custom_text","position":1,"required":false,"title_format":"heading","default":"","description_enable":false,"description":"","placeholder_enable":false,"placeholder":"","display":"select","restrictions_type":"any_text","adjust_price":true,"price":"2","price_type":"flat_fee","restrictions":true,"min":"0","max":"2","options":[]}],"_links":{"self":[{"href":"https:\/\/egyptfootballshop.com\/en\/wp-json\/wp\/v2\/product\/21068","targetHints":{"allow":["GET"]}}],"collection":[{"href":"https:\/\/egyptfootballshop.com\/en\/wp-json\/wp\/v2\/product"}],"about":[{"href":"https:\/\/egyptfootballshop.com\/en\/wp-json\/wp\/v2\/types\/product"}],"wp:featuredmedia":[{"embeddable":true,"href":"https:\/\/egyptfootballshop.com\/en\/wp-json\/wp\/v2\/media\/13792"}],"wp:attachment":[{"href":"https:\/\/egyptfootballshop.com\/en\/wp-json\/wp\/v2\/media?parent=21068"}],"wp:term":[{"taxonomy":"product_brand","embeddable":true,"href":"https:\/\/egyptfootballshop.com\/en\/wp-json\/wp\/v2\/product_brand?post=21068"},{"taxonomy":"product_cat","embeddable":true,"href":"https:\/\/egyptfootballshop.com\/en\/wp-json\/wp\/v2\/product_cat?post=21068"},{"taxonomy":"product_tag","embeddable":true,"href":"https:\/\/egyptfootballshop.com\/en\/wp-json\/wp\/v2\/product_tag?post=21068"}],"curies":[{"name":"wp","href":"https:\/\/api.w.org\/{rel}","templated":true}]}}