{"id":21306,"date":"2025-08-05T12:36:56","date_gmt":"2025-08-05T10:36:56","guid":{"rendered":"https:\/\/egyptfootballshop.com\/?post_type=product&#038;p=21306"},"modified":"2026-04-02T19:19:21","modified_gmt":"2026-04-02T17:19:21","slug":"maillot-match-domicile-al-ahly-25-26","status":"publish","type":"product","link":"https:\/\/egyptfootballshop.com\/en\/shop\/bf20\/maillot-match-domicile-al-ahly-25-26\/","title":{"rendered":"Maillot match domicile AL AHLY 25\/26"},"content":{"rendered":"","protected":false},"excerpt":{"rendered":"<p><em>Dans un football qui change de visage chaque saison, certains rep\u00e8res ne bougent pas<\/em> : le rouge d&rsquo;Al Ahly en fait partie.<\/p>\n<p>Ce nouveau maillot domicile 2025\/2026, sign\u00e9 Adidas, s&rsquo;inscrit dans la continuit\u00e9 des grandes heures du club du si\u00e8cle. Plus minimaliste que la version pr\u00e9c\u00e9dente, il affiche un rouge profond, rehauss\u00e9 d&rsquo;une fine bande blanche sur le col et les \u00e9paules. Une \u00e9l\u00e9gance froide qui refl\u00e8te la ma\u00eetrise et l&rsquo;intensit\u00e9 du jeu \u00e0 domicile, dans l&rsquo;antre du Stade International du Caire.<\/p>\n<p>Port\u00e9 par les piliers de l&rsquo;\u00e9quipe comme fraichement Zizo ou le boss final Ashour, ce maillot allie tradition et performance : tissu AEROREADY\u00ae, coupe regular, finitions soign\u00e9es. Un design sans exc\u00e8s, pour un club qui n&rsquo;a plus rien \u00e0 prouver.<\/p>\n<p><span id=\"p168\"><span id=\"182\" class=\"s-rg\">EFS<\/span>Of course, there are a number of options for customising it to suit your needs:<\/span><\/p>\n<ul>\n<li><span id=\"p188\">Opt for sobriety by choosing to keep it as it is with the 2 front sponsors included.<\/span><\/li>\n<li><span id=\"p170\">Select the \" <a href=\"https:\/\/egyptfootballshop.com\/wp-content\/uploads\/2023\/12\/sponsors-detail.webp\">Championship<\/a> \"to add the following to your shirt <a href=\"https:\/\/egyptfootballshop.com\/wp-content\/uploads\/2023\/04\/ahly-maillot-detail8.webp\">2 sleeve sponsors<\/a> like a real pro during the championship.<\/span><\/li>\n<li><a href=\"https:\/\/egyptfootballshop.com\/wp-content\/uploads\/2023\/05\/details-73.webp\">The \"72\" option<\/a> so that you can mark your shirt, front or back, with the infamous number 72, as a tribute to the tragedy in Port Said.<\/li>\n<li>L&rsquo;option patch de la Ligue des champions de la CAF par paire.<\/li>\n<li>L&rsquo;option patch des Club World Cup 25 USA par paire.<\/li>\n<\/ul>\n<p>&nbsp;<\/p>\n<p><strong>Features and Benefits:<\/strong><\/p>\n<ul>\n<li>Cut : REGULAR FIT<\/li>\n<li>AEROREADY\u00ae technology<\/li>\n<li>100% Polyester<\/li>\n<\/ul>\n<p><strong>Care instructions:<\/strong><\/p>\n<ul>\n<li>Do not tumble dry<\/li>\n<li>Iron inside out.<\/li>\n<li>Machine washable at 30\u00b0C, with similar colours.<\/li>\n<\/ul>","protected":false},"featured_media":21296,"template":"","meta":[],"product_brand":[],"product_cat":[724,608],"product_tag":[569,607,555],"class_list":{"0":"post-21306","1":"product","2":"type-product","3":"status-publish","4":"has-post-thumbnail","6":"product_cat-bf20","7":"product_cat-al-ahly","8":"product_tag-adidas","9":"product_tag-al-ahly","10":"product_tag-new","12":"first","13":"instock","14":"shipping-taxable","15":"purchasable","16":"product-type-variable"},"exclude_global_add_ons":false,"addons":[{"name":"Name and number","type":"custom_text","position":0,"required":false,"title_format":"label","default":"","description_enable":false,"description":"","placeholder_enable":false,"placeholder":"","display":"select","restrictions_type":"any_text","adjust_price":true,"price":"5","price_type":"flat_fee","restrictions":true,"min":"0","max":"999","options":[],"id":1706225016},{"name":"Options","type":"multiple_choice","position":1,"required":false,"title_format":"label","default":"0","description_enable":false,"description":"","placeholder_enable":false,"placeholder":"","display":"select","restrictions_type":"any_text","adjust_price":false,"price":"","price_type":"flat_fee","restrictions":false,"min":"0","max":"0","options":[{"label":"Championnat","price":"4","price_type":"flat_fee","image":0,"visibility":true},{"label":"72","price":"5","price_type":"flat_fee","image":0,"visibility":true},{"label":"Patch Ligue des champions de la CAF","price":"5","price_type":"flat_fee","image":0,"visibility":true},{"label":"Club World Cup 25 USA","price":"3","price_type":"flat_fee","image":0,"visibility":true}],"id":1750347661},{"name":"Flocking (name and number)","type":"custom_text","position":0,"required":false,"title_format":"heading","default":"","description_enable":false,"description":"","placeholder_enable":false,"placeholder":"","display":"select","restrictions_type":"any_text","adjust_price":true,"price":"10","price_type":"flat_fee","restrictions":true,"min":"0","max":"12","options":[]},{"name":"Personnalisation","type":"custom_text","position":1,"required":false,"title_format":"heading","default":"","description_enable":false,"description":"","placeholder_enable":false,"placeholder":"","display":"select","restrictions_type":"any_text","adjust_price":true,"price":"2","price_type":"flat_fee","restrictions":true,"min":"0","max":"2","options":[]}],"_links":{"self":[{"href":"https:\/\/egyptfootballshop.com\/en\/wp-json\/wp\/v2\/product\/21306","targetHints":{"allow":["GET"]}}],"collection":[{"href":"https:\/\/egyptfootballshop.com\/en\/wp-json\/wp\/v2\/product"}],"about":[{"href":"https:\/\/egyptfootballshop.com\/en\/wp-json\/wp\/v2\/types\/product"}],"wp:featuredmedia":[{"embeddable":true,"href":"https:\/\/egyptfootballshop.com\/en\/wp-json\/wp\/v2\/media\/21296"}],"wp:attachment":[{"href":"https:\/\/egyptfootballshop.com\/en\/wp-json\/wp\/v2\/media?parent=21306"}],"wp:term":[{"taxonomy":"product_brand","embeddable":true,"href":"https:\/\/egyptfootballshop.com\/en\/wp-json\/wp\/v2\/product_brand?post=21306"},{"taxonomy":"product_cat","embeddable":true,"href":"https:\/\/egyptfootballshop.com\/en\/wp-json\/wp\/v2\/product_cat?post=21306"},{"taxonomy":"product_tag","embeddable":true,"href":"https:\/\/egyptfootballshop.com\/en\/wp-json\/wp\/v2\/product_tag?post=21306"}],"curies":[{"name":"wp","href":"https:\/\/api.w.org\/{rel}","templated":true}]}}