{"id":21351,"date":"2025-08-16T10:46:18","date_gmt":"2025-08-16T08:46:18","guid":{"rendered":"https:\/\/egyptfootballshop.com\/?post_type=product&#038;p=21351"},"modified":"2025-12-07T21:49:04","modified_gmt":"2025-12-07T20:49:04","slug":"t-shirt-blanc-manche-longue-sympathize-with-gaza","status":"publish","type":"product","link":"https:\/\/egyptfootballshop.com\/en\/shop\/bf30\/t-shirt-blanc-manche-longue-sympathize-with-gaza\/","title":{"rendered":"T-shirt blanc manche longue \u00ab\u00a0Sympathize with Gaza\u00a0\u00bb"},"content":{"rendered":"","protected":false},"excerpt":{"rendered":"<p><em>Le football a une m\u00e9moire. Gaza aussi <\/em>\ud83c\uddf5\ud83c\uddf8<\/p>\n<p>Au sommet de sa carri\u00e8re, l&rsquo;homme le plus aim\u00e9 du football africain c\u00e9l\u00e9brait un but devenu historique. Sans un mot, mais avec une force immense, Mohamed Aboutrika levait son maillot pour d\u00e9voiler ce message : \u00ab\u00a0<em>Sympathize with Gaza<\/em>\u00a0\"<\/p>\n<p>C&rsquo;\u00e9tait en 2008. Gaza vivait des heures sombres. Et lui, en plein apog\u00e9e, choisissait la solidarit\u00e9 au monde entier. Depuis, rien n&rsquo;a chang\u00e9. Des marches aux chants dans les tribunes, des boycotts aux dons, le peuple \u00e9gyptien n&rsquo;a jamais faibli dans son soutien. Il l&rsquo;a chant\u00e9, cri\u00e9, v\u00e9cu, sans interruption.<\/p>\n<p>En hommage \u00e0 Aboutrika, au football \u00e9gyptien engag\u00e9, et surtout parce que nous sommes tous des enfants de Gaza, Egypt FootballShop s&rsquo;associe \u00e0 cet \u00e9lan de solidarit\u00e9.<br \/>\nNous remettons en circulation le t-shirt iconique \u00ab\u00a0Sympathize with Gaza\u00a0\u00bb, identique \u00e0 celui port\u00e9 par la l\u00e9gende.<\/p>\n<p>Pour tout achat, le <a href=\"https:\/\/egyptfootballshop.com\/shop\/by-efs\/porte-cle-sympathize-with-gaza\/\">porte-cl\u00e9<\/a> est offert.<\/p>\n<p>100% des b\u00e9n\u00e9fices seront revers\u00e9s \u00e0 des associations qui agissent sur place, au c\u0153ur de Gaza.<\/p>\n<p>Un symbole. Un acte. Un devoir de m\u00e9moire et de soutien.<\/p>\n<p><strong>Caract\u00e9ristiques &amp; avantages:<\/strong><\/p>\n<ul>\n<li>Coupe oversize<\/li>\n<li>Qualit\u00e9 Premium 220 gm<\/li>\n<li>100%\u00a0coton<\/li>\n<\/ul>","protected":false},"featured_media":21332,"template":"","meta":[],"product_brand":[],"product_cat":[726,141],"product_tag":[377,555],"class_list":{"0":"post-21351","1":"product","2":"type-product","3":"status-publish","4":"has-post-thumbnail","6":"product_cat-bf30","7":"product_cat-by-efs","8":"product_tag-efs","9":"product_tag-new","11":"first","12":"instock","13":"featured","14":"shipping-taxable","15":"purchasable","16":"product-type-variable"},"exclude_global_add_ons":[],"addons":[],"_links":{"self":[{"href":"https:\/\/egyptfootballshop.com\/en\/wp-json\/wp\/v2\/product\/21351","targetHints":{"allow":["GET"]}}],"collection":[{"href":"https:\/\/egyptfootballshop.com\/en\/wp-json\/wp\/v2\/product"}],"about":[{"href":"https:\/\/egyptfootballshop.com\/en\/wp-json\/wp\/v2\/types\/product"}],"wp:featuredmedia":[{"embeddable":true,"href":"https:\/\/egyptfootballshop.com\/en\/wp-json\/wp\/v2\/media\/21332"}],"wp:attachment":[{"href":"https:\/\/egyptfootballshop.com\/en\/wp-json\/wp\/v2\/media?parent=21351"}],"wp:term":[{"taxonomy":"product_brand","embeddable":true,"href":"https:\/\/egyptfootballshop.com\/en\/wp-json\/wp\/v2\/product_brand?post=21351"},{"taxonomy":"product_cat","embeddable":true,"href":"https:\/\/egyptfootballshop.com\/en\/wp-json\/wp\/v2\/product_cat?post=21351"},{"taxonomy":"product_tag","embeddable":true,"href":"https:\/\/egyptfootballshop.com\/en\/wp-json\/wp\/v2\/product_tag?post=21351"}],"curies":[{"name":"wp","href":"https:\/\/api.w.org\/{rel}","templated":true}]}}