{"id":21370,"date":"2025-08-16T11:16:26","date_gmt":"2025-08-16T09:16:26","guid":{"rendered":"https:\/\/egyptfootballshop.com\/?post_type=product&#038;p=21370"},"modified":"2026-01-07T15:49:33","modified_gmt":"2026-01-07T14:49:33","slug":"maillot-match-domicile-liverpool-25-26","status":"publish","type":"product","link":"https:\/\/egyptfootballshop.com\/en\/shop\/bf20\/maillot-match-domicile-liverpool-25-26\/","title":{"rendered":"Maillot match domicile Liverpool 25\/26"},"content":{"rendered":"","protected":false},"excerpt":{"rendered":"<p><em><strong>Retour aux sources, avec une nouvelle \u00e9nergie.<\/strong><\/em><\/p>\n<p>Le nouveau maillot domicile de Liverpool pour la saison 2025\/2026 est disponible chez EFS, et il marque une nouvelle \u00e8re : les Reds renouent avec Adidas, leur \u00e9quipementier historique, pour \u00e9crire la suite de leur l\u00e9gende.<\/p>\n<p>Alliant tradition et modernit\u00e9, ce maillot rend hommage au pass\u00e9 glorieux du club tout en ouvrant une page tourn\u00e9e vers l&rsquo;avenir. Port\u00e9 fi\u00e8rement par Mohamed Salah, idole incontest\u00e9e d&rsquo;Anfield et fiert\u00e9 de l&rsquo;\u00c9gypte, il incarne bien plus qu&rsquo;une tenue sportive : c&rsquo;est un symbole de passion, d&rsquo;excellence et d&rsquo;unit\u00e9 pour des millions de supporters \u00e0 travers le monde.<\/p>\n<p>D&rsquo;un rouge profond, accentu\u00e9 par des touches blanches iconiques et les trois bandes Adidas sur les \u00e9paules, ce maillot rappelle l&rsquo;\u00e9l\u00e9gance intemporelle des grandes ann\u00e9es du club. Con\u00e7u dans un tissu technique AEROREADY\u00ae, il garantit confort, respirabilit\u00e9 et performance, sur le terrain comme dans les tribunes.<\/p>\n<p>Enfile-le, soutiens Salah, et porte haut les couleurs des Reds \u00e0 Anfield, en \u00c9gypte et partout ailleurs.<\/p>\n<p><span id=\"p168\"><span id=\"182\" class=\"s-rg\">EFS<\/span>Of course, there are a number of options for customising it to suit your needs:<\/span><\/p>\n<ul>\n<li><strong>Premier League option<\/strong> : Arborez le maillot domicile de Liverpool 2024\/2025, port\u00e9 par Mohamed Salah, et soutenez fi\u00e8rement les Reds en Premier League avec le tout nouveau patch champion Premier League dor\u00e9.<\/li>\n<li><strong>Palestine option<\/strong> With the name in Arabic, the iconic number 11 inspired by the map of Gaza, and a patch on the sleeve in the colour of the resistance, show your support with a strong gesture. For every shirt personalised with the Palestine option, \u20ac10 will be donated to a local humanitarian association.<\/li>\n<li><strong>Option Arabe\u00a0<\/strong>: Poussez la personnalisation au maximum avec un flocage unique en arabe.<\/li>\n<\/ul>\n<p>&nbsp;<\/p>\n<p><strong>Features and Benefits:<\/strong><\/p>\n<ul>\n<li>Cut : REGULAR FIT<\/li>\n<li>AEROREADY\u00ae technology<\/li>\n<li>100% Polyester<\/li>\n<\/ul>\n<p><strong>Care instructions:<\/strong><\/p>\n<ul>\n<li>Do not tumble dry<\/li>\n<li>Iron inside out.<\/li>\n<li>Machine washable at 30\u00b0C, with similar colours.<\/li>\n<\/ul>","protected":false},"featured_media":21374,"template":"","meta":[],"product_brand":[],"product_cat":[724,142],"product_tag":[569,374,555],"class_list":{"0":"post-21370","1":"product","2":"type-product","3":"status-publish","4":"has-post-thumbnail","6":"product_cat-bf20","7":"product_cat-liverpool-fc","8":"product_tag-adidas","9":"product_tag-liverpool","10":"product_tag-new","12":"first","13":"instock","14":"featured","15":"shipping-taxable","16":"purchasable","17":"product-type-variable"},"exclude_global_add_ons":false,"addons":[{"name":"Flocking","type":"multiple_choice","position":0,"required":false,"title_format":"label","default":"","description_enable":true,"description":"Includes Salah 11 Premier League OR Palestine OR Arabic flocking and sleeve patches.","placeholder_enable":false,"placeholder":"","display":"select","restrictions_type":"any_text","adjust_price":false,"price":"","price_type":"flat_fee","restrictions":false,"min":"0","max":"0","options":[{"label":"Premier League","price":"5","price_type":"flat_fee","image":0,"visibility":true},{"label":"Palestine","price":"5","price_type":"flat_fee","image":0,"visibility":true},{"label":"Arabe","price":"5","price_type":"flat_fee","image":0,"visibility":true}],"id":1735174679},{"name":"Flocking (name and number)","type":"custom_text","position":0,"required":false,"title_format":"heading","default":"","description_enable":false,"description":"","placeholder_enable":false,"placeholder":"","display":"select","restrictions_type":"any_text","adjust_price":true,"price":"10","price_type":"flat_fee","restrictions":true,"min":"0","max":"12","options":[]},{"name":"Personnalisation","type":"custom_text","position":1,"required":false,"title_format":"heading","default":"","description_enable":false,"description":"","placeholder_enable":false,"placeholder":"","display":"select","restrictions_type":"any_text","adjust_price":true,"price":"2","price_type":"flat_fee","restrictions":true,"min":"0","max":"2","options":[]}],"_links":{"self":[{"href":"https:\/\/egyptfootballshop.com\/en\/wp-json\/wp\/v2\/product\/21370","targetHints":{"allow":["GET"]}}],"collection":[{"href":"https:\/\/egyptfootballshop.com\/en\/wp-json\/wp\/v2\/product"}],"about":[{"href":"https:\/\/egyptfootballshop.com\/en\/wp-json\/wp\/v2\/types\/product"}],"wp:featuredmedia":[{"embeddable":true,"href":"https:\/\/egyptfootballshop.com\/en\/wp-json\/wp\/v2\/media\/21374"}],"wp:attachment":[{"href":"https:\/\/egyptfootballshop.com\/en\/wp-json\/wp\/v2\/media?parent=21370"}],"wp:term":[{"taxonomy":"product_brand","embeddable":true,"href":"https:\/\/egyptfootballshop.com\/en\/wp-json\/wp\/v2\/product_brand?post=21370"},{"taxonomy":"product_cat","embeddable":true,"href":"https:\/\/egyptfootballshop.com\/en\/wp-json\/wp\/v2\/product_cat?post=21370"},{"taxonomy":"product_tag","embeddable":true,"href":"https:\/\/egyptfootballshop.com\/en\/wp-json\/wp\/v2\/product_tag?post=21370"}],"curies":[{"name":"wp","href":"https:\/\/api.w.org\/{rel}","templated":true}]}}