{"id":21564,"date":"2025-09-28T14:02:20","date_gmt":"2025-09-28T12:02:20","guid":{"rendered":"https:\/\/egyptfootballshop.com\/?post_type=product&#038;p=21564"},"modified":"2026-03-12T00:45:43","modified_gmt":"2026-03-11T23:45:43","slug":"body-bebe-rouge-liverpool","status":"publish","type":"product","link":"https:\/\/egyptfootballshop.com\/en\/shop\/bf20\/body-bebe-rouge-liverpool\/","title":{"rendered":"Body b\u00e9b\u00e9 rouge Liverpool"},"content":{"rendered":"","protected":false},"excerpt":{"rendered":"<p>Qui pour prendre la rel\u00e8ve de Mohamed Salah si vous ne l\u2019initiez pas d\u00e8s ses premiers pas \u00e0 aimer l&rsquo;\u00e9quipe qu&rsquo;il a plus marqu\u00e9? Ce body aux manches courtes, apportera la toute premi\u00e8re pierre de la carri\u00e8re de votre future star !<br \/>\nIt's easy to put on thanks to the 3 press studs at the crotch and the wide neckline.<br \/>\nCustomise the <strong>FREE<\/strong> Add the name and number of your choice, and who knows, maybe in a few years' time it'll be the others who'll flock your baby's name on their jersey!<\/p>\n<p>Another EFS creation you won't find anywhere else!<\/p>\n<p><strong>UNOFFICIAL PRODUCT<\/strong><\/p>\n<p><strong>Features and Benefits:<\/strong><\/p>\n<ul>\n<li>Material: 100% polyester<\/li>\n<li>Manches courtes<\/li>\n<\/ul>\n<p><strong>Care instructions:<\/strong><\/p>\n<ul>\n<li>Do not tumble dry<\/li>\n<li>Iron inside out.<\/li>\n<li>Machine washable at 30\u00b0C, with similar colours.<\/li>\n<\/ul>","protected":false},"featured_media":21521,"template":"","meta":[],"product_brand":[],"product_cat":[724,604,141],"product_tag":[377,564,555],"class_list":{"0":"post-21564","1":"product","2":"type-product","3":"status-publish","4":"has-post-thumbnail","6":"product_cat-bf20","7":"product_cat-bebe-enfants-junior","8":"product_cat-by-efs","9":"product_tag-efs","10":"product_tag-enfants","11":"product_tag-new","13":"first","14":"instock","15":"shipping-taxable","16":"purchasable","17":"product-type-variable"},"exclude_global_add_ons":false,"addons":[{"name":"Nom \/ Num\u00e9ro","type":"custom_text","position":0,"required":false,"title_format":"label","default":"","description_enable":false,"description":"","placeholder_enable":false,"placeholder":"","display":"select","restrictions_type":"any_text","adjust_price":true,"price":"2","price_type":"flat_fee","restrictions":true,"min":"0","max":"12","options":[],"id":1734400294},{"name":"Flocking (name and number)","type":"custom_text","position":0,"required":false,"title_format":"heading","default":"","description_enable":false,"description":"","placeholder_enable":false,"placeholder":"","display":"select","restrictions_type":"any_text","adjust_price":true,"price":"10","price_type":"flat_fee","restrictions":true,"min":"0","max":"12","options":[]},{"name":"Personnalisation","type":"custom_text","position":1,"required":false,"title_format":"heading","default":"","description_enable":false,"description":"","placeholder_enable":false,"placeholder":"","display":"select","restrictions_type":"any_text","adjust_price":true,"price":"2","price_type":"flat_fee","restrictions":true,"min":"0","max":"2","options":[]}],"_links":{"self":[{"href":"https:\/\/egyptfootballshop.com\/en\/wp-json\/wp\/v2\/product\/21564","targetHints":{"allow":["GET"]}}],"collection":[{"href":"https:\/\/egyptfootballshop.com\/en\/wp-json\/wp\/v2\/product"}],"about":[{"href":"https:\/\/egyptfootballshop.com\/en\/wp-json\/wp\/v2\/types\/product"}],"wp:featuredmedia":[{"embeddable":true,"href":"https:\/\/egyptfootballshop.com\/en\/wp-json\/wp\/v2\/media\/21521"}],"wp:attachment":[{"href":"https:\/\/egyptfootballshop.com\/en\/wp-json\/wp\/v2\/media?parent=21564"}],"wp:term":[{"taxonomy":"product_brand","embeddable":true,"href":"https:\/\/egyptfootballshop.com\/en\/wp-json\/wp\/v2\/product_brand?post=21564"},{"taxonomy":"product_cat","embeddable":true,"href":"https:\/\/egyptfootballshop.com\/en\/wp-json\/wp\/v2\/product_cat?post=21564"},{"taxonomy":"product_tag","embeddable":true,"href":"https:\/\/egyptfootballshop.com\/en\/wp-json\/wp\/v2\/product_tag?post=21564"}],"curies":[{"name":"wp","href":"https:\/\/api.w.org\/{rel}","templated":true}]}}