{"id":21854,"date":"2025-12-18T21:11:04","date_gmt":"2025-12-18T20:11:04","guid":{"rendered":"https:\/\/egyptfootballshop.com\/?post_type=product&#038;p=21854"},"modified":"2026-03-04T22:37:16","modified_gmt":"2026-03-04T21:37:16","slug":"maillot-concept-bi-national-maroc-egypte","status":"publish","type":"product","link":"https:\/\/egyptfootballshop.com\/en\/shop\/bf20\/maillot-concept-bi-national-maroc-egypte\/","title":{"rendered":"Maillot concept bi-national Maroc\/\u00c9gypte"},"content":{"rendered":"<p>Maillot concept bi-national Maroc\/\u00c9gypte c\u00e9l\u00e9bration Coupe d&rsquo;Afrique des Nations 2025 &#8211; CAN 2025.<\/p>","protected":false},"excerpt":{"rendered":"<p><strong><\/strong><\/p>\n<p><strong>Les grands esprits se rencontrent?? EH BIEN LES GRANDES NATIONS AUSSI !<\/strong>\ud83d\ude0d<\/p>\n<p>Fruit d\u2019une cr\u00e9ation originale imagin\u00e9e et con\u00e7ue par nos \u00e9quipes, ces maillots concepts exclusifs bi-nation, EGYPTE X MAROC et MAROC X EGYPTE incarnent bien plus qu\u2019un simple design : ils c\u00e9l\u00e8brent l\u2019union de deux grandes terres de football africain \u00e0 l\u2019occasion d\u2019un \u00e9v\u00e9nement majeur.<br \/>\nPens\u00e9 sp\u00e9cialement pour honorer l\u2019organisation de la Coupe d\u2019Afrique des Nations au Maroc, ces maillots rendent hommages \u00e0 la nation la plus titr\u00e9e du continent et la nation demi-finalistes de la derni\u00e8re coupe du monde.<\/p>\n<p>Chaque d\u00e9tail des maillots ont \u00e9t\u00e9 travaill\u00e9s pour refl\u00e9ter : la fiert\u00e9 arabo-africaine, la fraternit\u00e9 entre les peuples et la passion du football qui unit l\u2019\u00c9gypte et le Maroc.<\/p>\n<p>Ces maillots concepts s\u2019adresse aux Bi-nationaux,supporters, collectionneurs et amoureux du football africain, d\u00e9sireux de porter une pi\u00e8ce unique, charg\u00e9e de sens et d\u2019\u00e9motion.<\/p>\n<p>C\u00f4t\u00e9 technique, la technologie DRYCELL<span id=\"p6\"><span id=\"28\" class=\"s-rg\">\u00ae<\/span><\/span>This will keep you dry at all times, even during the hottest confrontations (or outings).<\/p>\n<p>EFS, vous propose \u00e9videmment de le personnaliser avec le flocage officiel PUMA 25 selon vos envies :<br \/>\njoueur pro ou personnalis\u00e9 \u00e0 votre guise.<\/p>\n<p><em>NEW :<\/em> Show your support by emblazoning your shirts with the<a href=\"https:\/\/egyptfootballshop.com\/wp-content\/uploads\/2023\/10\/palestine.webp\"> Palestinian flag<\/a> or a <a href=\"https:\/\/egyptfootballshop.com\/wp-content\/uploads\/2024\/01\/palestine5.webp\">Egypt\/Palestine Flag<\/a>. Every purchase counts, and all proceeds will be donated to a local charity working in the field.<\/p>\n<p><span id=\"p9\"><strong>Features and Benefits:<\/strong><\/span><\/p>\n<ul>\n<li><span id=\"p10\">Cup :<\/span><span id=\"p11\">&nbsp;<\/span><span id=\"p11\"><span id=\"19\" class=\"s-rg\">SLIM<\/span><\/span><span id=\"p11\">&nbsp;<\/span><span id=\"p11\"><span id=\"20\" class=\"s-bl\">FIT<\/span><\/span><\/li>\n<li><span id=\"p12\">Technology&nbsp;<\/span><span id=\"p12\"><span id=\"21\" class=\"s-rg\">DRYCELL\u00ae<\/span><\/span><\/li>\n<li><span id=\"p13\"><span id=\"22\" class=\"s-bl\">100%<\/span><\/span><span id=\"p13\"> Polyester<\/span><\/li>\n<\/ul>\n<p><span id=\"p14\"><strong>Care instructions:<\/strong><\/span><\/p>\n<ul>\n<li><span id=\"p15\">Do not tumble dry<\/span><\/li>\n<li><span id=\"p16\">Iron inside out.<\/span><\/li>\n<li><span id=\"p17\">Machine washable&nbsp;<\/span><span id=\"p17\"><span id=\"23\">30\u00b0C<\/span><\/span><span id=\"p17\">with similar colours.<\/span><\/li>\n<\/ul>","protected":false},"featured_media":21850,"template":"","meta":[],"product_brand":[],"product_cat":[724,141],"product_tag":[377,555],"class_list":{"0":"post-21854","1":"product","2":"type-product","3":"status-publish","4":"has-post-thumbnail","6":"product_cat-bf20","7":"product_cat-by-efs","8":"product_tag-efs","9":"product_tag-new","11":"first","12":"instock","13":"shipping-taxable","14":"purchasable","15":"product-type-variable"},"exclude_global_add_ons":false,"addons":[{"name":"Predefined flocking","type":"multiple_choice","position":0,"required":false,"title_format":"label","default":"0","description_enable":false,"description":"","placeholder_enable":false,"placeholder":"","display":"select","restrictions_type":"any_text","adjust_price":false,"price":"","price_type":"flat_fee","restrictions":false,"min":"0","max":"0","options":[{"label":"M.SALAH 10","price":"5","price_type":"flat_fee","image":0,"visibility":true},{"label":"M.MOHAMED 11","price":"5","price_type":"flat_fee","image":0,"visibility":true},{"label":"E.ASHOUR 8","price":"5","price_type":"flat_fee","image":0,"visibility":true},{"label":"MARMOUSH 22","price":"5","price_type":"flat_fee","image":0,"visibility":true},{"label":"M.TREZEGUET 7","price":"5","price_type":"flat_fee","image":0,"visibility":true},{"label":"M.ABDELMONEM 6","price":"5","price_type":"flat_fee","image":0,"visibility":true}],"id":1766092130},{"name":"Name and number","type":"custom_text","position":1,"required":false,"title_format":"label","default":"","description_enable":false,"description":"","placeholder_enable":false,"placeholder":"","display":"select","restrictions_type":"any_text","adjust_price":true,"price":"5","price_type":"flat_fee","restrictions":true,"min":"0","max":"999","options":[],"id":1766092131},{"name":"Palestine option","type":"multiple_choice","position":2,"required":false,"title_format":"label","default":"0","description_enable":true,"description":"On the front of the shirt","placeholder_enable":false,"placeholder":"","display":"select","restrictions_type":"any_text","adjust_price":false,"price":"","price_type":"flat_fee","restrictions":false,"min":"0","max":"0","options":[{"label":"Drapeau Palestine","price":"3","price_type":"flat_fee","image":0,"visibility":true},{"label":"Drapeau \u00c9gypte\/Palestine","price":"3","price_type":"flat_fee","image":0,"visibility":true}],"id":1766092132},{"name":"Flocking (name and number)","type":"custom_text","position":0,"required":false,"title_format":"heading","default":"","description_enable":false,"description":"","placeholder_enable":false,"placeholder":"","display":"select","restrictions_type":"any_text","adjust_price":true,"price":"10","price_type":"flat_fee","restrictions":true,"min":"0","max":"12","options":[]},{"name":"Personnalisation","type":"custom_text","position":1,"required":false,"title_format":"heading","default":"","description_enable":false,"description":"","placeholder_enable":false,"placeholder":"","display":"select","restrictions_type":"any_text","adjust_price":true,"price":"2","price_type":"flat_fee","restrictions":true,"min":"0","max":"2","options":[]}],"_links":{"self":[{"href":"https:\/\/egyptfootballshop.com\/en\/wp-json\/wp\/v2\/product\/21854","targetHints":{"allow":["GET"]}}],"collection":[{"href":"https:\/\/egyptfootballshop.com\/en\/wp-json\/wp\/v2\/product"}],"about":[{"href":"https:\/\/egyptfootballshop.com\/en\/wp-json\/wp\/v2\/types\/product"}],"wp:featuredmedia":[{"embeddable":true,"href":"https:\/\/egyptfootballshop.com\/en\/wp-json\/wp\/v2\/media\/21850"}],"wp:attachment":[{"href":"https:\/\/egyptfootballshop.com\/en\/wp-json\/wp\/v2\/media?parent=21854"}],"wp:term":[{"taxonomy":"product_brand","embeddable":true,"href":"https:\/\/egyptfootballshop.com\/en\/wp-json\/wp\/v2\/product_brand?post=21854"},{"taxonomy":"product_cat","embeddable":true,"href":"https:\/\/egyptfootballshop.com\/en\/wp-json\/wp\/v2\/product_cat?post=21854"},{"taxonomy":"product_tag","embeddable":true,"href":"https:\/\/egyptfootballshop.com\/en\/wp-json\/wp\/v2\/product_tag?post=21854"}],"curies":[{"name":"wp","href":"https:\/\/api.w.org\/{rel}","templated":true}]}}