{"id":22165,"date":"2026-02-05T22:11:06","date_gmt":"2026-02-05T21:11:06","guid":{"rendered":"https:\/\/egyptfootballshop.com\/?post_type=product&#038;p=22165"},"modified":"2026-02-20T21:43:20","modified_gmt":"2026-02-20T20:43:20","slug":"maillot-match-domicile-ghazl-el-mahalla-25-26","status":"publish","type":"product","link":"https:\/\/egyptfootballshop.com\/en\/shop\/ghazl-el-mahalla\/maillot-match-domicile-ghazl-el-mahalla-25-26\/","title":{"rendered":"Maillot match domicile Ghazl El-Mahalla 25\/26"},"content":{"rendered":"","protected":false},"excerpt":{"rendered":"<p><em>El Mahalla mesh kora\u2026 el Mahalla rouh.<\/em><\/p>\n<p>Cette douce \u00e2me des r\u00e9veils tardifs \u00e0 14H sous 37\u00b0, berc\u00e9s par les cris des gosses qui jouent au foot dans la rue. La m\u00eame \u00e2me o\u00f9 tu retrouves ta part de foul et de taameya coffr\u00e9e au frigo, \u00e0 c\u00f4t\u00e9 de quelques morceaux de torshi. Nogoum FM qui passe en boucle le dernier hit d&rsquo;Amr Diab, setak qui pr\u00e9pare le hamam avant que ton oncle rentre du travail, l&rsquo;assise de la mastaba qui r\u00e9unit les anciens de la ville autour de kobayet shay b laban, et les rires des moustachus qui emplissent la chaleur de l&rsquo;\u00e9t\u00e9.<\/p>\n<p>C&rsquo;est pour ceux qui ont grandi \u00e0 Mahalla, qui connaissent la chaleur, le bruit, les odeurs et les rituels de la ville, et qui portent cette identit\u00e9 dans le sang.<\/p>\n<p>Parce que les Mahallaweya pr\u00e9f\u00e8rent la solidit\u00e9 au bluff. Au stade, au caf\u00e9 ou \u00e0 1 000 km d&rsquo;El Gharbia, ce maillot parle \u00e0 ceux qui reconnaissent l&rsquo;authenticit\u00e9 d&rsquo;un club hors projecteurs.<\/p>\n<p>Ce maillot, c&rsquo;est pour ceux qui n&rsquo;ont jamais demand\u00e9 la permission d&rsquo;aimer Mahalla. Pour ceux qui ont grandi avec le club, m\u00eame sans stade plein, m\u00eame sans cam\u00e9ras, m\u00eame sans hype.<\/p>\n<p><em>Mahallaweya fel dam. <\/em>Et si tu comprends cette phrase, tu sais d\u00e9j\u00e0 que ce maillot est pour toi !<\/p>\n<p><strong>EXCLUSIVIT\u00c9 EGYPT FOOTBALLSHOP<\/strong><\/p>\n<p><strong>Features and Benefits:<\/strong><\/p>\n<ul>\n<li>Cut : REGULAR FIT<\/li>\n<li>AEROREADY\u00ae technology<\/li>\n<li>100% Polyester<\/li>\n<\/ul>\n<p><strong>Care instructions:<\/strong><\/p>\n<ul>\n<li>Do not tumble dry<\/li>\n<li>Iron inside out.<\/li>\n<li>Machine washable at 30\u00b0C, with similar colours.<\/li>\n<\/ul>","protected":false},"featured_media":22153,"template":"","meta":[],"product_brand":[],"product_cat":[728],"product_tag":[569,727,555],"class_list":{"0":"post-22165","1":"product","2":"type-product","3":"status-publish","4":"has-post-thumbnail","6":"product_cat-ghazl-el-mahalla","7":"product_tag-adidas","8":"product_tag-ghazl-el-mahalla","9":"product_tag-new","11":"first","12":"instock","13":"shipping-taxable","14":"purchasable","15":"product-type-variable"},"exclude_global_add_ons":false,"addons":[{"name":"Name and number","type":"custom_text","position":0,"required":false,"title_format":"label","default":"","description_enable":false,"description":"","placeholder_enable":false,"placeholder":"","display":"select","restrictions_type":"any_text","adjust_price":true,"price":"5","price_type":"flat_fee","restrictions":true,"min":"0","max":"999","options":[],"id":1706225016},{"name":"Flocking (name and number)","type":"custom_text","position":0,"required":false,"title_format":"heading","default":"","description_enable":false,"description":"","placeholder_enable":false,"placeholder":"","display":"select","restrictions_type":"any_text","adjust_price":true,"price":"10","price_type":"flat_fee","restrictions":true,"min":"0","max":"12","options":[]},{"name":"Personnalisation","type":"custom_text","position":1,"required":false,"title_format":"heading","default":"","description_enable":false,"description":"","placeholder_enable":false,"placeholder":"","display":"select","restrictions_type":"any_text","adjust_price":true,"price":"2","price_type":"flat_fee","restrictions":true,"min":"0","max":"2","options":[]}],"_links":{"self":[{"href":"https:\/\/egyptfootballshop.com\/en\/wp-json\/wp\/v2\/product\/22165","targetHints":{"allow":["GET"]}}],"collection":[{"href":"https:\/\/egyptfootballshop.com\/en\/wp-json\/wp\/v2\/product"}],"about":[{"href":"https:\/\/egyptfootballshop.com\/en\/wp-json\/wp\/v2\/types\/product"}],"wp:featuredmedia":[{"embeddable":true,"href":"https:\/\/egyptfootballshop.com\/en\/wp-json\/wp\/v2\/media\/22153"}],"wp:attachment":[{"href":"https:\/\/egyptfootballshop.com\/en\/wp-json\/wp\/v2\/media?parent=22165"}],"wp:term":[{"taxonomy":"product_brand","embeddable":true,"href":"https:\/\/egyptfootballshop.com\/en\/wp-json\/wp\/v2\/product_brand?post=22165"},{"taxonomy":"product_cat","embeddable":true,"href":"https:\/\/egyptfootballshop.com\/en\/wp-json\/wp\/v2\/product_cat?post=22165"},{"taxonomy":"product_tag","embeddable":true,"href":"https:\/\/egyptfootballshop.com\/en\/wp-json\/wp\/v2\/product_tag?post=22165"}],"curies":[{"name":"wp","href":"https:\/\/api.w.org\/{rel}","templated":true}]}}