{"id":22233,"date":"2026-02-28T17:41:28","date_gmt":"2026-02-28T16:41:28","guid":{"rendered":"https:\/\/egyptfootballshop.com\/?post_type=product&#038;p=22233"},"modified":"2026-04-12T17:00:10","modified_gmt":"2026-04-12T15:00:10","slug":"maillot-dentrainement-noir-zamalek-26-27","status":"publish","type":"product","link":"https:\/\/egyptfootballshop.com\/en\/shop\/bf20\/maillot-dentrainement-noir-zamalek-26-27\/","title":{"rendered":"Maillot d&rsquo;entra\u00eenement noir Zamalek 26"},"content":{"rendered":"","protected":false},"excerpt":{"rendered":"<p><strong>Le dark de Zamalek, port\u00e9 avant la bataille.<\/strong><\/p>\n<p>Avant de fouler la pelouse, il y a toujours ce moment de calme, de pr\u00e9paration et de concentration. Le T-shirt d&rsquo;entrainement Nike de Zamalek accompagne les joueurs du club de la Colline Blanche dans ces instants o\u00f9 tout se joue d\u00e9j\u00e0, avant m\u00eame le coup d&rsquo;envoi.<\/p>\n<p>Con\u00e7u par Nike, il affiche un design sobre et moderne, fid\u00e8le \u00e0 l&rsquo;\u00e9l\u00e9gance du club cairote. L\u00e9ger et respirant, il offre un confort optimal pour l&rsquo;\u00e9chauffement, l&rsquo;entra\u00eenement ou le quotidien des supporters qui veulent porter les couleurs de Zamalek au-del\u00e0 du stade.<\/p>\n<p>Poussez la personnalisation au maximum en choisissant d\u2019y ajouter sur la face avant num\u00e9ro et\/ou initiales et <a href=\"https:\/\/egyptfootballshop.com\/wp-content\/uploads\/2026\/04\/oniro.webp\">sponsors \u00e0 l&rsquo;arri\u00e8re du maillot<\/a>, afin de rappeler \u00e0 vos adversaires que vous \u00eates un fervent supporter des chevaliers blancs.<\/p>\n<p><em>NEW :<\/em> Show your support by emblazoning your shirts with the<a href=\"https:\/\/egyptfootballshop.com\/wp-content\/uploads\/2023\/10\/palestine.webp\"> Palestinian flag<\/a> or a <a href=\"https:\/\/egyptfootballshop.com\/wp-content\/uploads\/2024\/01\/palestine5.webp\">Egypt\/Palestine Flag<\/a>. Every purchase counts, and all proceeds will be donated to a local charity working in the field.<\/p>\n<p><strong>Features and Benefits:<\/strong><\/p>\n<ul>\n<li>Fit: SLIM-FIT<\/li>\n<li>Technologie DRIFIT\u00ae<\/li>\n<li>100% Polyester<\/li>\n<\/ul>\n<p><strong>Care instructions:<\/strong><\/p>\n<ul>\n<li>Do not tumble dry<\/li>\n<li>Iron inside out.<\/li>\n<li>Machine washable at 30\u00b0C, with similar colours.<\/li>\n<\/ul>","protected":false},"featured_media":22152,"template":"","meta":[],"product_brand":[],"product_cat":[724,729],"product_tag":[561,567,555,722],"class_list":{"0":"post-22233","1":"product","2":"type-product","3":"status-publish","4":"has-post-thumbnail","6":"product_cat-bf20","7":"product_cat-zamalek","8":"product_tag-training","9":"product_tag-nike","10":"product_tag-new","11":"product_tag-zamalek","13":"first","14":"instock","15":"shipping-taxable","16":"purchasable","17":"product-type-variable"},"exclude_global_add_ons":false,"addons":[{"name":"Sponsor arri\u00e8re","type":"checkbox","position":0,"required":false,"title_format":"label","default":"","description_enable":false,"description":"","placeholder_enable":false,"placeholder":"","display":"select","restrictions_type":"any_text","adjust_price":false,"price":"","price_type":"flat_fee","restrictions":false,"min":"0","max":"0","options":[{"label":"ONIRO","price":"3","price_type":"flat_fee","image":0,"visibility":true}],"id":1775655899},{"name":"Flocage match","type":"custom_text","position":1,"required":false,"title_format":"label","default":"","description_enable":false,"description":"","placeholder_enable":false,"placeholder":"","display":"select","restrictions_type":"any_text","adjust_price":true,"price":"5","price_type":"flat_fee","restrictions":true,"min":"0","max":"12","options":[],"id":1773078545},{"name":"Palestine option","type":"multiple_choice","position":2,"required":false,"title_format":"label","default":"0","description_enable":true,"description":"On the front of the shirt","placeholder_enable":false,"placeholder":"","display":"select","restrictions_type":"any_text","adjust_price":false,"price":"","price_type":"flat_fee","restrictions":false,"min":"0","max":"0","options":[{"label":"Drapeau Palestine","price":"3","price_type":"flat_fee","image":0,"visibility":true},{"label":"Drapeau \u00c9gypte\/Palestine","price":"3","price_type":"flat_fee","image":0,"visibility":true}],"id":1772301339},{"name":"Initials and number","type":"custom_text","position":3,"required":false,"title_format":"label","default":"","description_enable":false,"description":"","placeholder_enable":false,"placeholder":"","display":"select","restrictions_type":"any_text","adjust_price":true,"price":"3","price_type":"flat_fee","restrictions":true,"min":"0","max":"4","options":[],"id":1772301338},{"name":"Flocking (name and number)","type":"custom_text","position":0,"required":false,"title_format":"heading","default":"","description_enable":false,"description":"","placeholder_enable":false,"placeholder":"","display":"select","restrictions_type":"any_text","adjust_price":true,"price":"10","price_type":"flat_fee","restrictions":true,"min":"0","max":"12","options":[]},{"name":"Personnalisation","type":"custom_text","position":1,"required":false,"title_format":"heading","default":"","description_enable":false,"description":"","placeholder_enable":false,"placeholder":"","display":"select","restrictions_type":"any_text","adjust_price":true,"price":"2","price_type":"flat_fee","restrictions":true,"min":"0","max":"2","options":[]}],"_links":{"self":[{"href":"https:\/\/egyptfootballshop.com\/en\/wp-json\/wp\/v2\/product\/22233","targetHints":{"allow":["GET"]}}],"collection":[{"href":"https:\/\/egyptfootballshop.com\/en\/wp-json\/wp\/v2\/product"}],"about":[{"href":"https:\/\/egyptfootballshop.com\/en\/wp-json\/wp\/v2\/types\/product"}],"wp:featuredmedia":[{"embeddable":true,"href":"https:\/\/egyptfootballshop.com\/en\/wp-json\/wp\/v2\/media\/22152"}],"wp:attachment":[{"href":"https:\/\/egyptfootballshop.com\/en\/wp-json\/wp\/v2\/media?parent=22233"}],"wp:term":[{"taxonomy":"product_brand","embeddable":true,"href":"https:\/\/egyptfootballshop.com\/en\/wp-json\/wp\/v2\/product_brand?post=22233"},{"taxonomy":"product_cat","embeddable":true,"href":"https:\/\/egyptfootballshop.com\/en\/wp-json\/wp\/v2\/product_cat?post=22233"},{"taxonomy":"product_tag","embeddable":true,"href":"https:\/\/egyptfootballshop.com\/en\/wp-json\/wp\/v2\/product_tag?post=22233"}],"curies":[{"name":"wp","href":"https:\/\/api.w.org\/{rel}","templated":true}]}}