{"id":22419,"date":"2026-04-08T13:52:19","date_gmt":"2026-04-08T11:52:19","guid":{"rendered":"https:\/\/egyptfootballshop.com\/?post_type=product&#038;p=22419"},"modified":"2026-04-08T13:54:42","modified_gmt":"2026-04-08T11:54:42","slug":"body-bebe-noir-futur-salah-loading","status":"publish","type":"product","link":"https:\/\/egyptfootballshop.com\/en\/shop\/bf20\/body-bebe-noir-futur-salah-loading\/","title":{"rendered":"Body b\u00e9b\u00e9 noir \u00ab futur Salah loading \u00bb"},"content":{"rendered":"","protected":false},"excerpt":{"rendered":"<p>The message is clear!<br \/>\nYour little one isn't looking for a substitute position - no, no, it's number 10 or nothing!<\/p>\n<p>Thanks to this bodysuit made from 100% organic cotton, the other pretenders have been warned.<br \/>\nIt's easy to put on thanks to the 3 press studs at the crotch and the wide neckline.<\/p>\n<p>Personnaliser le\u00a0selon vos envies en y ajoutant le nom de votre choix au dos, et puis qui sait, peut-\u00eatre que dans quelques ann\u00e9es, \u00e7a sera les autres qui floqueront le nom de votre baby sur leur maillot !<\/p>\n<p>Another EFS creation you won't find anywhere else!<\/p>\n<p><strong>Features and Benefits:<\/strong><\/p>\n<ul>\n<li>Material : 100% Organic cotton<\/li>\n<li>Long sleeves<\/li>\n<\/ul>\n<p><strong>Care instructions:<\/strong><\/p>\n<ul>\n<li>Do not tumble dry<\/li>\n<li>Reverse ironing<\/li>\n<li>Machine washable at 30\u00b0C, with similar colours.<\/li>\n<\/ul>","protected":false},"featured_media":16005,"template":"","meta":[],"product_brand":[],"product_cat":[724,604,141],"product_tag":[377,564],"class_list":{"0":"post-22419","1":"product","2":"type-product","3":"status-publish","4":"has-post-thumbnail","6":"product_cat-bf20","7":"product_cat-bebe-enfants-junior","8":"product_cat-by-efs","9":"product_tag-efs","10":"product_tag-enfants","12":"first","13":"instock","14":"shipping-taxable","15":"purchasable","16":"product-type-variable"},"exclude_global_add_ons":false,"addons":[{"name":"Flocking","type":"custom_text","position":0,"required":false,"title_format":"label","default":"","description_enable":false,"description":"","placeholder_enable":false,"placeholder":"","display":"select","restrictions_type":"any_text","adjust_price":true,"price":"1","price_type":"flat_fee","restrictions":true,"min":"0","max":"12","options":[],"id":1762804167},{"name":"Number","type":"custom_text","position":1,"required":false,"title_format":"label","default":"","description_enable":false,"description":"","placeholder_enable":false,"placeholder":"","display":"select","restrictions_type":"any_text","adjust_price":true,"price":"1","price_type":"flat_fee","restrictions":true,"min":"0","max":"2","options":[],"id":1762804168},{"name":"Flocking (name and number)","type":"custom_text","position":0,"required":false,"title_format":"heading","default":"","description_enable":false,"description":"","placeholder_enable":false,"placeholder":"","display":"select","restrictions_type":"any_text","adjust_price":true,"price":"10","price_type":"flat_fee","restrictions":true,"min":"0","max":"12","options":[]},{"name":"Personnalisation","type":"custom_text","position":1,"required":false,"title_format":"heading","default":"","description_enable":false,"description":"","placeholder_enable":false,"placeholder":"","display":"select","restrictions_type":"any_text","adjust_price":true,"price":"2","price_type":"flat_fee","restrictions":true,"min":"0","max":"2","options":[]}],"_links":{"self":[{"href":"https:\/\/egyptfootballshop.com\/en\/wp-json\/wp\/v2\/product\/22419","targetHints":{"allow":["GET"]}}],"collection":[{"href":"https:\/\/egyptfootballshop.com\/en\/wp-json\/wp\/v2\/product"}],"about":[{"href":"https:\/\/egyptfootballshop.com\/en\/wp-json\/wp\/v2\/types\/product"}],"wp:featuredmedia":[{"embeddable":true,"href":"https:\/\/egyptfootballshop.com\/en\/wp-json\/wp\/v2\/media\/16005"}],"wp:attachment":[{"href":"https:\/\/egyptfootballshop.com\/en\/wp-json\/wp\/v2\/media?parent=22419"}],"wp:term":[{"taxonomy":"product_brand","embeddable":true,"href":"https:\/\/egyptfootballshop.com\/en\/wp-json\/wp\/v2\/product_brand?post=22419"},{"taxonomy":"product_cat","embeddable":true,"href":"https:\/\/egyptfootballshop.com\/en\/wp-json\/wp\/v2\/product_cat?post=22419"},{"taxonomy":"product_tag","embeddable":true,"href":"https:\/\/egyptfootballshop.com\/en\/wp-json\/wp\/v2\/product_tag?post=22419"}],"curies":[{"name":"wp","href":"https:\/\/api.w.org\/{rel}","templated":true}]}}