{"id":22534,"date":"2026-05-09T01:46:06","date_gmt":"2026-05-08T23:46:06","guid":{"rendered":"https:\/\/egyptfootballshop.com\/?post_type=product&#038;p=22534"},"modified":"2026-05-09T12:10:30","modified_gmt":"2026-05-09T10:10:30","slug":"veste-mi-saison-noir-egypte","status":"publish","type":"product","link":"https:\/\/egyptfootballshop.com\/en\/shop\/faegypt\/veste-mi-saison-noir-egypte\/","title":{"rendered":"Veste tech oversize noir \u00c9gypte"},"content":{"rendered":"","protected":false},"excerpt":{"rendered":"<p>Vous aussi, brillez lors de vos sorties avec cette veste mi-saison issu de la gamme PRESENTATION. Le logo iconique de la marque ainsi que celui de la f\u00e9d\u00e9ration en \u00ab\u00a03D PRINT\u00a0\u00bb sur le c\u0153ur, marqueront votre soutient \u00e0 \u00ab OUM EL DONIA \u00bb<\/p>\n<p>La coupe oversize \u00e0 la pointe de la tendance, vous offrira un confort, in\u00e9gal\u00e9 ainsi qu&rsquo;un look \ufffcr\u00e9tro fashion, effet garanti !<\/p>\n<p>Take personalisation to the max by choosing to add <a href=\"https:\/\/egyptfootballshop.com\/wp-content\/uploads\/2023\/03\/initiales.jpg\">number and\/or initials<\/a>the <a href=\"https:\/\/egyptfootballshop.com\/wp-content\/uploads\/2023\/03\/sponsors1.jpg\">sponsors<\/a> of the national team on the front of the jersey and the <a href=\"https:\/\/egyptfootballshop.com\/wp-content\/uploads\/2020\/10\/trr3.webp\">marked EGYPT on back<\/a> or <a href=\"https:\/\/egyptfootballshop.com\/wp-content\/uploads\/2023\/03\/masr-dos-rouge.jpg\">\u0645\u0635\u0631<\/a>to remind your opponents that you are on the side of the <strong><span id=\"p9\">sevenfold<\/span>&nbsp;African champion.<\/strong><\/p>\n<p><em>NEW :<\/em> Show your support by emblazoning your shirts with the<a href=\"https:\/\/egyptfootballshop.com\/wp-content\/uploads\/2023\/10\/palestine.webp\"> Palestinian flag<\/a> or a <a href=\"https:\/\/egyptfootballshop.com\/wp-content\/uploads\/2024\/01\/palestine5.webp\">Egypt\/Palestine Flag<\/a>. Every purchase counts, and all proceeds will be donated to a local charity working in the field.<\/p>\n<p><strong>Features and benefits :<\/strong><\/p>\n<ul>\n<li>Coupe : OVERSIZE FIT<\/li>\n<li>100% Polyester<\/li>\n<\/ul>\n<p><strong>Care instructions:<\/strong><\/p>\n<ul>\n<li>Do not tumble dry<\/li>\n<li>Iron inside out.<\/li>\n<li>Machine washable at 30\u00b0C, with similar colours<\/li>\n<\/ul>","protected":false},"featured_media":22496,"template":"","meta":[],"product_brand":[],"product_cat":[372],"product_tag":[572,561,555,568],"class_list":{"0":"post-22534","1":"product","2":"type-product","3":"status-publish","4":"has-post-thumbnail","6":"product_cat-faegypt","7":"product_tag-efa","8":"product_tag-training","9":"product_tag-new","10":"product_tag-puma","12":"first","13":"instock","14":"shipping-taxable","15":"purchasable","16":"product-type-variable"},"exclude_global_add_ons":false,"addons":[{"name":"Options","type":"checkbox","position":0,"required":false,"title_format":"label","default":"","description_enable":true,"description":"Veuillez choisir qu'un seul flocage.","placeholder_enable":false,"placeholder":"","display":"select","restrictions_type":"any_text","adjust_price":false,"price":"","price_type":"flat_fee","restrictions":false,"min":"0","max":"0","options":[{"label":"Flocage EGYPT sur le dos","price":"3","price_type":"flat_fee","image":0,"visibility":true},{"label":"Flocage \u0645\u0635\u0631 au dos","price":"3","price_type":"flat_fee","image":0,"visibility":true},{"label":"Sponsors","price":"3","price_type":"flat_fee","image":0,"visibility":true}],"id":1705174150},{"name":"Initials and\/or numbers","type":"custom_text","position":1,"required":false,"title_format":"label","default":"","description_enable":false,"description":"","placeholder_enable":false,"placeholder":"","display":"select","restrictions_type":"any_text","adjust_price":true,"price":"3","price_type":"flat_fee","restrictions":true,"min":"0","max":"4","options":[],"id":1705174151},{"name":"Palestine option","type":"checkbox","position":2,"required":false,"title_format":"label","default":"","description_enable":true,"description":"Veuillez choisir qu'un seul drapeau.","placeholder_enable":false,"placeholder":"","display":"select","restrictions_type":"any_text","adjust_price":false,"price":"","price_type":"flat_fee","restrictions":false,"min":"0","max":"0","options":[{"label":"Drapeau Palestine","price":"3","price_type":"flat_fee","image":0,"visibility":true},{"label":"Drapeau \u00c9gypte\/Palestine","price":"3","price_type":"flat_fee","image":0,"visibility":true}],"id":1705174152},{"name":"Flocking (name and number)","type":"custom_text","position":0,"required":false,"title_format":"heading","default":"","description_enable":false,"description":"","placeholder_enable":false,"placeholder":"","display":"select","restrictions_type":"any_text","adjust_price":true,"price":"10","price_type":"flat_fee","restrictions":true,"min":"0","max":"12","options":[]},{"name":"Personnalisation","type":"custom_text","position":1,"required":false,"title_format":"heading","default":"","description_enable":false,"description":"","placeholder_enable":false,"placeholder":"","display":"select","restrictions_type":"any_text","adjust_price":true,"price":"2","price_type":"flat_fee","restrictions":true,"min":"0","max":"2","options":[]}],"_links":{"self":[{"href":"https:\/\/egyptfootballshop.com\/en\/wp-json\/wp\/v2\/product\/22534","targetHints":{"allow":["GET"]}}],"collection":[{"href":"https:\/\/egyptfootballshop.com\/en\/wp-json\/wp\/v2\/product"}],"about":[{"href":"https:\/\/egyptfootballshop.com\/en\/wp-json\/wp\/v2\/types\/product"}],"wp:featuredmedia":[{"embeddable":true,"href":"https:\/\/egyptfootballshop.com\/en\/wp-json\/wp\/v2\/media\/22496"}],"wp:attachment":[{"href":"https:\/\/egyptfootballshop.com\/en\/wp-json\/wp\/v2\/media?parent=22534"}],"wp:term":[{"taxonomy":"product_brand","embeddable":true,"href":"https:\/\/egyptfootballshop.com\/en\/wp-json\/wp\/v2\/product_brand?post=22534"},{"taxonomy":"product_cat","embeddable":true,"href":"https:\/\/egyptfootballshop.com\/en\/wp-json\/wp\/v2\/product_cat?post=22534"},{"taxonomy":"product_tag","embeddable":true,"href":"https:\/\/egyptfootballshop.com\/en\/wp-json\/wp\/v2\/product_tag?post=22534"}],"curies":[{"name":"wp","href":"https:\/\/api.w.org\/{rel}","templated":true}]}}