{"id":22594,"date":"2026-05-13T00:28:36","date_gmt":"2026-05-12T22:28:36","guid":{"rendered":"https:\/\/egyptfootballshop.com\/?post_type=product&#038;p=22594"},"modified":"2026-05-13T00:59:07","modified_gmt":"2026-05-12T22:59:07","slug":"maillot-match-exterieur-egypte-26-27","status":"publish","type":"product","link":"https:\/\/egyptfootballshop.com\/en\/shop\/bf20\/maillot-match-exterieur-egypte-26-27\/","title":{"rendered":"Maillot match ext\u00e9rieur \u00c9gypte 26\/27"},"content":{"rendered":"<div class=\"relative w-full overflow-visible\">\n<section class=\"text-token-text-primary w-full focus:outline-none [--shadow-height:45px] has-data-writing-block:pointer-events-none has-data-writing-block:-mt-(--shadow-height) has-data-writing-block:pt-(--shadow-height) [&amp;:has([data-writing-block])&gt;*]:pointer-events-auto R6Vx5W_threadScrollVars scroll-mb-[calc(var(--scroll-root-safe-area-inset-bottom,0px)+var(--thread-response-height))] scroll-mt-(--header-height)\" dir=\"auto\" data-turn-id=\"a401a090-1f4c-4849-a76a-762d1a6b42d1\" data-turn-id-container=\"a401a090-1f4c-4849-a76a-762d1a6b42d1\" data-testid=\"conversation-turn-7\" data-scroll-anchor=\"false\" data-turn=\"user\">\n<div class=\"text-base my-auto mx-auto pt-12 [--thread-content-margin:var(--thread-content-margin-xs,calc(var(--spacing)*4))] @w-sm\/main:[--thread-content-margin:var(--thread-content-margin-sm,calc(var(--spacing)*6))] @w-lg\/main:[--thread-content-margin:var(--thread-content-margin-lg,calc(var(--spacing)*16))] px-(--thread-content-margin)\">\n<div class=\"[--thread-content-max-width:40rem] @w-lg\/main:[--thread-content-max-width:48rem] mx-auto max-w-(--thread-content-max-width) flex-1 group\/turn-messages focus-visible:outline-hidden relative flex w-full min-w-0 flex-col\">\n<div class=\"flex max-w-full flex-col gap-4 grow\">\n<div class=\"min-h-8 text-message relative flex w-full flex-col items-end gap-2 text-start break-words whitespace-normal outline-none keyboard-focused:focus-ring [.text-message+&amp;]:mt-1\" dir=\"auto\" data-message-author-role=\"user\" data-message-id=\"a401a090-1f4c-4849-a76a-762d1a6b42d1\">\n<div class=\"flex w-full flex-col gap-1 empty:hidden items-end rtl:items-start\">\n<div class=\"flex flex-col w-fit max-w-(--user-chat-width,70%) items-start self-end rtl:items-end rtl:self-start\">\n<div class=\"user-message-bubble-color corner-superellipse\/0.98 relative min-w-0 overflow-hidden rounded-[22px] px-4 py-2.5 leading-6 w-full\">\n<div class=\"A_HxFq_root\" data-custom-highlighting-behavior=\"boundary\" data-testid=\"collapsible-user-message-root\">\n<div id=\"_r_11a_\" class=\"A_HxFq_content\" data-testid=\"collapsible-user-message-content\"><\/div>\n<\/div>\n<\/div>\n<\/div>\n<\/div>\n<\/div>\n<\/div>\n<\/div>\n<\/div>\n<\/section>\n<\/div>\n<div class=\"relative w-full overflow-visible\">\n<section class=\"text-token-text-primary w-full focus:outline-none [--shadow-height:45px] has-data-writing-block:pointer-events-none has-data-writing-block:-mt-(--shadow-height) has-data-writing-block:pt-(--shadow-height) [&amp;:has([data-writing-block])&gt;*]:pointer-events-auto [content-visibility:auto] supports-[content-visibility:auto]:[contain-intrinsic-size:auto_100lvh] R6Vx5W_threadScrollVars scroll-mb-[calc(var(--scroll-root-safe-area-inset-bottom,0px)+var(--thread-response-height))] scroll-mt-[calc(var(--header-height)+min(200px,max(70px,20svh)))]\" dir=\"auto\" data-turn-id=\"request-WEB:a8126d0c-5192-4e62-83ef-5db778e2cabc-4\" data-turn-id-container=\"request-WEB:a8126d0c-5192-4e62-83ef-5db778e2cabc-4\" data-testid=\"conversation-turn-8\" data-scroll-anchor=\"false\" data-turn=\"assistant\">\n<div class=\"text-base my-auto mx-auto pb-10 [--thread-content-margin:var(--thread-content-margin-xs,calc(var(--spacing)*4))] @w-sm\/main:[--thread-content-margin:var(--thread-content-margin-sm,calc(var(--spacing)*6))] @w-lg\/main:[--thread-content-margin:var(--thread-content-margin-lg,calc(var(--spacing)*16))] px-(--thread-content-margin)\">\n<div class=\"[--thread-content-max-width:40rem] @w-lg\/main:[--thread-content-max-width:48rem] mx-auto max-w-(--thread-content-max-width) flex-1 group\/turn-messages focus-visible:outline-hidden relative flex w-full min-w-0 flex-col agent-turn\">\n<div class=\"flex max-w-full flex-col gap-4 grow\">\n<div class=\"min-h-8 text-message relative flex w-full flex-col items-end gap-2 text-start break-words whitespace-normal outline-none keyboard-focused:focus-ring [.text-message+&amp;]:mt-1\" dir=\"auto\" tabindex=\"0\" data-message-author-role=\"assistant\" data-message-id=\"d1fed620-e376-4357-ac73-dedd31c61e4e\" data-message-model-slug=\"gpt-5-5\" data-turn-start-message=\"true\">\n<div class=\"flex w-full flex-col gap-1 empty:hidden\">\n<div class=\"markdown prose dark:prose-invert wrap-break-word w-full dark markdown-new-styling\">\n<p data-start=\"0\" data-end=\"161\" data-is-last-node=\"\" data-is-only-node=\"\">Maillot ext\u00e9rieur \u00c9gypte 2026\/2027 officiel PUMA : le nouveau maillot des Pharaons pour la Coupe du Monde 2026, entre \u00e9l\u00e9gance, h\u00e9ritage \u00e9gyptien et performance.<\/p>\n<\/div>\n<\/div>\n<\/div>\n<\/div>\n<\/div>\n<\/div>\n<\/section>\n<\/div>\n","protected":false},"excerpt":{"rendered":"<p><span id=\"p33\"><strong><em>Born in Masr made for the World<\/em><\/strong><\/span><\/p>\n<p>Le maillot ext\u00e9rieur de l&rsquo;\u00c9gypte 2026\/27 sign\u00e9 PUMA apporte une vision plus \u00e9l\u00e9gante et minimaliste de l&rsquo;identit\u00e9 des Pharaons. Avec sa base blanche lumineuse rehauss\u00e9e de d\u00e9tails ton sur ton, ce design premium m\u00e9lange h\u00e9ritage \u00e9gyptien, modernit\u00e9 et ADN football culture dans une silhouette ultra propre pens\u00e9e pour la Coupe du Monde 2026.<\/p>\n<p>Dot\u00e9 de la technologie dryCELL pour un confort optimal au quotidien comme les jours de match, ce maillot \u00c9gypte ext\u00e9rieur 2026\/2027 offre une coupe moderne et l\u00e9g\u00e8re parfaite pour repr\u00e9senter les Pharaons partout. Une pi\u00e8ce forte pour les supporters de la s\u00e9lection \u00e9gyptienne et les amoureux des maillots iconiques.<\/p>\n<p><span id=\"p7\"><span id=\"29\" class=\"s-rg\">EFS<\/span><\/span><span id=\"p7\">, vous propose \u00e9videmment de le personnaliser avec le flocage officiel PUMA 26 selon vos envies : <\/span><span id=\"p8\">professional player <\/span><span id=\"p8\"><span id=\"30\">or<\/span><\/span><span id=\"p8\"> as you wish.<\/span><\/p>\n<p><em>NEW :<\/em> Show your support by emblazoning your shirts with the<a href=\"https:\/\/egyptfootballshop.com\/wp-content\/uploads\/2023\/10\/palestine.webp\"> Palestinian flag<\/a> or a <a href=\"https:\/\/egyptfootballshop.com\/wp-content\/uploads\/2024\/01\/palestine5.webp\">Egypt\/Palestine Flag<\/a>. Every purchase counts, and all proceeds will be donated to a local charity working in the field.<\/p>\n<p><span id=\"p9\"><strong>Features and Benefits:<\/strong><\/span><\/p>\n<ul>\n<li><span id=\"p10\">Cup :<\/span><span id=\"p11\">\u00a0<\/span><span id=\"p11\"><span id=\"19\" class=\"s-rg\">SLIM<\/span><\/span><span id=\"p11\">\u00a0<\/span><span id=\"p11\"><span id=\"20\" class=\"s-bl\">FIT<\/span><\/span><\/li>\n<li><span id=\"p12\">Technology\u00a0<\/span><span id=\"p12\"><span id=\"21\" class=\"s-rg\">DRYCELL\u00ae<\/span><\/span><\/li>\n<li><span id=\"p13\"><span id=\"22\" class=\"s-bl\">100%<\/span><\/span><span id=\"p13\"> Polyester<\/span><\/li>\n<\/ul>\n<p><span id=\"p14\"><strong>Care instructions:<\/strong><\/span><\/p>\n<ul>\n<li><span id=\"p15\">Do not tumble dry<\/span><\/li>\n<li><span id=\"p16\">Iron inside out.<\/span><\/li>\n<li><span id=\"p17\">Machine washable\u00a0<\/span><span id=\"p17\"><span id=\"23\">30\u00b0C<\/span><\/span><span id=\"p17\">with similar colours.<\/span><\/li>\n<\/ul>","protected":false},"featured_media":22601,"template":"","meta":[],"product_brand":[],"product_cat":[724,372],"product_tag":[572,559,555,568],"class_list":{"0":"post-22594","1":"product","2":"type-product","3":"status-publish","4":"has-post-thumbnail","6":"product_cat-bf20","7":"product_cat-faegypt","8":"product_tag-efa","9":"product_tag-maillot","10":"product_tag-new","11":"product_tag-puma","13":"first","14":"instock","15":"featured","16":"shipping-taxable","17":"purchasable","18":"product-type-variable"},"exclude_global_add_ons":false,"addons":[{"name":"Predefined flocking","type":"multiple_choice","position":0,"required":false,"title_format":"label","default":"","description_enable":false,"description":"","placeholder_enable":false,"placeholder":"","display":"select","restrictions_type":"any_text","adjust_price":false,"price":"","price_type":"flat_fee","restrictions":false,"min":"0","max":"0","options":[{"label":"M.SALAH 10","price":"7","price_type":"flat_fee","image":0,"visibility":true},{"label":"M.MOHAMED 11","price":"7","price_type":"flat_fee","image":0,"visibility":true},{"label":"E.ASHOUR 8","price":"7","price_type":"flat_fee","image":0,"visibility":true},{"label":"MARMOUSH 22","price":"7","price_type":"flat_fee","image":0,"visibility":true},{"label":"M.TREZEGUET 7","price":"7","price_type":"flat_fee","image":0,"visibility":true},{"label":"M.ABDELMONEM 6","price":"7","price_type":"flat_fee","image":0,"visibility":true}],"id":1735166877},{"name":"Name and number","type":"custom_text","position":1,"required":false,"title_format":"label","default":"","description_enable":false,"description":"","placeholder_enable":false,"placeholder":"","display":"select","restrictions_type":"any_text","adjust_price":true,"price":"7","price_type":"flat_fee","restrictions":true,"min":"0","max":"999","options":[],"id":1735174865},{"name":"Palestine option","type":"multiple_choice","position":2,"required":false,"title_format":"label","default":"","description_enable":true,"description":"On the front of the shirt","placeholder_enable":false,"placeholder":"","display":"select","restrictions_type":"any_text","adjust_price":false,"price":"","price_type":"flat_fee","restrictions":false,"min":"0","max":"0","options":[{"label":"Drapeau Palestine","price":"3","price_type":"flat_fee","image":0,"visibility":true},{"label":"Drapeau \u00c9gypte\/Palestine","price":"3","price_type":"flat_fee","image":0,"visibility":true}],"id":1735174916},{"name":"PATCH WC","type":"checkbox","position":3,"required":false,"title_format":"label","default":"","description_enable":false,"description":"","placeholder_enable":false,"placeholder":"","display":"select","restrictions_type":"any_text","adjust_price":false,"price":"","price_type":"flat_fee","restrictions":false,"min":"0","max":"0","options":[{"label":"World Cup","price":"5","price_type":"flat_fee","image":0,"visibility":true}],"id":1767358906},{"name":"Flocking (name and number)","type":"custom_text","position":0,"required":false,"title_format":"heading","default":"","description_enable":false,"description":"","placeholder_enable":false,"placeholder":"","display":"select","restrictions_type":"any_text","adjust_price":true,"price":"10","price_type":"flat_fee","restrictions":true,"min":"0","max":"12","options":[]},{"name":"Personnalisation","type":"custom_text","position":1,"required":false,"title_format":"heading","default":"","description_enable":false,"description":"","placeholder_enable":false,"placeholder":"","display":"select","restrictions_type":"any_text","adjust_price":true,"price":"2","price_type":"flat_fee","restrictions":true,"min":"0","max":"2","options":[]}],"_links":{"self":[{"href":"https:\/\/egyptfootballshop.com\/en\/wp-json\/wp\/v2\/product\/22594","targetHints":{"allow":["GET"]}}],"collection":[{"href":"https:\/\/egyptfootballshop.com\/en\/wp-json\/wp\/v2\/product"}],"about":[{"href":"https:\/\/egyptfootballshop.com\/en\/wp-json\/wp\/v2\/types\/product"}],"wp:featuredmedia":[{"embeddable":true,"href":"https:\/\/egyptfootballshop.com\/en\/wp-json\/wp\/v2\/media\/22601"}],"wp:attachment":[{"href":"https:\/\/egyptfootballshop.com\/en\/wp-json\/wp\/v2\/media?parent=22594"}],"wp:term":[{"taxonomy":"product_brand","embeddable":true,"href":"https:\/\/egyptfootballshop.com\/en\/wp-json\/wp\/v2\/product_brand?post=22594"},{"taxonomy":"product_cat","embeddable":true,"href":"https:\/\/egyptfootballshop.com\/en\/wp-json\/wp\/v2\/product_cat?post=22594"},{"taxonomy":"product_tag","embeddable":true,"href":"https:\/\/egyptfootballshop.com\/en\/wp-json\/wp\/v2\/product_tag?post=22594"}],"curies":[{"name":"wp","href":"https:\/\/api.w.org\/{rel}","templated":true}]}}